{"id":1127,"date":"2015-03-27T18:40:33","date_gmt":"2015-03-27T17:40:33","guid":{"rendered":"http:\/\/www.superhumanoid.info\/superblog\/?page_id=1127"},"modified":"2015-03-27T18:43:22","modified_gmt":"2015-03-27T17:43:22","slug":"schreibe-fuer-die-leser-gastautor-bzw-gastbeitraege-auf-superhumanoid-info","status":"publish","type":"page","link":"https:\/\/superhumanoid.info\/superblog\/schreibe-fuer-die-leser-gastautor-bzw-gastbeitraege-auf-superhumanoid-info\/","title":{"rendered":"Schreibe f\u00fcr die Leser \u2013 Gastautor bzw. Gastbeitr\u00e4ge auf superhumanoid.info"},"content":{"rendered":"<p><figure id=\"attachment_1128\" aria-describedby=\"caption-attachment-1128\" style=\"width: 512px\" class=\"wp-caption aligncenter\"><a href=\"https:\/\/i0.wp.com\/www.superhumanoid.info\/superblog\/wp-content\/uploads\/gastautor-gastbeitrag-superhumanoid-info.jpg\"><img data-recalc-dims=\"1\" loading=\"lazy\" decoding=\"async\" src=\"https:\/\/i0.wp.com\/www.superhumanoid.info\/superblog\/wp-content\/uploads\/gastautor-gastbeitrag-superhumanoid-info.jpg?resize=512%2C342\" alt=\"Gastautor sein\" width=\"512\" height=\"342\" class=\"size-full wp-image-1128\" srcset=\"https:\/\/i0.wp.com\/superhumanoid.info\/superblog\/wp-content\/uploads\/gastautor-gastbeitrag-superhumanoid-info.jpg?w=512&amp;ssl=1 512w, https:\/\/i0.wp.com\/superhumanoid.info\/superblog\/wp-content\/uploads\/gastautor-gastbeitrag-superhumanoid-info.jpg?resize=300%2C200&amp;ssl=1 300w, https:\/\/i0.wp.com\/superhumanoid.info\/superblog\/wp-content\/uploads\/gastautor-gastbeitrag-superhumanoid-info.jpg?resize=50%2C33&amp;ssl=1 50w\" sizes=\"auto, (max-width: 512px) 100vw, 512px\" \/><\/a><figcaption id=\"caption-attachment-1128\" class=\"wp-caption-text\">Gastautor sein<\/figcaption><\/figure><b>Du findest, dass auf superhumanoid.info noch einige interessante Themen und Beitr\u00e4ge fehlen?<\/b><\/p>\n<p>Deswegen willst Du auch etwas dazu beitragen als Gastautor und die L\u00fccken mit Deinen eigenen Artikeln f\u00fcllen?<\/p>\n<p>Du schreibst gelegentlich und gerne, willst aber nicht keinen eigenen Blog aufbauen sondern einfach nur Deine Nachricht ver\u00f6ffentlichen?<\/p>\n<p>Du hast eine interessante Geschichte f\u00fcr die Leser zu erz\u00e4hlen oder willst die Reichweite Deines Projekts erh\u00f6hen?<\/p>\n<p>Du kannst, musst aber kein Mediziner oder studierter Ern\u00e4hrungswissenschaftler sein. Du solltest allerdings bewiesen haben, dass Du Dich in deinem jeweiligen Fachgebiet auskennst (eigener Blog, andere Ver\u00f6ffentlichungen, Beruf, Hobby).<\/p>\n<h4>Du bist hier herzlich willkommen!<\/h4>\n<p><strong>Ich bin immer auf der Suche nach neuen interessanten Artikeln, interessanten Geschichten und Gastautoren.<\/strong><\/p>\n<p>Wenn Deine Kompentenz zu superhumanoid.info passt und Du ebenfalls das Thema Paleo in Deutschland vorantreiben willst, dann schreib mir doch einfach. Eventuell hast Du ja auch eine \u00e4hnliche Geschichte wie ich hinter Dir und m\u00f6chtest diese der deutschsprachigen Welt mitteilen.<\/p>\n<p><strong>Ich freue mich sehr \u00fcber neue Blickwinkel und Erfahrungen. Du hast die interessante M\u00f6glichkeit Teil der Paleo Bewegung im deutschsprachigen Raum zu sein.<\/strong><\/p>\n<p><strong><a href=\"mailto:pawel.konefal@googlemail.com?subject=Spezifische Anfrage bzgl. Gastbeitr\u00e4ge oder Gastautor auf superhumanoid.info\" title=\"mailto:pawel.konefal@googlemail.com?subject=Spezifische Anfrage bzgl. Gastbeitr\u00e4ge oder Gastautor auf superhumanoid.info\">Teil mir doch Deine Idee bzw. dein Thema f\u00fcr einen Beitrag mit<\/a> oder reiche den bereits fertigen Beitrag bei mir ein.<\/strong><\/p>\n<h4>Vorteile f\u00fcr Dich?<\/h4>\n<li>Du kannst eine gro\u00dfe Leserschaft in einem der \u00e4ltesten deutschsprachigen Blogs zum Thema erreichen<\/li>\n<li>Du kannst Deine Nachricht transportieren und Dein Name bzw. Profil steht im Blogbeitrag<\/li>\n<li>Du kannst gerne auch Dein interessantes Projekt im Beitrag bewerben<\/li>\n<li>Du kannst auf Deine Projekte und Seiten verlinken<\/li>\n<h4>Weiteres:<\/h4>\n<li>Die L\u00e4nge sollte mindestens 500 W\u00f6rter betragen<\/li>\n<li>Artikelserien sind sehr willkommen<\/li>\n<li>Erfolgsgeschichten sind sehr willkommen<\/li>\n<li>Du darfst den Artikel gern auch leicht modifiziert im eigenen Blog verwenden, jedoch nicht als Gastbeitrag auf anderen Blogs<\/li>\n<li>Allerdings keine stupiden Werbe-Artikel.<\/li>\n<p><strong>Willkommen sind u.a. Themen wie Evolution\u00e4re Gesundheit<\/strong>, Ern\u00e4hrung, Fitness, Gehirnfitness, Selbstverbesserung, Spiritualit\u00e4t, Produktivit\u00e4t, Rezepte, Alternativen zu konventionellen Produkten, Produkttests und Fachartikel. Am besten <strong>im Paleo-Kontext<\/strong> (auch LCHF, ketogene Ern\u00e4hrung etc.) <strong>aber auch kritische Artikel zu Paleo sind sehr willkommen.<\/strong><\/p>\n<p><strong>Du bist interessiert?<\/strong><strong> <a href=\"mailto:pawel.konefal@googlemail.com?subject=Spezifische Anfrage bzgl. Gastbeitr\u00e4ge oder Gastautor auf superhumanoid.info\" title=\"mailto:pawel.konefal@googlemail.com?subject=Spezifische Anfrage bzgl. Gastbeitr\u00e4ge oder Gastautor auf superhumanoid.info\">Dann schreib mir jetzt und bewirb Dich und Dein Thema.<\/a><\/strong><\/p>\n<p><small>PS: KOOPERATIONEN UND ANFRAGEN<br \/>\nICH BIN IMMER F\u00dcR NEUE VORSCHL\u00c4GE OFFEN. FALLS DU EINE IDEE HAST, DANN SCHREIB MIR DOCH EINFACH EINE NACHRICHT.<br \/>\nEGAL OB ES SICH UM INTERVIEWS, GASTBEITR\u00c4GE ODER DAS SCHALTEN VON ANZEIGEN HANDELT.<br \/>\nICH FREUE MICH VON DIR ZU H\u00d6REN!<\/small><\/p>\n<p><small>Quellen: Images: http:\/\/pixabay.com\/de\/<br \/>\nLizenz: CC0 Public Domain \/ FAQ<br \/>\nFreie kommerzielle Nutzung \/ Kein Bildnachweis n\u00f6tig<\/small><\/p>\n","protected":false},"excerpt":{"rendered":"<p>Du findest, dass auf superhumanoid.info noch einige interessante Themen und Beitr\u00e4ge fehlen? Deswegen willst Du auch etwas dazu beitragen als Gastautor und die L\u00fccken mit Deinen eigenen Artikeln f\u00fcllen? Du&#8230;<\/p>\n","protected":false},"author":1,"featured_media":1128,"parent":0,"menu_order":0,"comment_status":"open","ping_status":"open","template":"","meta":{"jetpack_post_was_ever_published":false,"footnotes":"","_links_to":"","_links_to_target":""},"class_list":["post-1127","page","type-page","status-publish","has-post-thumbnail","hentry","entry"],"yoast_head":"<!-- This site is optimized with the Yoast SEO plugin v27.2 - https:\/\/yoast.com\/product\/yoast-seo-wordpress\/ -->\n<title>Schreibe f\u00fcr die Leser \u2013 Gastautor bzw. Gastbeitr\u00e4ge auf superhumanoid.info - superhumanoid.info blog<\/title>\n<meta name=\"description\" content=\"Gastautor werden! Mit Themen wie Evolution\u00e4re Gesundheit, Ern\u00e4hrung, Fitness, Gehirnfitness, Selbstverbesserung, Spiritualit\u00e4t, Rezepte, Produkttests uvm...\" \/>\n<meta name=\"robots\" content=\"index, follow, max-snippet:-1, max-image-preview:large, max-video-preview:-1\" \/>\n<link rel=\"canonical\" href=\"https:\/\/superhumanoid.info\/superblog\/schreibe-fuer-die-leser-gastautor-bzw-gastbeitraege-auf-superhumanoid-info\/\" \/>\n<meta property=\"og:locale\" content=\"de_DE\" \/>\n<meta property=\"og:type\" content=\"article\" \/>\n<meta property=\"og:title\" content=\"Schreibe f\u00fcr die Leser \u2013 Gastautor bzw. Gastbeitr\u00e4ge auf superhumanoid.info - superhumanoid.info blog\" \/>\n<meta property=\"og:description\" content=\"Gastautor werden! Mit Themen wie Evolution\u00e4re Gesundheit, Ern\u00e4hrung, Fitness, Gehirnfitness, Selbstverbesserung, Spiritualit\u00e4t, Rezepte, Produkttests uvm...\" \/>\n<meta property=\"og:url\" content=\"https:\/\/superhumanoid.info\/superblog\/schreibe-fuer-die-leser-gastautor-bzw-gastbeitraege-auf-superhumanoid-info\/\" \/>\n<meta property=\"og:site_name\" content=\"superhumanoid.info blog\" \/>\n<meta property=\"article:publisher\" content=\"https:\/\/www.facebook.com\/superhumanoid.info\" \/>\n<meta property=\"article:modified_time\" content=\"2015-03-27T17:43:22+00:00\" \/>\n<meta property=\"og:image\" content=\"https:\/\/i0.wp.com\/superhumanoid.info\/superblog\/wp-content\/uploads\/gastautor-gastbeitrag-superhumanoid-info.jpg?fit=512%2C342&ssl=1\" \/>\n\t<meta property=\"og:image:width\" content=\"512\" \/>\n\t<meta property=\"og:image:height\" content=\"342\" \/>\n\t<meta property=\"og:image:type\" content=\"image\/jpeg\" \/>\n<meta name=\"twitter:label1\" content=\"Gesch\u00e4tzte Lesezeit\" \/>\n\t<meta name=\"twitter:data1\" content=\"2\u00a0Minuten\" \/>\n<script type=\"application\/ld+json\" class=\"yoast-schema-graph\">{\"@context\":\"https:\/\/schema.org\",\"@graph\":[{\"@type\":\"WebPage\",\"@id\":\"https:\/\/superhumanoid.info\/superblog\/schreibe-fuer-die-leser-gastautor-bzw-gastbeitraege-auf-superhumanoid-info\/\",\"url\":\"https:\/\/superhumanoid.info\/superblog\/schreibe-fuer-die-leser-gastautor-bzw-gastbeitraege-auf-superhumanoid-info\/\",\"name\":\"Schreibe f\u00fcr die Leser \u2013 Gastautor bzw. Gastbeitr\u00e4ge auf superhumanoid.info - superhumanoid.info blog\",\"isPartOf\":{\"@id\":\"https:\/\/superhumanoid.info\/superblog\/#website\"},\"primaryImageOfPage\":{\"@id\":\"https:\/\/superhumanoid.info\/superblog\/schreibe-fuer-die-leser-gastautor-bzw-gastbeitraege-auf-superhumanoid-info\/#primaryimage\"},\"image\":{\"@id\":\"https:\/\/superhumanoid.info\/superblog\/schreibe-fuer-die-leser-gastautor-bzw-gastbeitraege-auf-superhumanoid-info\/#primaryimage\"},\"thumbnailUrl\":\"https:\/\/i0.wp.com\/superhumanoid.info\/superblog\/wp-content\/uploads\/gastautor-gastbeitrag-superhumanoid-info.jpg?fit=512%2C342&ssl=1\",\"datePublished\":\"2015-03-27T17:40:33+00:00\",\"dateModified\":\"2015-03-27T17:43:22+00:00\",\"description\":\"Gastautor werden! Mit Themen wie Evolution\u00e4re Gesundheit, Ern\u00e4hrung, Fitness, Gehirnfitness, Selbstverbesserung, Spiritualit\u00e4t, Rezepte, Produkttests uvm...\",\"breadcrumb\":{\"@id\":\"https:\/\/superhumanoid.info\/superblog\/schreibe-fuer-die-leser-gastautor-bzw-gastbeitraege-auf-superhumanoid-info\/#breadcrumb\"},\"inLanguage\":\"de\",\"potentialAction\":[{\"@type\":\"ReadAction\",\"target\":[\"https:\/\/superhumanoid.info\/superblog\/schreibe-fuer-die-leser-gastautor-bzw-gastbeitraege-auf-superhumanoid-info\/\"]}]},{\"@type\":\"ImageObject\",\"inLanguage\":\"de\",\"@id\":\"https:\/\/superhumanoid.info\/superblog\/schreibe-fuer-die-leser-gastautor-bzw-gastbeitraege-auf-superhumanoid-info\/#primaryimage\",\"url\":\"https:\/\/i0.wp.com\/superhumanoid.info\/superblog\/wp-content\/uploads\/gastautor-gastbeitrag-superhumanoid-info.jpg?fit=512%2C342&ssl=1\",\"contentUrl\":\"https:\/\/i0.wp.com\/superhumanoid.info\/superblog\/wp-content\/uploads\/gastautor-gastbeitrag-superhumanoid-info.jpg?fit=512%2C342&ssl=1\",\"width\":512,\"height\":342,\"caption\":\"Gastautor sein\"},{\"@type\":\"BreadcrumbList\",\"@id\":\"https:\/\/superhumanoid.info\/superblog\/schreibe-fuer-die-leser-gastautor-bzw-gastbeitraege-auf-superhumanoid-info\/#breadcrumb\",\"itemListElement\":[{\"@type\":\"ListItem\",\"position\":1,\"name\":\"Startseite\",\"item\":\"https:\/\/superhumanoid.info\/superblog\/\"},{\"@type\":\"ListItem\",\"position\":2,\"name\":\"Schreibe f\u00fcr die Leser \u2013 Gastautor bzw. Gastbeitr\u00e4ge auf superhumanoid.info\"}]},{\"@type\":\"WebSite\",\"@id\":\"https:\/\/superhumanoid.info\/superblog\/#website\",\"url\":\"https:\/\/superhumanoid.info\/superblog\/\",\"name\":\"superhumanoid.info blog\",\"description\":\"Evolution\u00e4re Gesundheit mit Paleo\",\"publisher\":{\"@id\":\"https:\/\/superhumanoid.info\/superblog\/#organization\"},\"potentialAction\":[{\"@type\":\"SearchAction\",\"target\":{\"@type\":\"EntryPoint\",\"urlTemplate\":\"https:\/\/superhumanoid.info\/superblog\/?s={search_term_string}\"},\"query-input\":{\"@type\":\"PropertyValueSpecification\",\"valueRequired\":true,\"valueName\":\"search_term_string\"}}],\"inLanguage\":\"de\"},{\"@type\":\"Organization\",\"@id\":\"https:\/\/superhumanoid.info\/superblog\/#organization\",\"name\":\"superhumanoid.info blog\",\"url\":\"https:\/\/superhumanoid.info\/superblog\/\",\"logo\":{\"@type\":\"ImageObject\",\"inLanguage\":\"de\",\"@id\":\"https:\/\/superhumanoid.info\/superblog\/#\/schema\/logo\/image\/\",\"url\":\"https:\/\/i0.wp.com\/superhumanoid.info\/superblog\/wp-content\/uploads\/cropped-superhumanoid-info-logo-small.png?fit=260%2C60&ssl=1\",\"contentUrl\":\"https:\/\/i0.wp.com\/superhumanoid.info\/superblog\/wp-content\/uploads\/cropped-superhumanoid-info-logo-small.png?fit=260%2C60&ssl=1\",\"width\":260,\"height\":60,\"caption\":\"superhumanoid.info blog\"},\"image\":{\"@id\":\"https:\/\/superhumanoid.info\/superblog\/#\/schema\/logo\/image\/\"},\"sameAs\":[\"https:\/\/www.facebook.com\/superhumanoid.info\",\"https:\/\/x.com\/super_humanoid\",\"http:\/\/www.instagram.com\/superhumanoid.info\",\"http:\/\/pinterest.com\/super_humanoid\",\"http:\/\/www.youtube.com\/SuperhumanoidInfo\"]}]}<\/script>\n<!-- \/ Yoast SEO plugin. -->","yoast_head_json":{"title":"Schreibe f\u00fcr die Leser \u2013 Gastautor bzw. Gastbeitr\u00e4ge auf superhumanoid.info - superhumanoid.info blog","description":"Gastautor werden! Mit Themen wie Evolution\u00e4re Gesundheit, Ern\u00e4hrung, Fitness, Gehirnfitness, Selbstverbesserung, Spiritualit\u00e4t, Rezepte, Produkttests uvm...","robots":{"index":"index","follow":"follow","max-snippet":"max-snippet:-1","max-image-preview":"max-image-preview:large","max-video-preview":"max-video-preview:-1"},"canonical":"https:\/\/superhumanoid.info\/superblog\/schreibe-fuer-die-leser-gastautor-bzw-gastbeitraege-auf-superhumanoid-info\/","og_locale":"de_DE","og_type":"article","og_title":"Schreibe f\u00fcr die Leser \u2013 Gastautor bzw. Gastbeitr\u00e4ge auf superhumanoid.info - superhumanoid.info blog","og_description":"Gastautor werden! Mit Themen wie Evolution\u00e4re Gesundheit, Ern\u00e4hrung, Fitness, Gehirnfitness, Selbstverbesserung, Spiritualit\u00e4t, Rezepte, Produkttests uvm...","og_url":"https:\/\/superhumanoid.info\/superblog\/schreibe-fuer-die-leser-gastautor-bzw-gastbeitraege-auf-superhumanoid-info\/","og_site_name":"superhumanoid.info blog","article_publisher":"https:\/\/www.facebook.com\/superhumanoid.info","article_modified_time":"2015-03-27T17:43:22+00:00","og_image":[{"width":512,"height":342,"url":"https:\/\/i0.wp.com\/superhumanoid.info\/superblog\/wp-content\/uploads\/gastautor-gastbeitrag-superhumanoid-info.jpg?fit=512%2C342&ssl=1","type":"image\/jpeg"}],"twitter_misc":{"Gesch\u00e4tzte Lesezeit":"2\u00a0Minuten"},"schema":{"@context":"https:\/\/schema.org","@graph":[{"@type":"WebPage","@id":"https:\/\/superhumanoid.info\/superblog\/schreibe-fuer-die-leser-gastautor-bzw-gastbeitraege-auf-superhumanoid-info\/","url":"https:\/\/superhumanoid.info\/superblog\/schreibe-fuer-die-leser-gastautor-bzw-gastbeitraege-auf-superhumanoid-info\/","name":"Schreibe f\u00fcr die Leser \u2013 Gastautor bzw. Gastbeitr\u00e4ge auf superhumanoid.info - superhumanoid.info blog","isPartOf":{"@id":"https:\/\/superhumanoid.info\/superblog\/#website"},"primaryImageOfPage":{"@id":"https:\/\/superhumanoid.info\/superblog\/schreibe-fuer-die-leser-gastautor-bzw-gastbeitraege-auf-superhumanoid-info\/#primaryimage"},"image":{"@id":"https:\/\/superhumanoid.info\/superblog\/schreibe-fuer-die-leser-gastautor-bzw-gastbeitraege-auf-superhumanoid-info\/#primaryimage"},"thumbnailUrl":"https:\/\/i0.wp.com\/superhumanoid.info\/superblog\/wp-content\/uploads\/gastautor-gastbeitrag-superhumanoid-info.jpg?fit=512%2C342&ssl=1","datePublished":"2015-03-27T17:40:33+00:00","dateModified":"2015-03-27T17:43:22+00:00","description":"Gastautor werden! Mit Themen wie Evolution\u00e4re Gesundheit, Ern\u00e4hrung, Fitness, Gehirnfitness, Selbstverbesserung, Spiritualit\u00e4t, Rezepte, Produkttests uvm...","breadcrumb":{"@id":"https:\/\/superhumanoid.info\/superblog\/schreibe-fuer-die-leser-gastautor-bzw-gastbeitraege-auf-superhumanoid-info\/#breadcrumb"},"inLanguage":"de","potentialAction":[{"@type":"ReadAction","target":["https:\/\/superhumanoid.info\/superblog\/schreibe-fuer-die-leser-gastautor-bzw-gastbeitraege-auf-superhumanoid-info\/"]}]},{"@type":"ImageObject","inLanguage":"de","@id":"https:\/\/superhumanoid.info\/superblog\/schreibe-fuer-die-leser-gastautor-bzw-gastbeitraege-auf-superhumanoid-info\/#primaryimage","url":"https:\/\/i0.wp.com\/superhumanoid.info\/superblog\/wp-content\/uploads\/gastautor-gastbeitrag-superhumanoid-info.jpg?fit=512%2C342&ssl=1","contentUrl":"https:\/\/i0.wp.com\/superhumanoid.info\/superblog\/wp-content\/uploads\/gastautor-gastbeitrag-superhumanoid-info.jpg?fit=512%2C342&ssl=1","width":512,"height":342,"caption":"Gastautor sein"},{"@type":"BreadcrumbList","@id":"https:\/\/superhumanoid.info\/superblog\/schreibe-fuer-die-leser-gastautor-bzw-gastbeitraege-auf-superhumanoid-info\/#breadcrumb","itemListElement":[{"@type":"ListItem","position":1,"name":"Startseite","item":"https:\/\/superhumanoid.info\/superblog\/"},{"@type":"ListItem","position":2,"name":"Schreibe f\u00fcr die Leser \u2013 Gastautor bzw. Gastbeitr\u00e4ge auf superhumanoid.info"}]},{"@type":"WebSite","@id":"https:\/\/superhumanoid.info\/superblog\/#website","url":"https:\/\/superhumanoid.info\/superblog\/","name":"superhumanoid.info blog","description":"Evolution\u00e4re Gesundheit mit Paleo","publisher":{"@id":"https:\/\/superhumanoid.info\/superblog\/#organization"},"potentialAction":[{"@type":"SearchAction","target":{"@type":"EntryPoint","urlTemplate":"https:\/\/superhumanoid.info\/superblog\/?s={search_term_string}"},"query-input":{"@type":"PropertyValueSpecification","valueRequired":true,"valueName":"search_term_string"}}],"inLanguage":"de"},{"@type":"Organization","@id":"https:\/\/superhumanoid.info\/superblog\/#organization","name":"superhumanoid.info blog","url":"https:\/\/superhumanoid.info\/superblog\/","logo":{"@type":"ImageObject","inLanguage":"de","@id":"https:\/\/superhumanoid.info\/superblog\/#\/schema\/logo\/image\/","url":"https:\/\/i0.wp.com\/superhumanoid.info\/superblog\/wp-content\/uploads\/cropped-superhumanoid-info-logo-small.png?fit=260%2C60&ssl=1","contentUrl":"https:\/\/i0.wp.com\/superhumanoid.info\/superblog\/wp-content\/uploads\/cropped-superhumanoid-info-logo-small.png?fit=260%2C60&ssl=1","width":260,"height":60,"caption":"superhumanoid.info blog"},"image":{"@id":"https:\/\/superhumanoid.info\/superblog\/#\/schema\/logo\/image\/"},"sameAs":["https:\/\/www.facebook.com\/superhumanoid.info","https:\/\/x.com\/super_humanoid","http:\/\/www.instagram.com\/superhumanoid.info","http:\/\/pinterest.com\/super_humanoid","http:\/\/www.youtube.com\/SuperhumanoidInfo"]}]}},"jetpack_shortlink":"https:\/\/wp.me\/P4PQdV-ib","jetpack_sharing_enabled":true,"_links":{"self":[{"href":"https:\/\/superhumanoid.info\/superblog\/wp-json\/wp\/v2\/pages\/1127","targetHints":{"allow":["GET"]}}],"collection":[{"href":"https:\/\/superhumanoid.info\/superblog\/wp-json\/wp\/v2\/pages"}],"about":[{"href":"https:\/\/superhumanoid.info\/superblog\/wp-json\/wp\/v2\/types\/page"}],"author":[{"embeddable":true,"href":"https:\/\/superhumanoid.info\/superblog\/wp-json\/wp\/v2\/users\/1"}],"replies":[{"embeddable":true,"href":"https:\/\/superhumanoid.info\/superblog\/wp-json\/wp\/v2\/comments?post=1127"}],"version-history":[{"count":0,"href":"https:\/\/superhumanoid.info\/superblog\/wp-json\/wp\/v2\/pages\/1127\/revisions"}],"wp:featuredmedia":[{"embeddable":true,"href":"https:\/\/superhumanoid.info\/superblog\/wp-json\/wp\/v2\/media\/1128"}],"wp:attachment":[{"href":"https:\/\/superhumanoid.info\/superblog\/wp-json\/wp\/v2\/media?parent=1127"}],"curies":[{"name":"wp","href":"https:\/\/api.w.org\/{rel}","templated":true}]}}