{"id":1748,"date":"2015-08-09T18:51:35","date_gmt":"2015-08-09T16:51:35","guid":{"rendered":"http:\/\/www.superhumanoid.info\/superblog\/?page_id=1748"},"modified":"2015-08-16T06:42:38","modified_gmt":"2015-08-16T04:42:38","slug":"speaker-und-experte-buchen-sie-mich-als-redner-fuer-ihr-event","status":"publish","type":"page","link":"https:\/\/superhumanoid.info\/superblog\/speaker-und-experte-buchen-sie-mich-als-redner-fuer-ihr-event\/","title":{"rendered":"Speaker und Experte &#8211; Buchen Sie mich als Redner f\u00fcr Ihr Event"},"content":{"rendered":"<h2><a href=\"https:\/\/i0.wp.com\/www.superhumanoid.info\/superblog\/wp-content\/uploads\/symposium_small.jpg\"><img data-recalc-dims=\"1\" loading=\"lazy\" decoding=\"async\" class=\"aligncenter size-categories wp-image-1802\" src=\"https:\/\/i0.wp.com\/www.superhumanoid.info\/superblog\/wp-content\/uploads\/symposium_small-375x187.jpg?resize=375%2C187\" alt=\"symposium_small\" width=\"375\" height=\"187\" srcset=\"https:\/\/i0.wp.com\/superhumanoid.info\/superblog\/wp-content\/uploads\/symposium_small.jpg?resize=375%2C187&amp;ssl=1 375w, https:\/\/i0.wp.com\/superhumanoid.info\/superblog\/wp-content\/uploads\/symposium_small.jpg?resize=270%2C134&amp;ssl=1 270w, https:\/\/i0.wp.com\/superhumanoid.info\/superblog\/wp-content\/uploads\/symposium_small.jpg?zoom=2&amp;resize=375%2C187&amp;ssl=1 750w\" sizes=\"auto, (max-width: 375px) 100vw, 375px\" \/><\/a><a href=\"https:\/\/i0.wp.com\/www.superhumanoid.info\/superblog\/wp-content\/uploads\/summit_small.jpg\"><img data-recalc-dims=\"1\" loading=\"lazy\" decoding=\"async\" class=\"aligncenter size-categories wp-image-1801\" src=\"https:\/\/i0.wp.com\/www.superhumanoid.info\/superblog\/wp-content\/uploads\/summit_small-375x187.jpg?resize=375%2C187\" alt=\"summit_small\" width=\"375\" height=\"187\" srcset=\"https:\/\/i0.wp.com\/superhumanoid.info\/superblog\/wp-content\/uploads\/summit_small.jpg?resize=375%2C187&amp;ssl=1 375w, https:\/\/i0.wp.com\/superhumanoid.info\/superblog\/wp-content\/uploads\/summit_small.jpg?resize=270%2C134&amp;ssl=1 270w, https:\/\/i0.wp.com\/superhumanoid.info\/superblog\/wp-content\/uploads\/summit_small.jpg?zoom=2&amp;resize=375%2C187&amp;ssl=1 750w\" sizes=\"auto, (max-width: 375px) 100vw, 375px\" \/><\/a><\/h2>\n<h2>Begeisternde Reden f\u00fcr Ihre Veranstaltung<\/h2>\n<p>M\u00f6chten Sie ihre B\u00fchne gerne mit mir teilen? Das freut mich sehr! Vielen Dank!<\/p>\n<p dir=\"ltr\">Ich bin Autor, Blogger, Redner bzw. Speaker, Sidepreneur\u00a0und die Autorit\u00e4t im Bereich &#8222;Abnehmen mit Paleo&#8220; und der &#8222;Paleo Gehirn-Pflege&#8220;.<\/p>\n<p dir=\"ltr\">Und ich bin vor allem eines: Ein lebenslanger Lerner und Selbst-Verbesserer.<\/p>\n<p dir=\"ltr\">Sie haben eine Veranstaltung und suchen einen kompetenten Redner\u00a0in den oben genannten Gebieten?<\/p>\n<p dir=\"ltr\">Sehr gerne stehe ich Ihnen zur Verf\u00fcgung. Meine Leidenschaft ist es Ihnen\u00a0zu helfen Ihren\u00a0eigenen Weg zu finden.<\/p>\n<p>F\u00fcr die h\u00f6chste Zufriedenheit Ihrer Teilnehmer, der geladenen G\u00e4ste und den Erfolg Ihrer Veranstaltung ist die Qualit\u00e4t der Vortr\u00e4ge und Reden von entscheidender Bedeutung. Exzellente Redner und Speaker geben wertvolle Impulse, vermitteln interessantes Wissen und faszinieren das Auditorium auf ihre individuelle Art und Weise.<\/p>\n<p>Durch begeisternde <strong>Redner bzw.\u00a0Speaker<\/strong> wird Ihr Event auch nachhaltig wirksam. Denn sie tragen dazu bei, dass <strong>Veranstaltung<\/strong> und Veranstalter bei den Teilnehmern lange und positiv in Erinnerung bleiben. Gerne auch in einem <strong>Seminar<\/strong> oder als <strong>Webinar<\/strong>.<\/p>\n<p><strong>Ich bin f\u00fcr Sie da!\u00a0Erfahren Sie <a href=\"http:\/\/www.superhumanoid.info\/superblog\/autor-pawel-konefal\/\">hier<\/a> mehr \u00fcber mich.<\/strong><\/p>\n<p><img data-recalc-dims=\"1\" loading=\"lazy\" decoding=\"async\" class=\" wp-image-1757\" src=\"https:\/\/i0.wp.com\/www.superhumanoid.info\/superblog\/wp-content\/uploads\/original-142078_1280.jpg?resize=46%2C65\" alt=\"Das Original\" width=\"46\" height=\"65\" srcset=\"https:\/\/i0.wp.com\/superhumanoid.info\/superblog\/wp-content\/uploads\/original-142078_1280.jpg?w=905&amp;ssl=1 905w, https:\/\/i0.wp.com\/superhumanoid.info\/superblog\/wp-content\/uploads\/original-142078_1280.jpg?resize=212%2C300&amp;ssl=1 212w, https:\/\/i0.wp.com\/superhumanoid.info\/superblog\/wp-content\/uploads\/original-142078_1280.jpg?resize=35%2C50&amp;ssl=1 35w\" sizes=\"auto, (max-width: 46px) 100vw, 46px\" \/><img data-recalc-dims=\"1\" loading=\"lazy\" decoding=\"async\" class=\" wp-image-1749\" src=\"https:\/\/i0.wp.com\/www.superhumanoid.info\/superblog\/wp-content\/uploads\/signatur.png?resize=234%2C47\" alt=\"Pawel M. Konefal\" width=\"234\" height=\"47\" srcset=\"https:\/\/i0.wp.com\/superhumanoid.info\/superblog\/wp-content\/uploads\/signatur.png?w=368&amp;ssl=1 368w, https:\/\/i0.wp.com\/superhumanoid.info\/superblog\/wp-content\/uploads\/signatur.png?resize=300%2C60&amp;ssl=1 300w, https:\/\/i0.wp.com\/superhumanoid.info\/superblog\/wp-content\/uploads\/signatur.png?resize=50%2C10&amp;ssl=1 50w\" sizes=\"auto, (max-width: 234px) 100vw, 234px\" \/><\/p>\n<p>Gerne k\u00f6nnen Sie mich auch <a href=\"mailto:pawel.konefal@googlemail.com\">per E-Mail kontaktieren<\/a>\u00a0oder \u00fcber das <a href=\"http:\/\/www.superhumanoid.info\/superblog\/kontakt\/\">Kontaktformular<\/a>. Sie erhalten Ihre Antwort schnellstm\u00f6glich. Bitte beachten Sie, dass eingehende E-Mails nicht nur von mir pers\u00f6nlich gelesen werden k\u00f6nnen. Pers\u00f6nliche Telefonate mit mir sind nur nach vorheriger Abstimmung per E-Mail m\u00f6glich. Schauen Sie sich die Informationen zum\u00a0<a href=\"http:\/\/www.superhumanoid.info\/superblog\/bestellvorgang\/\">Bestellvorgang<\/a>\u00a0an und lesen Sie die\u00a0<a href=\"http:\/\/www.superhumanoid.info\/superblog\/agb\/\">AGB<\/a>.<\/p>\n<p><small><strong>Zum Honorar:\u00a0<\/strong>Wenn Sie sich f\u00fcr Ihre Veranstaltung jemanden w\u00fcnschen, der zu einem fairen Preis-Leistungsverh\u00e4ltnis f\u00fcr Sie t\u00e4tig wird, sind Sie hier richtig.\u00a0Ich biete\u00a0Ihnen nicht nur gehirngerechte Wissensvermittlung, sondern auch beste Unterhaltung und einen nachhaltigen Effekt. Ich helfe gerne Menschen, habe einen gro\u00dfen Erfahrungsschatz zu bieten und bin authentisch in meinen Themen. Ich habe diese eben selbst umgesetzt und bereits getestet. Neben mir haben das auch viele meiner Kunden geschafft. Die Konditionen, zu denen Sie mich buchen k\u00f6nnen, werden individuell berechnet und orientieren sich an Umfang, Aufwand und Termin (wochentags, Wochenende oder Feiertage). Bitte melden Sie sich bei einem konkreten Terminwunsch so schnell wie m\u00f6glich, damit dieser noch verf\u00fcgbar ist. <strong><a title=\"Nachricht an Thomas Schlechter\" href=\"http:\/\/www.superhumanoid.info\/superblog\/kontakt\/\">Ihre Kontaktanfrage<\/a> <\/strong>wird werktags innerhalb von 48 Stunden beantwortet.<\/small><\/p>\n<p>&nbsp;<\/p>\n<h2><\/h2>\n","protected":false},"excerpt":{"rendered":"<p>Begeisternde Reden f\u00fcr Ihre Veranstaltung M\u00f6chten Sie ihre B\u00fchne gerne mit mir teilen? Das freut mich sehr! Vielen Dank! Ich bin Autor, Blogger, Redner bzw. Speaker, Sidepreneur\u00a0und die Autorit\u00e4t im&#8230;<\/p>\n","protected":false},"author":1,"featured_media":1802,"parent":0,"menu_order":0,"comment_status":"open","ping_status":"open","template":"","meta":{"jetpack_post_was_ever_published":false,"footnotes":"","_links_to":"","_links_to_target":""},"class_list":["post-1748","page","type-page","status-publish","has-post-thumbnail","hentry","entry"],"yoast_head":"<!-- This site is optimized with the Yoast SEO plugin v27.3 - https:\/\/yoast.com\/product\/yoast-seo-wordpress\/ -->\n<title>Speaker und Experte - Buchen Sie mich als Redner f\u00fcr Ihr Event - superhumanoid.info blog<\/title>\n<meta name=\"description\" content=\"M\u00f6chten Sie ihre B\u00fchne gerne mit mir teilen? Das freut mich! Ich bin Redner und die Autorit\u00e4t im Bereich &quot;Abnehmen mit Paleo&quot; und der &quot;Paleo Gehirn-Pflege&quot;.\" \/>\n<meta name=\"robots\" content=\"index, follow, max-snippet:-1, max-image-preview:large, max-video-preview:-1\" \/>\n<link rel=\"canonical\" href=\"https:\/\/superhumanoid.info\/superblog\/speaker-und-experte-buchen-sie-mich-als-redner-fuer-ihr-event\/\" \/>\n<meta property=\"og:locale\" content=\"de_DE\" \/>\n<meta property=\"og:type\" content=\"article\" \/>\n<meta property=\"og:title\" content=\"Speaker und Experte - Buchen Sie mich als Redner f\u00fcr Ihr Event - superhumanoid.info blog\" \/>\n<meta property=\"og:description\" content=\"M\u00f6chten Sie ihre B\u00fchne gerne mit mir teilen? Das freut mich! Ich bin Redner und die Autorit\u00e4t im Bereich &quot;Abnehmen mit Paleo&quot; und der &quot;Paleo Gehirn-Pflege&quot;.\" \/>\n<meta property=\"og:url\" content=\"https:\/\/superhumanoid.info\/superblog\/speaker-und-experte-buchen-sie-mich-als-redner-fuer-ihr-event\/\" \/>\n<meta property=\"og:site_name\" content=\"superhumanoid.info blog\" \/>\n<meta property=\"article:publisher\" content=\"https:\/\/www.facebook.com\/superhumanoid.info\" \/>\n<meta property=\"article:modified_time\" content=\"2015-08-16T04:42:38+00:00\" \/>\n<meta property=\"og:image\" content=\"https:\/\/i0.wp.com\/superhumanoid.info\/superblog\/wp-content\/uploads\/symposium_small.jpg?fit=1024%2C574&ssl=1\" \/>\n\t<meta property=\"og:image:width\" content=\"1024\" \/>\n\t<meta property=\"og:image:height\" content=\"574\" \/>\n\t<meta property=\"og:image:type\" content=\"image\/jpeg\" \/>\n<meta name=\"twitter:label1\" content=\"Gesch\u00e4tzte Lesezeit\" \/>\n\t<meta name=\"twitter:data1\" content=\"2\u00a0Minuten\" \/>\n<script type=\"application\/ld+json\" class=\"yoast-schema-graph\">{\"@context\":\"https:\\\/\\\/schema.org\",\"@graph\":[{\"@type\":\"WebPage\",\"@id\":\"https:\\\/\\\/superhumanoid.info\\\/superblog\\\/speaker-und-experte-buchen-sie-mich-als-redner-fuer-ihr-event\\\/\",\"url\":\"https:\\\/\\\/superhumanoid.info\\\/superblog\\\/speaker-und-experte-buchen-sie-mich-als-redner-fuer-ihr-event\\\/\",\"name\":\"Speaker und Experte - Buchen Sie mich als Redner f\u00fcr Ihr Event - superhumanoid.info blog\",\"isPartOf\":{\"@id\":\"https:\\\/\\\/superhumanoid.info\\\/superblog\\\/#website\"},\"primaryImageOfPage\":{\"@id\":\"https:\\\/\\\/superhumanoid.info\\\/superblog\\\/speaker-und-experte-buchen-sie-mich-als-redner-fuer-ihr-event\\\/#primaryimage\"},\"image\":{\"@id\":\"https:\\\/\\\/superhumanoid.info\\\/superblog\\\/speaker-und-experte-buchen-sie-mich-als-redner-fuer-ihr-event\\\/#primaryimage\"},\"thumbnailUrl\":\"https:\\\/\\\/i0.wp.com\\\/superhumanoid.info\\\/superblog\\\/wp-content\\\/uploads\\\/symposium_small.jpg?fit=1024%2C574&ssl=1\",\"datePublished\":\"2015-08-09T16:51:35+00:00\",\"dateModified\":\"2015-08-16T04:42:38+00:00\",\"description\":\"M\u00f6chten Sie ihre B\u00fchne gerne mit mir teilen? Das freut mich! Ich bin Redner und die Autorit\u00e4t im Bereich \\\"Abnehmen mit Paleo\\\" und der \\\"Paleo Gehirn-Pflege\\\".\",\"breadcrumb\":{\"@id\":\"https:\\\/\\\/superhumanoid.info\\\/superblog\\\/speaker-und-experte-buchen-sie-mich-als-redner-fuer-ihr-event\\\/#breadcrumb\"},\"inLanguage\":\"de\",\"potentialAction\":[{\"@type\":\"ReadAction\",\"target\":[\"https:\\\/\\\/superhumanoid.info\\\/superblog\\\/speaker-und-experte-buchen-sie-mich-als-redner-fuer-ihr-event\\\/\"]}]},{\"@type\":\"ImageObject\",\"inLanguage\":\"de\",\"@id\":\"https:\\\/\\\/superhumanoid.info\\\/superblog\\\/speaker-und-experte-buchen-sie-mich-als-redner-fuer-ihr-event\\\/#primaryimage\",\"url\":\"https:\\\/\\\/i0.wp.com\\\/superhumanoid.info\\\/superblog\\\/wp-content\\\/uploads\\\/symposium_small.jpg?fit=1024%2C574&ssl=1\",\"contentUrl\":\"https:\\\/\\\/i0.wp.com\\\/superhumanoid.info\\\/superblog\\\/wp-content\\\/uploads\\\/symposium_small.jpg?fit=1024%2C574&ssl=1\",\"width\":1024,\"height\":574,\"caption\":\"Paleo Vortrag auf dem wissenschaftlichen Symposium \\\"Moderner Lebensstil - Moderne Krankheiten\\\" in Schweinfurt\"},{\"@type\":\"BreadcrumbList\",\"@id\":\"https:\\\/\\\/superhumanoid.info\\\/superblog\\\/speaker-und-experte-buchen-sie-mich-als-redner-fuer-ihr-event\\\/#breadcrumb\",\"itemListElement\":[{\"@type\":\"ListItem\",\"position\":1,\"name\":\"Startseite\",\"item\":\"https:\\\/\\\/superhumanoid.info\\\/superblog\\\/\"},{\"@type\":\"ListItem\",\"position\":2,\"name\":\"Speaker und Experte &#8211; Buchen Sie mich als Redner f\u00fcr Ihr Event\"}]},{\"@type\":\"WebSite\",\"@id\":\"https:\\\/\\\/superhumanoid.info\\\/superblog\\\/#website\",\"url\":\"https:\\\/\\\/superhumanoid.info\\\/superblog\\\/\",\"name\":\"superhumanoid.info blog\",\"description\":\"Evolution\u00e4re Gesundheit mit Paleo\",\"publisher\":{\"@id\":\"https:\\\/\\\/superhumanoid.info\\\/superblog\\\/#organization\"},\"potentialAction\":[{\"@type\":\"SearchAction\",\"target\":{\"@type\":\"EntryPoint\",\"urlTemplate\":\"https:\\\/\\\/superhumanoid.info\\\/superblog\\\/?s={search_term_string}\"},\"query-input\":{\"@type\":\"PropertyValueSpecification\",\"valueRequired\":true,\"valueName\":\"search_term_string\"}}],\"inLanguage\":\"de\"},{\"@type\":\"Organization\",\"@id\":\"https:\\\/\\\/superhumanoid.info\\\/superblog\\\/#organization\",\"name\":\"superhumanoid.info blog\",\"url\":\"https:\\\/\\\/superhumanoid.info\\\/superblog\\\/\",\"logo\":{\"@type\":\"ImageObject\",\"inLanguage\":\"de\",\"@id\":\"https:\\\/\\\/superhumanoid.info\\\/superblog\\\/#\\\/schema\\\/logo\\\/image\\\/\",\"url\":\"https:\\\/\\\/i0.wp.com\\\/superhumanoid.info\\\/superblog\\\/wp-content\\\/uploads\\\/cropped-superhumanoid-info-logo-small.png?fit=260%2C60&ssl=1\",\"contentUrl\":\"https:\\\/\\\/i0.wp.com\\\/superhumanoid.info\\\/superblog\\\/wp-content\\\/uploads\\\/cropped-superhumanoid-info-logo-small.png?fit=260%2C60&ssl=1\",\"width\":260,\"height\":60,\"caption\":\"superhumanoid.info blog\"},\"image\":{\"@id\":\"https:\\\/\\\/superhumanoid.info\\\/superblog\\\/#\\\/schema\\\/logo\\\/image\\\/\"},\"sameAs\":[\"https:\\\/\\\/www.facebook.com\\\/superhumanoid.info\",\"https:\\\/\\\/x.com\\\/super_humanoid\",\"http:\\\/\\\/www.instagram.com\\\/superhumanoid.info\",\"http:\\\/\\\/pinterest.com\\\/super_humanoid\",\"http:\\\/\\\/www.youtube.com\\\/SuperhumanoidInfo\"]}]}<\/script>\n<!-- \/ Yoast SEO plugin. -->","yoast_head_json":{"title":"Speaker und Experte - Buchen Sie mich als Redner f\u00fcr Ihr Event - superhumanoid.info blog","description":"M\u00f6chten Sie ihre B\u00fchne gerne mit mir teilen? Das freut mich! Ich bin Redner und die Autorit\u00e4t im Bereich \"Abnehmen mit Paleo\" und der \"Paleo Gehirn-Pflege\".","robots":{"index":"index","follow":"follow","max-snippet":"max-snippet:-1","max-image-preview":"max-image-preview:large","max-video-preview":"max-video-preview:-1"},"canonical":"https:\/\/superhumanoid.info\/superblog\/speaker-und-experte-buchen-sie-mich-als-redner-fuer-ihr-event\/","og_locale":"de_DE","og_type":"article","og_title":"Speaker und Experte - Buchen Sie mich als Redner f\u00fcr Ihr Event - superhumanoid.info blog","og_description":"M\u00f6chten Sie ihre B\u00fchne gerne mit mir teilen? Das freut mich! Ich bin Redner und die Autorit\u00e4t im Bereich \"Abnehmen mit Paleo\" und der \"Paleo Gehirn-Pflege\".","og_url":"https:\/\/superhumanoid.info\/superblog\/speaker-und-experte-buchen-sie-mich-als-redner-fuer-ihr-event\/","og_site_name":"superhumanoid.info blog","article_publisher":"https:\/\/www.facebook.com\/superhumanoid.info","article_modified_time":"2015-08-16T04:42:38+00:00","og_image":[{"width":1024,"height":574,"url":"https:\/\/i0.wp.com\/superhumanoid.info\/superblog\/wp-content\/uploads\/symposium_small.jpg?fit=1024%2C574&ssl=1","type":"image\/jpeg"}],"twitter_misc":{"Gesch\u00e4tzte Lesezeit":"2\u00a0Minuten"},"schema":{"@context":"https:\/\/schema.org","@graph":[{"@type":"WebPage","@id":"https:\/\/superhumanoid.info\/superblog\/speaker-und-experte-buchen-sie-mich-als-redner-fuer-ihr-event\/","url":"https:\/\/superhumanoid.info\/superblog\/speaker-und-experte-buchen-sie-mich-als-redner-fuer-ihr-event\/","name":"Speaker und Experte - Buchen Sie mich als Redner f\u00fcr Ihr Event - superhumanoid.info blog","isPartOf":{"@id":"https:\/\/superhumanoid.info\/superblog\/#website"},"primaryImageOfPage":{"@id":"https:\/\/superhumanoid.info\/superblog\/speaker-und-experte-buchen-sie-mich-als-redner-fuer-ihr-event\/#primaryimage"},"image":{"@id":"https:\/\/superhumanoid.info\/superblog\/speaker-und-experte-buchen-sie-mich-als-redner-fuer-ihr-event\/#primaryimage"},"thumbnailUrl":"https:\/\/i0.wp.com\/superhumanoid.info\/superblog\/wp-content\/uploads\/symposium_small.jpg?fit=1024%2C574&ssl=1","datePublished":"2015-08-09T16:51:35+00:00","dateModified":"2015-08-16T04:42:38+00:00","description":"M\u00f6chten Sie ihre B\u00fchne gerne mit mir teilen? Das freut mich! Ich bin Redner und die Autorit\u00e4t im Bereich \"Abnehmen mit Paleo\" und der \"Paleo Gehirn-Pflege\".","breadcrumb":{"@id":"https:\/\/superhumanoid.info\/superblog\/speaker-und-experte-buchen-sie-mich-als-redner-fuer-ihr-event\/#breadcrumb"},"inLanguage":"de","potentialAction":[{"@type":"ReadAction","target":["https:\/\/superhumanoid.info\/superblog\/speaker-und-experte-buchen-sie-mich-als-redner-fuer-ihr-event\/"]}]},{"@type":"ImageObject","inLanguage":"de","@id":"https:\/\/superhumanoid.info\/superblog\/speaker-und-experte-buchen-sie-mich-als-redner-fuer-ihr-event\/#primaryimage","url":"https:\/\/i0.wp.com\/superhumanoid.info\/superblog\/wp-content\/uploads\/symposium_small.jpg?fit=1024%2C574&ssl=1","contentUrl":"https:\/\/i0.wp.com\/superhumanoid.info\/superblog\/wp-content\/uploads\/symposium_small.jpg?fit=1024%2C574&ssl=1","width":1024,"height":574,"caption":"Paleo Vortrag auf dem wissenschaftlichen Symposium \"Moderner Lebensstil - Moderne Krankheiten\" in Schweinfurt"},{"@type":"BreadcrumbList","@id":"https:\/\/superhumanoid.info\/superblog\/speaker-und-experte-buchen-sie-mich-als-redner-fuer-ihr-event\/#breadcrumb","itemListElement":[{"@type":"ListItem","position":1,"name":"Startseite","item":"https:\/\/superhumanoid.info\/superblog\/"},{"@type":"ListItem","position":2,"name":"Speaker und Experte &#8211; Buchen Sie mich als Redner f\u00fcr Ihr Event"}]},{"@type":"WebSite","@id":"https:\/\/superhumanoid.info\/superblog\/#website","url":"https:\/\/superhumanoid.info\/superblog\/","name":"superhumanoid.info blog","description":"Evolution\u00e4re Gesundheit mit Paleo","publisher":{"@id":"https:\/\/superhumanoid.info\/superblog\/#organization"},"potentialAction":[{"@type":"SearchAction","target":{"@type":"EntryPoint","urlTemplate":"https:\/\/superhumanoid.info\/superblog\/?s={search_term_string}"},"query-input":{"@type":"PropertyValueSpecification","valueRequired":true,"valueName":"search_term_string"}}],"inLanguage":"de"},{"@type":"Organization","@id":"https:\/\/superhumanoid.info\/superblog\/#organization","name":"superhumanoid.info blog","url":"https:\/\/superhumanoid.info\/superblog\/","logo":{"@type":"ImageObject","inLanguage":"de","@id":"https:\/\/superhumanoid.info\/superblog\/#\/schema\/logo\/image\/","url":"https:\/\/i0.wp.com\/superhumanoid.info\/superblog\/wp-content\/uploads\/cropped-superhumanoid-info-logo-small.png?fit=260%2C60&ssl=1","contentUrl":"https:\/\/i0.wp.com\/superhumanoid.info\/superblog\/wp-content\/uploads\/cropped-superhumanoid-info-logo-small.png?fit=260%2C60&ssl=1","width":260,"height":60,"caption":"superhumanoid.info blog"},"image":{"@id":"https:\/\/superhumanoid.info\/superblog\/#\/schema\/logo\/image\/"},"sameAs":["https:\/\/www.facebook.com\/superhumanoid.info","https:\/\/x.com\/super_humanoid","http:\/\/www.instagram.com\/superhumanoid.info","http:\/\/pinterest.com\/super_humanoid","http:\/\/www.youtube.com\/SuperhumanoidInfo"]}]}},"jetpack_shortlink":"https:\/\/wp.me\/P4PQdV-sc","jetpack_sharing_enabled":true,"_links":{"self":[{"href":"https:\/\/superhumanoid.info\/superblog\/wp-json\/wp\/v2\/pages\/1748","targetHints":{"allow":["GET"]}}],"collection":[{"href":"https:\/\/superhumanoid.info\/superblog\/wp-json\/wp\/v2\/pages"}],"about":[{"href":"https:\/\/superhumanoid.info\/superblog\/wp-json\/wp\/v2\/types\/page"}],"author":[{"embeddable":true,"href":"https:\/\/superhumanoid.info\/superblog\/wp-json\/wp\/v2\/users\/1"}],"replies":[{"embeddable":true,"href":"https:\/\/superhumanoid.info\/superblog\/wp-json\/wp\/v2\/comments?post=1748"}],"version-history":[{"count":0,"href":"https:\/\/superhumanoid.info\/superblog\/wp-json\/wp\/v2\/pages\/1748\/revisions"}],"wp:featuredmedia":[{"embeddable":true,"href":"https:\/\/superhumanoid.info\/superblog\/wp-json\/wp\/v2\/media\/1802"}],"wp:attachment":[{"href":"https:\/\/superhumanoid.info\/superblog\/wp-json\/wp\/v2\/media?parent=1748"}],"curies":[{"name":"wp","href":"https:\/\/api.w.org\/{rel}","templated":true}]}}