{"id":1871,"date":"2015-08-20T19:47:30","date_gmt":"2015-08-20T17:47:30","guid":{"rendered":"http:\/\/www.superhumanoid.info\/superblog\/?page_id=1871"},"modified":"2017-03-18T05:59:08","modified_gmt":"2017-03-18T04:59:08","slug":"paleo-ebooks-to-go","status":"publish","type":"page","link":"https:\/\/superhumanoid.info\/superblog\/paleo-ebooks-to-go\/","title":{"rendered":"Paleo &#8222;Ebooks To Go&#8220;"},"content":{"rendered":"<p><strong>Werde eine st\u00e4rkere Version von Dir\u00a0selbst &#8230;<\/strong><\/p>\n<p>Die Paleo &#8222;Ebooks To Go&#8220; sind kompakte eBooks im PDF Format zu bestimmten Themen wie Abnehmen, Fitness oder leckere Rezepte. Sie vermitteln ein tiefergehendes Verst\u00e4ndnis von bestimmten Themengebieten und helfen Dir mit Hilfe meiner pers\u00f6nlichen Erfahrungen, Deine Ziele noch besser zu erreichen.<\/p>\n<p>Ich wei\u00df wie Du Dich f\u00fchlst, da ich wahrscheinlich in einer \u00e4hnlichen Situation war wie Du jetzt. Auch Du kannst Deine Situation \u00e4ndern und Deine Ziele erreichen, genauso wie ich es geschafft habe.\u00a0Wenn Du Unterst\u00fctzung suchst\u00a0und an Deiner Situation etwas ver\u00e4ndern willst, motiviert und offen f\u00fcr neue Ideen bist, dann\u00a0greif zu.<\/p>\n<p>Du willst sofort anfangen!? Die Ebooks sind g\u00fcnstiger als ein Premium Kaffee!<\/p>\n<p><em>Jetzt kaufen und sofort damit loslegen! Ich w\u00fcnsche Dir sehr viel Erfolg!<\/em><\/p>\n<h2><a href=\"https:\/\/i0.wp.com\/www.superhumanoid.info\/superblog\/wp-content\/uploads\/signatur.png\"><img data-recalc-dims=\"1\" loading=\"lazy\" decoding=\"async\" class=\" wp-image-1757 alignnone\" src=\"https:\/\/i0.wp.com\/www.superhumanoid.info\/superblog\/wp-content\/uploads\/original-142078_1280-200x200.jpg?resize=53%2C53\" alt=\"Das Original\" width=\"53\" height=\"53\" srcset=\"https:\/\/i0.wp.com\/superhumanoid.info\/superblog\/wp-content\/uploads\/original-142078_1280.jpg?resize=200%2C200&amp;ssl=1 200w, https:\/\/i0.wp.com\/superhumanoid.info\/superblog\/wp-content\/uploads\/original-142078_1280.jpg?resize=250%2C250&amp;ssl=1 250w, https:\/\/i0.wp.com\/superhumanoid.info\/superblog\/wp-content\/uploads\/original-142078_1280.jpg?resize=125%2C125&amp;ssl=1 125w\" sizes=\"auto, (max-width: 53px) 100vw, 53px\" \/><img data-recalc-dims=\"1\" loading=\"lazy\" decoding=\"async\" class=\"wp-image-1749 \" src=\"https:\/\/i0.wp.com\/www.superhumanoid.info\/superblog\/wp-content\/uploads\/signatur.png?resize=199%2C40\" alt=\"Pawel M. Konefal\" width=\"199\" height=\"40\" srcset=\"https:\/\/i0.wp.com\/superhumanoid.info\/superblog\/wp-content\/uploads\/signatur.png?w=368&amp;ssl=1 368w, https:\/\/i0.wp.com\/superhumanoid.info\/superblog\/wp-content\/uploads\/signatur.png?resize=300%2C60&amp;ssl=1 300w, https:\/\/i0.wp.com\/superhumanoid.info\/superblog\/wp-content\/uploads\/signatur.png?resize=50%2C10&amp;ssl=1 50w\" sizes=\"auto, (max-width: 199px) 100vw, 199px\" \/><\/a><\/h2>\n<h2 style=\"text-align: left;\">Paleo &#8222;Ebooks To Go&#8220;<\/h2>\n<p>Anbei findest Du\u00a0die angebotenen Ebooks inklusive Beschreibung und Preis.<\/p>\n<h3>Paleo Rezepte<\/h3>\n<table style=\"height: 418px;\" width=\"696\">\n<tbody>\n<tr>\n<td><img data-recalc-dims=\"1\" loading=\"lazy\" decoding=\"async\" class=\" wp-image-1588 alignnone\" src=\"https:\/\/i0.wp.com\/www.superhumanoid.info\/superblog\/wp-content\/uploads\/3d_ebook_transparent.png?resize=244%2C223\" alt=\"Abnehmen mit Paleo Pawel\u2019s Paleo Lieblingsrezepte\" width=\"244\" height=\"223\" srcset=\"https:\/\/i0.wp.com\/superhumanoid.info\/superblog\/wp-content\/uploads\/3d_ebook_transparent.png?resize=50%2C45&amp;ssl=1 50w, https:\/\/i0.wp.com\/superhumanoid.info\/superblog\/wp-content\/uploads\/3d_ebook_transparent.png?zoom=2&amp;resize=244%2C223&amp;ssl=1 488w, https:\/\/i0.wp.com\/superhumanoid.info\/superblog\/wp-content\/uploads\/3d_ebook_transparent.png?zoom=3&amp;resize=244%2C223&amp;ssl=1 732w\" sizes=\"auto, (max-width: 244px) 100vw, 244px\" \/><\/td>\n<td><strong>Abnehmen mit Paleo Pawel\u2019s Paleo Lieblingsrezepte<\/strong><br \/>\n\u2605 SIMPLE REZEPTE<br \/>\n\u2605 ALLTAGSTAUGLICH<br \/>\n\u2605 MIT NAT\u00dcRLICHEN ZUTATEN<br \/>\n\u2605 GLUTENFREI,\u00a0LAKTOSEFREI<br \/>\n\u2605 ZUCKERFREI<br \/>\n<a href=\"http:\/\/rezeptebuch.abnehmen-paleo.de\" target=\"_blank\">Mehr zum Buch erfahren&#8230;<\/a><br \/>\n<a href=\"http:\/\/bit.ly\/inhalt-paleo-lieblingsrezepte\" target=\"_blank\">Zum Inhaltsverzeichnis&#8230;<\/a><\/td>\n<\/tr>\n<tr>\n<td><strong><strong>Preis: <\/strong><\/strong><strong><strong>9,90 \u20ac<br \/>\n<\/strong><\/strong><strong><img data-recalc-dims=\"1\" loading=\"lazy\" decoding=\"async\" class=\" wp-image-1873 aligncenter\" src=\"https:\/\/i0.wp.com\/www.superhumanoid.info\/superblog\/wp-content\/uploads\/best-seller-158885_1280.png?resize=72%2C72\" alt=\"Aktueller Bestseller\" width=\"72\" height=\"72\" srcset=\"https:\/\/i0.wp.com\/superhumanoid.info\/superblog\/wp-content\/uploads\/best-seller-158885_1280.png?w=1280&amp;ssl=1 1280w, https:\/\/i0.wp.com\/superhumanoid.info\/superblog\/wp-content\/uploads\/best-seller-158885_1280.png?resize=200%2C200&amp;ssl=1 200w, https:\/\/i0.wp.com\/superhumanoid.info\/superblog\/wp-content\/uploads\/best-seller-158885_1280.png?resize=300%2C300&amp;ssl=1 300w, https:\/\/i0.wp.com\/superhumanoid.info\/superblog\/wp-content\/uploads\/best-seller-158885_1280.png?resize=250%2C250&amp;ssl=1 250w, https:\/\/i0.wp.com\/superhumanoid.info\/superblog\/wp-content\/uploads\/best-seller-158885_1280.png?resize=125%2C125&amp;ssl=1 125w, https:\/\/i0.wp.com\/superhumanoid.info\/superblog\/wp-content\/uploads\/best-seller-158885_1280.png?resize=50%2C50&amp;ssl=1 50w\" sizes=\"auto, (max-width: 72px) 100vw, 72px\" \/><br \/>\n<\/strong><\/td>\n<td><a href=\"https:\/\/www.digistore24.com\/product\/73179\"><br \/>\n<button>Jetzt kaufen<\/button><\/a><br \/>\n<img loading=\"lazy\" decoding=\"async\" src=\"https:\/\/www.paypalobjects.com\/de_DE\/i\/scr\/pixel.gif\" alt=\"\" width=\"1\" height=\"1\" border=\"0\" \/><\/td>\n<\/tr>\n<\/tbody>\n<\/table>\n<p><em>Information: Aufgrund des Kleinunternehmerstatus gem. \u00a7 19 UStG erheben wir keine Umsatzsteuer und weisen diese daher auch nicht aus.<\/em><\/p>\n<p><small>Hinweis zum Bezahlvorgang: Nachdem Du das gew\u00e4hlte Ebook im\u00a0Digistore24 bezahlt hast, wirst Du sofort zum Download Deines erworbenen Produktes geleitet.<br \/>\nDort steht Dir der Download-Link Deines erworbenen Produktes f\u00fcr 7\u00a0Tage zur Verf\u00fcgung und das erworbene Produkt kann von Dir genau 3 mal innerhalb der 7\u00a0Tage heruntergeladen werden. Danach ist der Download-Link automatisch ung\u00fcltig. Sollten Probleme dabei auftreten, wende Dich bitte umgehend per Email an uns oder \u00fcber das <a href=\"http:\/\/www.superhumanoid.info\/superblog\/kontakt\/\" target=\"_blank\">Kontaktformular<\/a>.<br \/>\nMehr Details zum Thema in den <a href=\"http:\/\/www.superhumanoid.info\/superblog\/agb\/\" target=\"_blank\">AGBs<\/a> oder im <a href=\"http:\/\/www.superhumanoid.info\/superblog\/bestellvorgang\/\" target=\"_blank\">Bestellvorgang<\/a>.<br \/>\n<\/small><\/p>\n","protected":false},"excerpt":{"rendered":"<p>Werde eine st\u00e4rkere Version von Dir\u00a0selbst &#8230; Die Paleo &#8222;Ebooks To Go&#8220; sind kompakte eBooks im PDF Format zu bestimmten Themen wie Abnehmen, Fitness oder leckere Rezepte. Sie vermitteln ein&#8230;<\/p>\n","protected":false},"author":1,"featured_media":1588,"parent":0,"menu_order":0,"comment_status":"open","ping_status":"open","template":"","meta":{"jetpack_post_was_ever_published":false,"footnotes":"","_links_to":"","_links_to_target":""},"class_list":["post-1871","page","type-page","status-publish","has-post-thumbnail","hentry","entry"],"yoast_head":"<!-- This site is optimized with the Yoast SEO plugin v27.3 - https:\/\/yoast.com\/product\/yoast-seo-wordpress\/ -->\n<title>Paleo &quot;Ebooks To Go&quot; - superhumanoid.info blog<\/title>\n<meta name=\"description\" content=\"Die Paleo &quot;Ebooks To Go&quot; sind kompakte eBooks im PDF Format zu bestimmten Themen wie Abnehmen, Fitness oder leckere Rezepte.\" \/>\n<meta name=\"robots\" content=\"index, follow, max-snippet:-1, max-image-preview:large, max-video-preview:-1\" \/>\n<link rel=\"canonical\" href=\"https:\/\/superhumanoid.info\/superblog\/paleo-ebooks-to-go\/\" \/>\n<meta property=\"og:locale\" content=\"de_DE\" \/>\n<meta property=\"og:type\" content=\"article\" \/>\n<meta property=\"og:title\" content=\"Paleo &quot;Ebooks To Go&quot; - superhumanoid.info blog\" \/>\n<meta property=\"og:description\" content=\"Die Paleo &quot;Ebooks To Go&quot; sind kompakte eBooks im PDF Format zu bestimmten Themen wie Abnehmen, Fitness oder leckere Rezepte.\" \/>\n<meta property=\"og:url\" content=\"https:\/\/superhumanoid.info\/superblog\/paleo-ebooks-to-go\/\" \/>\n<meta property=\"og:site_name\" content=\"superhumanoid.info blog\" \/>\n<meta property=\"article:publisher\" content=\"https:\/\/www.facebook.com\/superhumanoid.info\" \/>\n<meta property=\"article:modified_time\" content=\"2017-03-18T04:59:08+00:00\" \/>\n<meta property=\"og:image\" content=\"https:\/\/i1.wp.com\/superhumanoid.info\/superblog\/wp-content\/uploads\/3d_ebook_transparent.png?fit=1560%2C1410&ssl=1\" \/>\n\t<meta property=\"og:image:width\" content=\"1560\" \/>\n\t<meta property=\"og:image:height\" content=\"1410\" \/>\n\t<meta property=\"og:image:type\" content=\"image\/png\" \/>\n<meta name=\"twitter:label1\" content=\"Gesch\u00e4tzte Lesezeit\" \/>\n\t<meta name=\"twitter:data1\" content=\"1\u00a0Minute\" \/>\n<script type=\"application\/ld+json\" class=\"yoast-schema-graph\">{\"@context\":\"https:\\\/\\\/schema.org\",\"@graph\":[{\"@type\":\"WebPage\",\"@id\":\"https:\\\/\\\/superhumanoid.info\\\/superblog\\\/paleo-ebooks-to-go\\\/\",\"url\":\"https:\\\/\\\/superhumanoid.info\\\/superblog\\\/paleo-ebooks-to-go\\\/\",\"name\":\"Paleo \\\"Ebooks To Go\\\" - superhumanoid.info blog\",\"isPartOf\":{\"@id\":\"https:\\\/\\\/superhumanoid.info\\\/superblog\\\/#website\"},\"primaryImageOfPage\":{\"@id\":\"https:\\\/\\\/superhumanoid.info\\\/superblog\\\/paleo-ebooks-to-go\\\/#primaryimage\"},\"image\":{\"@id\":\"https:\\\/\\\/superhumanoid.info\\\/superblog\\\/paleo-ebooks-to-go\\\/#primaryimage\"},\"thumbnailUrl\":\"https:\\\/\\\/i0.wp.com\\\/superhumanoid.info\\\/superblog\\\/wp-content\\\/uploads\\\/3d_ebook_transparent.png?fit=1560%2C1410&ssl=1\",\"datePublished\":\"2015-08-20T17:47:30+00:00\",\"dateModified\":\"2017-03-18T04:59:08+00:00\",\"description\":\"Die Paleo \\\"Ebooks To Go\\\" sind kompakte eBooks im PDF Format zu bestimmten Themen wie Abnehmen, Fitness oder leckere Rezepte.\",\"breadcrumb\":{\"@id\":\"https:\\\/\\\/superhumanoid.info\\\/superblog\\\/paleo-ebooks-to-go\\\/#breadcrumb\"},\"inLanguage\":\"de\",\"potentialAction\":[{\"@type\":\"ReadAction\",\"target\":[\"https:\\\/\\\/superhumanoid.info\\\/superblog\\\/paleo-ebooks-to-go\\\/\"]}]},{\"@type\":\"ImageObject\",\"inLanguage\":\"de\",\"@id\":\"https:\\\/\\\/superhumanoid.info\\\/superblog\\\/paleo-ebooks-to-go\\\/#primaryimage\",\"url\":\"https:\\\/\\\/i0.wp.com\\\/superhumanoid.info\\\/superblog\\\/wp-content\\\/uploads\\\/3d_ebook_transparent.png?fit=1560%2C1410&ssl=1\",\"contentUrl\":\"https:\\\/\\\/i0.wp.com\\\/superhumanoid.info\\\/superblog\\\/wp-content\\\/uploads\\\/3d_ebook_transparent.png?fit=1560%2C1410&ssl=1\",\"width\":1560,\"height\":1410,\"caption\":\"Abnehmen mit Paleo Pawel\u2019s Paleo Lieblingsrezepte\"},{\"@type\":\"BreadcrumbList\",\"@id\":\"https:\\\/\\\/superhumanoid.info\\\/superblog\\\/paleo-ebooks-to-go\\\/#breadcrumb\",\"itemListElement\":[{\"@type\":\"ListItem\",\"position\":1,\"name\":\"Startseite\",\"item\":\"https:\\\/\\\/superhumanoid.info\\\/superblog\\\/\"},{\"@type\":\"ListItem\",\"position\":2,\"name\":\"Paleo &#8220;Ebooks To Go&#8221;\"}]},{\"@type\":\"WebSite\",\"@id\":\"https:\\\/\\\/superhumanoid.info\\\/superblog\\\/#website\",\"url\":\"https:\\\/\\\/superhumanoid.info\\\/superblog\\\/\",\"name\":\"superhumanoid.info blog\",\"description\":\"Evolution\u00e4re Gesundheit mit Paleo\",\"publisher\":{\"@id\":\"https:\\\/\\\/superhumanoid.info\\\/superblog\\\/#organization\"},\"potentialAction\":[{\"@type\":\"SearchAction\",\"target\":{\"@type\":\"EntryPoint\",\"urlTemplate\":\"https:\\\/\\\/superhumanoid.info\\\/superblog\\\/?s={search_term_string}\"},\"query-input\":{\"@type\":\"PropertyValueSpecification\",\"valueRequired\":true,\"valueName\":\"search_term_string\"}}],\"inLanguage\":\"de\"},{\"@type\":\"Organization\",\"@id\":\"https:\\\/\\\/superhumanoid.info\\\/superblog\\\/#organization\",\"name\":\"superhumanoid.info blog\",\"url\":\"https:\\\/\\\/superhumanoid.info\\\/superblog\\\/\",\"logo\":{\"@type\":\"ImageObject\",\"inLanguage\":\"de\",\"@id\":\"https:\\\/\\\/superhumanoid.info\\\/superblog\\\/#\\\/schema\\\/logo\\\/image\\\/\",\"url\":\"https:\\\/\\\/i0.wp.com\\\/superhumanoid.info\\\/superblog\\\/wp-content\\\/uploads\\\/cropped-superhumanoid-info-logo-small.png?fit=260%2C60&ssl=1\",\"contentUrl\":\"https:\\\/\\\/i0.wp.com\\\/superhumanoid.info\\\/superblog\\\/wp-content\\\/uploads\\\/cropped-superhumanoid-info-logo-small.png?fit=260%2C60&ssl=1\",\"width\":260,\"height\":60,\"caption\":\"superhumanoid.info blog\"},\"image\":{\"@id\":\"https:\\\/\\\/superhumanoid.info\\\/superblog\\\/#\\\/schema\\\/logo\\\/image\\\/\"},\"sameAs\":[\"https:\\\/\\\/www.facebook.com\\\/superhumanoid.info\",\"https:\\\/\\\/x.com\\\/super_humanoid\",\"http:\\\/\\\/www.instagram.com\\\/superhumanoid.info\",\"http:\\\/\\\/pinterest.com\\\/super_humanoid\",\"http:\\\/\\\/www.youtube.com\\\/SuperhumanoidInfo\"]}]}<\/script>\n<!-- \/ Yoast SEO plugin. -->","yoast_head_json":{"title":"Paleo \"Ebooks To Go\" - superhumanoid.info blog","description":"Die Paleo \"Ebooks To Go\" sind kompakte eBooks im PDF Format zu bestimmten Themen wie Abnehmen, Fitness oder leckere Rezepte.","robots":{"index":"index","follow":"follow","max-snippet":"max-snippet:-1","max-image-preview":"max-image-preview:large","max-video-preview":"max-video-preview:-1"},"canonical":"https:\/\/superhumanoid.info\/superblog\/paleo-ebooks-to-go\/","og_locale":"de_DE","og_type":"article","og_title":"Paleo \"Ebooks To Go\" - superhumanoid.info blog","og_description":"Die Paleo \"Ebooks To Go\" sind kompakte eBooks im PDF Format zu bestimmten Themen wie Abnehmen, Fitness oder leckere Rezepte.","og_url":"https:\/\/superhumanoid.info\/superblog\/paleo-ebooks-to-go\/","og_site_name":"superhumanoid.info blog","article_publisher":"https:\/\/www.facebook.com\/superhumanoid.info","article_modified_time":"2017-03-18T04:59:08+00:00","og_image":[{"width":1560,"height":1410,"url":"https:\/\/i1.wp.com\/superhumanoid.info\/superblog\/wp-content\/uploads\/3d_ebook_transparent.png?fit=1560%2C1410&ssl=1","type":"image\/png"}],"twitter_misc":{"Gesch\u00e4tzte Lesezeit":"1\u00a0Minute"},"schema":{"@context":"https:\/\/schema.org","@graph":[{"@type":"WebPage","@id":"https:\/\/superhumanoid.info\/superblog\/paleo-ebooks-to-go\/","url":"https:\/\/superhumanoid.info\/superblog\/paleo-ebooks-to-go\/","name":"Paleo \"Ebooks To Go\" - superhumanoid.info blog","isPartOf":{"@id":"https:\/\/superhumanoid.info\/superblog\/#website"},"primaryImageOfPage":{"@id":"https:\/\/superhumanoid.info\/superblog\/paleo-ebooks-to-go\/#primaryimage"},"image":{"@id":"https:\/\/superhumanoid.info\/superblog\/paleo-ebooks-to-go\/#primaryimage"},"thumbnailUrl":"https:\/\/i0.wp.com\/superhumanoid.info\/superblog\/wp-content\/uploads\/3d_ebook_transparent.png?fit=1560%2C1410&ssl=1","datePublished":"2015-08-20T17:47:30+00:00","dateModified":"2017-03-18T04:59:08+00:00","description":"Die Paleo \"Ebooks To Go\" sind kompakte eBooks im PDF Format zu bestimmten Themen wie Abnehmen, Fitness oder leckere Rezepte.","breadcrumb":{"@id":"https:\/\/superhumanoid.info\/superblog\/paleo-ebooks-to-go\/#breadcrumb"},"inLanguage":"de","potentialAction":[{"@type":"ReadAction","target":["https:\/\/superhumanoid.info\/superblog\/paleo-ebooks-to-go\/"]}]},{"@type":"ImageObject","inLanguage":"de","@id":"https:\/\/superhumanoid.info\/superblog\/paleo-ebooks-to-go\/#primaryimage","url":"https:\/\/i0.wp.com\/superhumanoid.info\/superblog\/wp-content\/uploads\/3d_ebook_transparent.png?fit=1560%2C1410&ssl=1","contentUrl":"https:\/\/i0.wp.com\/superhumanoid.info\/superblog\/wp-content\/uploads\/3d_ebook_transparent.png?fit=1560%2C1410&ssl=1","width":1560,"height":1410,"caption":"Abnehmen mit Paleo Pawel\u2019s Paleo Lieblingsrezepte"},{"@type":"BreadcrumbList","@id":"https:\/\/superhumanoid.info\/superblog\/paleo-ebooks-to-go\/#breadcrumb","itemListElement":[{"@type":"ListItem","position":1,"name":"Startseite","item":"https:\/\/superhumanoid.info\/superblog\/"},{"@type":"ListItem","position":2,"name":"Paleo &#8220;Ebooks To Go&#8221;"}]},{"@type":"WebSite","@id":"https:\/\/superhumanoid.info\/superblog\/#website","url":"https:\/\/superhumanoid.info\/superblog\/","name":"superhumanoid.info blog","description":"Evolution\u00e4re Gesundheit mit Paleo","publisher":{"@id":"https:\/\/superhumanoid.info\/superblog\/#organization"},"potentialAction":[{"@type":"SearchAction","target":{"@type":"EntryPoint","urlTemplate":"https:\/\/superhumanoid.info\/superblog\/?s={search_term_string}"},"query-input":{"@type":"PropertyValueSpecification","valueRequired":true,"valueName":"search_term_string"}}],"inLanguage":"de"},{"@type":"Organization","@id":"https:\/\/superhumanoid.info\/superblog\/#organization","name":"superhumanoid.info blog","url":"https:\/\/superhumanoid.info\/superblog\/","logo":{"@type":"ImageObject","inLanguage":"de","@id":"https:\/\/superhumanoid.info\/superblog\/#\/schema\/logo\/image\/","url":"https:\/\/i0.wp.com\/superhumanoid.info\/superblog\/wp-content\/uploads\/cropped-superhumanoid-info-logo-small.png?fit=260%2C60&ssl=1","contentUrl":"https:\/\/i0.wp.com\/superhumanoid.info\/superblog\/wp-content\/uploads\/cropped-superhumanoid-info-logo-small.png?fit=260%2C60&ssl=1","width":260,"height":60,"caption":"superhumanoid.info blog"},"image":{"@id":"https:\/\/superhumanoid.info\/superblog\/#\/schema\/logo\/image\/"},"sameAs":["https:\/\/www.facebook.com\/superhumanoid.info","https:\/\/x.com\/super_humanoid","http:\/\/www.instagram.com\/superhumanoid.info","http:\/\/pinterest.com\/super_humanoid","http:\/\/www.youtube.com\/SuperhumanoidInfo"]}]}},"jetpack_shortlink":"https:\/\/wp.me\/P4PQdV-ub","jetpack_sharing_enabled":true,"_links":{"self":[{"href":"https:\/\/superhumanoid.info\/superblog\/wp-json\/wp\/v2\/pages\/1871","targetHints":{"allow":["GET"]}}],"collection":[{"href":"https:\/\/superhumanoid.info\/superblog\/wp-json\/wp\/v2\/pages"}],"about":[{"href":"https:\/\/superhumanoid.info\/superblog\/wp-json\/wp\/v2\/types\/page"}],"author":[{"embeddable":true,"href":"https:\/\/superhumanoid.info\/superblog\/wp-json\/wp\/v2\/users\/1"}],"replies":[{"embeddable":true,"href":"https:\/\/superhumanoid.info\/superblog\/wp-json\/wp\/v2\/comments?post=1871"}],"version-history":[{"count":0,"href":"https:\/\/superhumanoid.info\/superblog\/wp-json\/wp\/v2\/pages\/1871\/revisions"}],"wp:featuredmedia":[{"embeddable":true,"href":"https:\/\/superhumanoid.info\/superblog\/wp-json\/wp\/v2\/media\/1588"}],"wp:attachment":[{"href":"https:\/\/superhumanoid.info\/superblog\/wp-json\/wp\/v2\/media?parent=1871"}],"curies":[{"name":"wp","href":"https:\/\/api.w.org\/{rel}","templated":true}]}}