{"id":2819,"date":"2015-12-13T05:38:55","date_gmt":"2015-12-13T04:38:55","guid":{"rendered":"http:\/\/www.superhumanoid.info\/superblog\/?page_id=2819"},"modified":"2015-12-13T05:38:55","modified_gmt":"2015-12-13T04:38:55","slug":"zunehmen-mit-paleo-diaet-steinzeit-diaet","status":"publish","type":"page","link":"https:\/\/superhumanoid.info\/superblog\/zunehmen-mit-paleo-diaet-steinzeit-diaet\/","title":{"rendered":"Zunehmen mit Paleo"},"content":{"rendered":"<figure id=\"attachment_2802\" aria-describedby=\"caption-attachment-2802\" style=\"width: 161px\" class=\"wp-caption alignleft\"><a href=\"http:\/\/amzn.to\/1YzfdFt\" target=\"_blank\" rel=\"attachment wp-att-2802 nofollow\"><img data-recalc-dims=\"1\" loading=\"lazy\" decoding=\"async\" class=\" wp-image-2802\" src=\"https:\/\/i0.wp.com\/www.superhumanoid.info\/superblog\/wp-content\/uploads\/zunehmen-mit-paleo-3d-book-front-shot-orig-no-spine-no-logo-shadow-widget.jpg?resize=161%2C171\" alt=\"Zunehmen mit Paleo: Paleo Weightgain Power For Everyone von Pawel Marian Konefal\" width=\"161\" height=\"171\" srcset=\"https:\/\/i0.wp.com\/superhumanoid.info\/superblog\/wp-content\/uploads\/zunehmen-mit-paleo-3d-book-front-shot-orig-no-spine-no-logo-shadow-widget.jpg?w=130&amp;ssl=1 130w, https:\/\/i0.wp.com\/superhumanoid.info\/superblog\/wp-content\/uploads\/zunehmen-mit-paleo-3d-book-front-shot-orig-no-spine-no-logo-shadow-widget.jpg?resize=47%2C50&amp;ssl=1 47w\" sizes=\"auto, (max-width: 161px) 100vw, 161px\" \/><\/a><figcaption id=\"caption-attachment-2802\" class=\"wp-caption-text\">Zunehmen mit Paleo: Paleo Weightgain Power For Everyone von Pawel Marian Konefal<\/figcaption><\/figure>\n<p>Zunehmen mit Paleo: Auf dieser Seite geht es um das <strong>erfolgreiche Zunehmen\u00a0mit der sogenannten Paleo Di\u00e4t<\/strong> \/ Steinzeit Di\u00e4t bzw. Steinzeitern\u00e4hrung.<\/p>\n<p><strong>Ich wei\u00df, wie es ist schlank zu sein und ich wei\u00df wie es ist stark \u00fcbergewichtig zu sein.<\/strong>\u00a0<strong>Nun\u00a0unterst\u00fctze ich Menschen<\/strong> (besonders schwer \u00fcbergewichtige oder untergewichtige Menschen) dabei eine st\u00e4rkere Version von sich selbst zu werden. <strong>Dieses Blog dient dazu Dich zu unterst\u00fctzen!<\/strong><\/p>\n<p><strong>Ich schreibe f\u00fcr Dich von echter Erfahrung und erz\u00e4hle keinen Hokuspokus.<\/strong> Ich bin authentisch. Ich bin intelligent. <strong>Ich lebe Paleo!<\/strong><\/p>\n<p>Meine Ern\u00e4hrung ist gem\u00e4\u00df Paleo und ich <strong>unterst\u00fctze eine gesunde Lebensweise<\/strong> und arbeite leidenschaftlich an den <strong>Themen Evolution\u00e4rer Gesundheit, Ern\u00e4hrung, Bewegung und effektiver Selbstverbesserung<\/strong>. Au\u00dferdem liebe ich <a title=\"Einfache und effektive \u00dcbung zum Abnehmen f\u00fcr stark \u00dcbergewichtige\" href=\"http:\/\/www.superhumanoid.info\/superblog\/2014\/08\/16\/einfache-uebung-zum-abnehmen-squat-hiit\/\" target=\"_blank\">HIIT<\/a>, <a title=\"1 Jahr als Freeletics Free Athlete \u2013 Noch diesen Winter zum Beach-Body?\" href=\"http:\/\/www.superhumanoid.info\/superblog\/2014\/12\/08\/1-jahr-als-freeletics-free-athlete-noch-diesen-winter-zum-beach-body\/\" target=\"_blank\">Freeletics<\/a> und <a title=\"Street Reading \u2013 Wie ich es schaffe mehr als 100 B\u00fccher im Jahr zu lesen trotz Beruf und Familie?\" href=\"http:\/\/www.superhumanoid.info\/superblog\/2015\/01\/28\/street-reading-speed-reading-smart-reading-schelles-buecher-lesen-technik\/\" target=\"_blank\">Lesen<\/a>.<\/p>\n<h3>Kommt Dir folgendes bekannt vor?<\/h3>\n<p><em>Du kennst das sicher! St\u00e4ndig kommt irgendein neuer Experte daher und will Dir erz\u00e4hlen, wie man nachhaltig schlank oder durchtrainiert und gesund sein kann? Viele dieser Experten sprechen nicht wirklich aus Erfahrung, da sie selbst nie stark \u00fcbergewichtig oder stark untergewichtig waren und sich den Herausforderungen selbst nicht stellen mussten. Sie erz\u00e4hlen oft \u00fcber die Dinge, die sie irgendwo gelesen oder gelernt haben, aber nicht von ihren eigenen Erfahrungen. Oftmals wird pauschal gesagt, dass Du weniger essen und sich mehr bewegen sollst.<\/em><\/p>\n<p><em>Tja, das ist ja nichts Neues, und jetzt? Warum ist im Jahr 2015 dann mehr als jeder zweite in Deutschland \u00fcbergewichtig und mehr als 1 Million Menschen untergewichtig?<\/em><\/p>\n<p>Wer zunhemen\u00a0m\u00f6chte, der steht heutzutage leider einer un\u00fcberschaubaren Zahl von Experten, neuen Di\u00e4ten und Wunderpillen gegen\u00fcber. Die meisten sind Trends, nicht praktikabel, wirkungslos oder sogar kontraproduktiv. Die Tipps der \u00c4rzte sind leider nicht sehr hilfreich.<\/p>\n<p><em>Viele Ratgeber und Workshops sind sehr einseitig und wollen Ihnen nur teure Produkte verkaufen.<\/em><\/p>\n<p><b>Dieses Blog und mein Buch sind anders!<\/b><\/p>\n<h3>Mehr als nur essen<\/h3>\n<p>Das ganzheitliche Konzept besteht grunds\u00e4tzlich aus mehreren S\u00e4ulen, die jeweils ein separates Kapitel auf dem Weg darstellen. Denn der evolution\u00e4re Ansatz ist keine Di\u00e4t, es ist ein nachhaltiges Konzept. Zumindest habe ich es so gelebt und damit sichtbare Erfolge erzielt. Deswegen gebe ich es auch genau so an Dich\u00a0weiter.<\/p>\n<p>Ich\u00a0erhebe den Anspruch Dir\u00a0in der modernen Welt das notwendige ganzheitliche Wissen zu vermitteln um ges\u00fcnder und fitter zu werden und ein neues Leben zu beginnen. Das Konzept des gesunden Zunehmens mit Paleo besteht wie auch\u00a0Abnehmen mit Paleo grunds\u00e4tzlich aus mehreren S\u00e4ulen. Die Inhalte der S\u00e4ulen decken sich partiell mit dem Thema \u201cAbnehmen mit Paleo\u201d.<\/p>\n<p>Denn Paleo ist mehr als nur eine Di\u00e4t, es ist ein nachhaltiges Konzept. Zumindest habe ich es so gelebt und damit sichtbare Erfolge erzielt. Deswegen gebe ich es auch genau so an Dich\u00a0weiter.<\/p>\n<p>Diese 7 S\u00e4ulen sind:<\/p>\n<ul>\n<li>S\u00e4ule des Basiswissens<\/li>\n<li>S\u00e4ule der Ern\u00e4hrung<\/li>\n<li>S\u00e4ule des gesunden Zunehmens mit Paleo<\/li>\n<li>S\u00e4ule der Bewegung<\/li>\n<li>S\u00e4ule der Ruhe<\/li>\n<li>S\u00e4ule der Umgebung<\/li>\n<li>S\u00e4ule des allgemeinen Wohlbefindens<\/li>\n<\/ul>\n<p>Der Vorteil der S\u00e4ulen ist, dass Du\u00a0nicht sofort\u00a0das gesamte Konzept umsetzen musst\u00a0starten zu k\u00f6nnen sondern sich eine S\u00e4ule herauspicken kannst, mit der Du\u00a0gerne beginnen m\u00f6chtest. Die S\u00e4ulen sind komplement\u00e4r. Du musst\u00a0diese selbst ausprobieren und erkennen, welche S\u00e4ulen f\u00fcr Dich\u00a0zu Beginn am besten geeignet sind. Ich empfehle aber das Basiswissen in jedem Fall zuerst anzueignen. Zus\u00e4tzlich gibt es auch noch Rezepte und einen Plan als Unterst\u00fctzung f\u00fcr den Start.<\/p>\n<p>Du\u00a0schaffst es!<\/p>\n<p><strong>Genug der Vorrede, los geht&#8217;s!<\/strong><\/p>\n<p><strong>WICHTIG!<\/strong> <a href=\"http:\/\/eepurl.com\/Yo8Pb\" target=\"_blank\" rel=\"nofollow\">Registriere Dich jetzt f\u00fcr meinen kostenlosen Newsletter um zuk\u00fcnftig weitere exklusive Informationen zu erhalten.<\/a><\/p>\n<h2>Zunehmen\u00a0mit Paleo in 4 Schritten<\/h2>\n<h4>Schritt 1: Grundlagen<\/h4>\n<p>Lies Dir meine <a title=\"Pawel\u2019s Paleo Grundlagen 2.0\" href=\"http:\/\/www.superhumanoid.info\/superblog\/pawels-paleo-grundlagen\/\">Pawel\u2019s Paleo Grundlagen 2.0<\/a> durch.<\/p>\n<p><em>Auf dieser Seite bringe ich Dir die Grundlagen und Hintergr\u00fcnde zu meiner Ern\u00e4hrungsweise nahe und teile zus\u00e4tzlich meine pers\u00f6nlichen Erfahrungen mit Dir.<\/em><\/p>\n<h4>Schritt 2: Quick-Start Guide<\/h4>\n<p>Lies Dir meinen <a title=\"Pawel\u2019s Quick-Start Paleo Guide\" href=\"http:\/\/www.superhumanoid.info\/superblog\/pawels-paleo-guide-quick-start\/\">Quick-Start Paleo Guide<\/a> durch.<\/p>\n<p><em>Dieser Paleo Guide f\u00fcr den schnellen Start gibt einen groben und schnellen \u00dcberblick um mit einem gesunden Lebensstil zu beginnen. Paleo ist mehr als &#8222;nur&#8220; essen!<\/em><\/p>\n<h4>Schritt 3: Artikel lesen und Podcasts h\u00f6ren bzw. Videos ansehen<\/h4>\n<h5>Videos<\/h5>\n<p><strong><a href=\"http:\/\/evolutionradioshow.com\/\" target=\"_blank\">Hier<\/a>\u00a0gebe ich in der <a href=\"http:\/\/evolutionradioshow.com\/\" target=\"_blank\">Evolution Radio Show<\/a> meine Erfahrungen an Dich weiter..<\/strong><\/p>\n<h5>Artikel<\/h5>\n<p>Lies Dir regelm\u00e4\u00dfig meine Artikel auf dem Blog zum Thema Paleo und besonders zu den Themen Gehirn, Darm und Stress\u00a0durch.<\/p>\n<p><strong>Zum sehr empfehlenswerten <a href=\"http:\/\/www.superhumanoid.info\/superblog\/2014\/12\/08\/1-jahr-als-freeletics-free-athlete-noch-diesen-winter-zum-beach-body\/\">Freeletics Artikel geht es hier<\/a>.<\/strong><\/p>\n<figure id=\"attachment_1252\" aria-describedby=\"caption-attachment-1252\" style=\"width: 468px\" class=\"wp-caption aligncenter\"><a href=\"http:\/\/ad.zanox.com\/ppc\/?29780069C1005407422T&amp;zpar0=[[PKC]]\" target=\"_blank\"><img data-recalc-dims=\"1\" loading=\"lazy\" decoding=\"async\" class=\"size-full wp-image-1252\" src=\"https:\/\/i0.wp.com\/www.superhumanoid.info\/superblog\/wp-content\/uploads\/mit-freeletics-starten.jpg?resize=468%2C60\" alt=\"Jetzt mit Freeletics starten und 15 Wochen durchziehen!\" width=\"468\" height=\"60\" srcset=\"https:\/\/i0.wp.com\/superhumanoid.info\/superblog\/wp-content\/uploads\/mit-freeletics-starten.jpg?w=468&amp;ssl=1 468w, https:\/\/i0.wp.com\/superhumanoid.info\/superblog\/wp-content\/uploads\/mit-freeletics-starten.jpg?resize=300%2C38&amp;ssl=1 300w, https:\/\/i0.wp.com\/superhumanoid.info\/superblog\/wp-content\/uploads\/mit-freeletics-starten.jpg?resize=50%2C6&amp;ssl=1 50w\" sizes=\"auto, (max-width: 468px) 100vw, 468px\" \/><\/a><figcaption id=\"caption-attachment-1252\" class=\"wp-caption-text\">Jetzt mit Freeletics starten und 15 Wochen durchziehen!<\/figcaption><\/figure>\n<h4>Schritt 4: Mein Buch lesen<\/h4>\n<p><a href=\"http:\/\/www.superhumanoid.info\/superblog\/2015\/12\/14\/zunehmen-mit-paleo-weightgain-hardgainer\/\">Klicke hier<\/a>, um zum <a href=\"http:\/\/www.superhumanoid.info\/superblog\/2015\/12\/14\/zunehmen-mit-paleo-weightgain-hardgainer\/\">Buchartikel<\/a> zu gelangen.<\/p>\n<h2>Detailierte Buchbeschreibung<\/h2>\n<h3>Klappentext zum Anh\u00f6ren:<\/h3>\n<audio class=\"wp-audio-shortcode\" id=\"audio-2819-1\" preload=\"none\" style=\"width: 100%;\" controls=\"controls\"><source type=\"audio\/mpeg\" src=\"https:\/\/dl.dropboxusercontent.com\/u\/21403654\/Podcast\/Audio\/zunehmen-mit-paleo-weightgain-power-for-everyone-and-hardgainer-audio-klappentext.mp3?_=1\" \/><a href=\"https:\/\/dl.dropboxusercontent.com\/u\/21403654\/Podcast\/Audio\/zunehmen-mit-paleo-weightgain-power-for-everyone-and-hardgainer-audio-klappentext.mp3\">https:\/\/dl.dropboxusercontent.com\/u\/21403654\/Podcast\/Audio\/zunehmen-mit-paleo-weightgain-power-for-everyone-and-hardgainer-audio-klappentext.mp3<\/a><\/audio>\n<h3>Blick ins Buch als Video:<\/h3>\n<p><span class=\"embed-youtube\" style=\"text-align:center; display: block;\"><iframe loading=\"lazy\" class=\"youtube-player\" width=\"640\" height=\"360\" src=\"https:\/\/www.youtube.com\/embed\/LsqpCFHagnw?version=3&#038;rel=1&#038;showsearch=0&#038;showinfo=1&#038;iv_load_policy=1&#038;fs=1&#038;hl=de-DE&#038;autohide=2&#038;wmode=transparent\" allowfullscreen=\"true\" style=\"border:0;\" sandbox=\"allow-scripts allow-same-origin allow-popups allow-presentation allow-popups-to-escape-sandbox\"><\/iframe><\/span><\/p>\n<p style=\"text-align: center;\">(Das\u00a0<a title=\"http:\/\/amzn.to\/1Fhlg7I\" href=\"http:\/\/amzn.to\/1YzfdFt\" target=\"_blank\" rel=\"nofollow\">Inhaltsverzeichnis gibt es hier auf Amazon<\/a>)<\/p>\n<p>\u00dcberzeugt? Dann absolviere den <a title=\"http:\/\/amzn.to\/1JXAnsY\" href=\"http:\/\/amzn.to\/1YzfdFt\" target=\"_blank\" rel=\"nofollow\">7 Schritte Plan f\u00fcr einen Quick-Start aus dem Buch<\/a>. Werde Fan meiner\u00a0<a title=\"https:\/\/www.facebook.com\/abnehmen.mit.paleo\" href=\"https:\/\/www.facebook.com\/superhumanoid.info\" target=\"_blank\" rel=\"nofollow\">Facebook-Seite<\/a>.<\/p>\n<p><b><a href=\"http:\/\/amzn.to\/1NhwC0m\" target=\"_blank\" rel=\"nofollow\">Zunehmen\u00a0mit Paleo (Kindle) &#8211; Jetzt Kaufen!<\/a><br \/>\n<a href=\"http:\/\/amzn.to\/1YzfdFt\" rel=\"nofollow\">Zunehmen\u00a0mit Paleo (Taschenbuch) &#8211; Jetzt Kaufen!<\/a><\/b><\/p>\n<p><b>In dem 7-Schritte Plan\u00a0werden die wichtigsten Aspekte f\u00fcr das Zunehmen mit Paleo aus allen S\u00e4ulen schrittweise umgesetzt.<\/b><\/p>\n<p><u>M\u00f6glich Ziele sind:<\/u><\/p>\n<ul>\n<li>Aufbau von K\u00f6rpergewicht<\/li>\n<li>Mehr Energie<\/li>\n<li>Weniger M\u00fcdigkeit<\/li>\n<li>H\u00f6here Leistungsf\u00e4higkeit<\/li>\n<li>Reduktion von Allergien<\/li>\n<li>Reduktion von Entz\u00fcndungen<\/li>\n<li>St\u00e4rkung des Immunsystems<\/li>\n<li>Reduktion von Depressionen<\/li>\n<li>Verbesserung des Stoffwechsels<\/li>\n<\/ul>\n<p><em>Stelle Dich der Herausforderung und teile mir Deine Erfolge mit.<\/em><\/p>\n<p><strong>Jetzt hei\u00dft es STARTEN! Viel Erfolg!<\/strong><\/p>\n<p><em>Zur Motivation zeige ich Dir meine Erfolgsgeschichte zu mehr Gesundheit, Kraft und Energie in diesem Bild:<\/em><\/p>\n<figure id=\"attachment_196\" aria-describedby=\"caption-attachment-196\" style=\"width: 300px\" class=\"wp-caption aligncenter\"><a href=\"https:\/\/i0.wp.com\/www.superhumanoid.info\/superblog\/wp-content\/uploads\/pawel_konefal_info_transformation.jpg\"><img data-recalc-dims=\"1\" loading=\"lazy\" decoding=\"async\" class=\"size-medium wp-image-196\" src=\"https:\/\/i0.wp.com\/www.superhumanoid.info\/superblog\/wp-content\/uploads\/pawel_konefal_info_transformation-300x168.jpg?resize=300%2C168\" alt=\"Pawel Konefal Transformation Paleo\" width=\"300\" height=\"168\" srcset=\"https:\/\/i0.wp.com\/superhumanoid.info\/superblog\/wp-content\/uploads\/pawel_konefal_info_transformation.jpg?resize=300%2C168&amp;ssl=1 300w, https:\/\/i0.wp.com\/superhumanoid.info\/superblog\/wp-content\/uploads\/pawel_konefal_info_transformation.jpg?w=700&amp;ssl=1 700w\" sizes=\"auto, (max-width: 300px) 100vw, 300px\" \/><\/a><figcaption id=\"caption-attachment-196\" class=\"wp-caption-text\">Pawel Konefal Transformation mit Paleo<\/figcaption><\/figure>\n","protected":false},"excerpt":{"rendered":"<p>Zunehmen mit Paleo: Auf dieser Seite geht es um das erfolgreiche Zunehmen\u00a0mit der sogenannten Paleo Di\u00e4t \/ Steinzeit Di\u00e4t bzw. Steinzeitern\u00e4hrung. Ich wei\u00df, wie es ist schlank zu sein und&#8230;<\/p>\n","protected":false},"author":1,"featured_media":2802,"parent":0,"menu_order":0,"comment_status":"closed","ping_status":"closed","template":"","meta":{"jetpack_post_was_ever_published":false,"footnotes":"","_links_to":"","_links_to_target":""},"class_list":["post-2819","page","type-page","status-publish","has-post-thumbnail","hentry","entry"],"yoast_head":"<!-- This site is optimized with the Yoast SEO plugin v27.3 - https:\/\/yoast.com\/product\/yoast-seo-wordpress\/ -->\n<title>Zunehmen mit Paleo - superhumanoid.info blog<\/title>\n<meta name=\"description\" content=\"Zunehmen\u00a0mit Paleo: Auf dieser Seite geht es um das\u00a0erfolgreiche Zunehmen\u00a0mit der sogenannten Paleo Di\u00e4t\u00a0\/ Steinzeit Di\u00e4t f\u00fcr Hardgainer und Untergewichtige\" \/>\n<meta name=\"robots\" content=\"index, follow, max-snippet:-1, max-image-preview:large, max-video-preview:-1\" \/>\n<link rel=\"canonical\" href=\"https:\/\/superhumanoid.info\/superblog\/zunehmen-mit-paleo-diaet-steinzeit-diaet\/\" \/>\n<meta property=\"og:locale\" content=\"de_DE\" \/>\n<meta property=\"og:type\" content=\"article\" \/>\n<meta property=\"og:title\" content=\"Zunehmen mit Paleo bzw. Steinzeit Di\u00e4t\" \/>\n<meta property=\"og:description\" content=\"Untergewicht ist heutzutage ein sehr ernst zu nehmendes Thema. Mehr als 1 Million Deutsche leiden an Untergewicht. Das gesunde Zunehmen ist oft schwerer als das gesunde Abnehmen bei u\u0308bergewichtigen Menschen.\" \/>\n<meta property=\"og:url\" content=\"https:\/\/superhumanoid.info\/superblog\/zunehmen-mit-paleo-diaet-steinzeit-diaet\/\" \/>\n<meta property=\"og:site_name\" content=\"superhumanoid.info blog\" \/>\n<meta property=\"article:publisher\" content=\"https:\/\/www.facebook.com\/superhumanoid.info\" \/>\n<meta name=\"twitter:label1\" content=\"Gesch\u00e4tzte Lesezeit\" \/>\n\t<meta name=\"twitter:data1\" content=\"5\u00a0Minuten\" \/>\n<script type=\"application\/ld+json\" class=\"yoast-schema-graph\">{\"@context\":\"https:\\\/\\\/schema.org\",\"@graph\":[{\"@type\":\"WebPage\",\"@id\":\"https:\\\/\\\/superhumanoid.info\\\/superblog\\\/zunehmen-mit-paleo-diaet-steinzeit-diaet\\\/\",\"url\":\"https:\\\/\\\/superhumanoid.info\\\/superblog\\\/zunehmen-mit-paleo-diaet-steinzeit-diaet\\\/\",\"name\":\"Zunehmen mit Paleo - superhumanoid.info blog\",\"isPartOf\":{\"@id\":\"https:\\\/\\\/superhumanoid.info\\\/superblog\\\/#website\"},\"primaryImageOfPage\":{\"@id\":\"https:\\\/\\\/superhumanoid.info\\\/superblog\\\/zunehmen-mit-paleo-diaet-steinzeit-diaet\\\/#primaryimage\"},\"image\":{\"@id\":\"https:\\\/\\\/superhumanoid.info\\\/superblog\\\/zunehmen-mit-paleo-diaet-steinzeit-diaet\\\/#primaryimage\"},\"thumbnailUrl\":\"https:\\\/\\\/i0.wp.com\\\/superhumanoid.info\\\/superblog\\\/wp-content\\\/uploads\\\/zunehmen-mit-paleo-3d-book-front-shot-orig-no-spine-no-logo-shadow-widget.jpg?fit=130%2C138&ssl=1\",\"datePublished\":\"2015-12-13T04:38:55+00:00\",\"description\":\"Zunehmen\u00a0mit Paleo: Auf dieser Seite geht es um das\u00a0erfolgreiche Zunehmen\u00a0mit der sogenannten Paleo Di\u00e4t\u00a0\\\/ Steinzeit Di\u00e4t f\u00fcr Hardgainer und Untergewichtige\",\"breadcrumb\":{\"@id\":\"https:\\\/\\\/superhumanoid.info\\\/superblog\\\/zunehmen-mit-paleo-diaet-steinzeit-diaet\\\/#breadcrumb\"},\"inLanguage\":\"de\",\"potentialAction\":[{\"@type\":\"ReadAction\",\"target\":[\"https:\\\/\\\/superhumanoid.info\\\/superblog\\\/zunehmen-mit-paleo-diaet-steinzeit-diaet\\\/\"]}]},{\"@type\":\"ImageObject\",\"inLanguage\":\"de\",\"@id\":\"https:\\\/\\\/superhumanoid.info\\\/superblog\\\/zunehmen-mit-paleo-diaet-steinzeit-diaet\\\/#primaryimage\",\"url\":\"https:\\\/\\\/i0.wp.com\\\/superhumanoid.info\\\/superblog\\\/wp-content\\\/uploads\\\/zunehmen-mit-paleo-3d-book-front-shot-orig-no-spine-no-logo-shadow-widget.jpg?fit=130%2C138&ssl=1\",\"contentUrl\":\"https:\\\/\\\/i0.wp.com\\\/superhumanoid.info\\\/superblog\\\/wp-content\\\/uploads\\\/zunehmen-mit-paleo-3d-book-front-shot-orig-no-spine-no-logo-shadow-widget.jpg?fit=130%2C138&ssl=1\",\"width\":130,\"height\":138,\"caption\":\"Zunehmen mit Paleo: Paleo Weightgain Power For Everyone von Pawel Marian Konefal\"},{\"@type\":\"BreadcrumbList\",\"@id\":\"https:\\\/\\\/superhumanoid.info\\\/superblog\\\/zunehmen-mit-paleo-diaet-steinzeit-diaet\\\/#breadcrumb\",\"itemListElement\":[{\"@type\":\"ListItem\",\"position\":1,\"name\":\"Startseite\",\"item\":\"https:\\\/\\\/superhumanoid.info\\\/superblog\\\/\"},{\"@type\":\"ListItem\",\"position\":2,\"name\":\"Zunehmen mit Paleo\"}]},{\"@type\":\"WebSite\",\"@id\":\"https:\\\/\\\/superhumanoid.info\\\/superblog\\\/#website\",\"url\":\"https:\\\/\\\/superhumanoid.info\\\/superblog\\\/\",\"name\":\"superhumanoid.info blog\",\"description\":\"Evolution\u00e4re Gesundheit mit Paleo\",\"publisher\":{\"@id\":\"https:\\\/\\\/superhumanoid.info\\\/superblog\\\/#organization\"},\"potentialAction\":[{\"@type\":\"SearchAction\",\"target\":{\"@type\":\"EntryPoint\",\"urlTemplate\":\"https:\\\/\\\/superhumanoid.info\\\/superblog\\\/?s={search_term_string}\"},\"query-input\":{\"@type\":\"PropertyValueSpecification\",\"valueRequired\":true,\"valueName\":\"search_term_string\"}}],\"inLanguage\":\"de\"},{\"@type\":\"Organization\",\"@id\":\"https:\\\/\\\/superhumanoid.info\\\/superblog\\\/#organization\",\"name\":\"superhumanoid.info blog\",\"url\":\"https:\\\/\\\/superhumanoid.info\\\/superblog\\\/\",\"logo\":{\"@type\":\"ImageObject\",\"inLanguage\":\"de\",\"@id\":\"https:\\\/\\\/superhumanoid.info\\\/superblog\\\/#\\\/schema\\\/logo\\\/image\\\/\",\"url\":\"https:\\\/\\\/i0.wp.com\\\/superhumanoid.info\\\/superblog\\\/wp-content\\\/uploads\\\/cropped-superhumanoid-info-logo-small.png?fit=260%2C60&ssl=1\",\"contentUrl\":\"https:\\\/\\\/i0.wp.com\\\/superhumanoid.info\\\/superblog\\\/wp-content\\\/uploads\\\/cropped-superhumanoid-info-logo-small.png?fit=260%2C60&ssl=1\",\"width\":260,\"height\":60,\"caption\":\"superhumanoid.info blog\"},\"image\":{\"@id\":\"https:\\\/\\\/superhumanoid.info\\\/superblog\\\/#\\\/schema\\\/logo\\\/image\\\/\"},\"sameAs\":[\"https:\\\/\\\/www.facebook.com\\\/superhumanoid.info\",\"https:\\\/\\\/x.com\\\/super_humanoid\",\"http:\\\/\\\/www.instagram.com\\\/superhumanoid.info\",\"http:\\\/\\\/pinterest.com\\\/super_humanoid\",\"http:\\\/\\\/www.youtube.com\\\/SuperhumanoidInfo\"]}]}<\/script>\n<!-- \/ Yoast SEO plugin. -->","yoast_head_json":{"title":"Zunehmen mit Paleo - superhumanoid.info blog","description":"Zunehmen\u00a0mit Paleo: Auf dieser Seite geht es um das\u00a0erfolgreiche Zunehmen\u00a0mit der sogenannten Paleo Di\u00e4t\u00a0\/ Steinzeit Di\u00e4t f\u00fcr Hardgainer und Untergewichtige","robots":{"index":"index","follow":"follow","max-snippet":"max-snippet:-1","max-image-preview":"max-image-preview:large","max-video-preview":"max-video-preview:-1"},"canonical":"https:\/\/superhumanoid.info\/superblog\/zunehmen-mit-paleo-diaet-steinzeit-diaet\/","og_locale":"de_DE","og_type":"article","og_title":"Zunehmen mit Paleo bzw. Steinzeit Di\u00e4t","og_description":"Untergewicht ist heutzutage ein sehr ernst zu nehmendes Thema. Mehr als 1 Million Deutsche leiden an Untergewicht. Das gesunde Zunehmen ist oft schwerer als das gesunde Abnehmen bei u\u0308bergewichtigen Menschen.","og_url":"https:\/\/superhumanoid.info\/superblog\/zunehmen-mit-paleo-diaet-steinzeit-diaet\/","og_site_name":"superhumanoid.info blog","article_publisher":"https:\/\/www.facebook.com\/superhumanoid.info","twitter_misc":{"Gesch\u00e4tzte Lesezeit":"5\u00a0Minuten"},"schema":{"@context":"https:\/\/schema.org","@graph":[{"@type":"WebPage","@id":"https:\/\/superhumanoid.info\/superblog\/zunehmen-mit-paleo-diaet-steinzeit-diaet\/","url":"https:\/\/superhumanoid.info\/superblog\/zunehmen-mit-paleo-diaet-steinzeit-diaet\/","name":"Zunehmen mit Paleo - superhumanoid.info blog","isPartOf":{"@id":"https:\/\/superhumanoid.info\/superblog\/#website"},"primaryImageOfPage":{"@id":"https:\/\/superhumanoid.info\/superblog\/zunehmen-mit-paleo-diaet-steinzeit-diaet\/#primaryimage"},"image":{"@id":"https:\/\/superhumanoid.info\/superblog\/zunehmen-mit-paleo-diaet-steinzeit-diaet\/#primaryimage"},"thumbnailUrl":"https:\/\/i0.wp.com\/superhumanoid.info\/superblog\/wp-content\/uploads\/zunehmen-mit-paleo-3d-book-front-shot-orig-no-spine-no-logo-shadow-widget.jpg?fit=130%2C138&ssl=1","datePublished":"2015-12-13T04:38:55+00:00","description":"Zunehmen\u00a0mit Paleo: Auf dieser Seite geht es um das\u00a0erfolgreiche Zunehmen\u00a0mit der sogenannten Paleo Di\u00e4t\u00a0\/ Steinzeit Di\u00e4t f\u00fcr Hardgainer und Untergewichtige","breadcrumb":{"@id":"https:\/\/superhumanoid.info\/superblog\/zunehmen-mit-paleo-diaet-steinzeit-diaet\/#breadcrumb"},"inLanguage":"de","potentialAction":[{"@type":"ReadAction","target":["https:\/\/superhumanoid.info\/superblog\/zunehmen-mit-paleo-diaet-steinzeit-diaet\/"]}]},{"@type":"ImageObject","inLanguage":"de","@id":"https:\/\/superhumanoid.info\/superblog\/zunehmen-mit-paleo-diaet-steinzeit-diaet\/#primaryimage","url":"https:\/\/i0.wp.com\/superhumanoid.info\/superblog\/wp-content\/uploads\/zunehmen-mit-paleo-3d-book-front-shot-orig-no-spine-no-logo-shadow-widget.jpg?fit=130%2C138&ssl=1","contentUrl":"https:\/\/i0.wp.com\/superhumanoid.info\/superblog\/wp-content\/uploads\/zunehmen-mit-paleo-3d-book-front-shot-orig-no-spine-no-logo-shadow-widget.jpg?fit=130%2C138&ssl=1","width":130,"height":138,"caption":"Zunehmen mit Paleo: Paleo Weightgain Power For Everyone von Pawel Marian Konefal"},{"@type":"BreadcrumbList","@id":"https:\/\/superhumanoid.info\/superblog\/zunehmen-mit-paleo-diaet-steinzeit-diaet\/#breadcrumb","itemListElement":[{"@type":"ListItem","position":1,"name":"Startseite","item":"https:\/\/superhumanoid.info\/superblog\/"},{"@type":"ListItem","position":2,"name":"Zunehmen mit Paleo"}]},{"@type":"WebSite","@id":"https:\/\/superhumanoid.info\/superblog\/#website","url":"https:\/\/superhumanoid.info\/superblog\/","name":"superhumanoid.info blog","description":"Evolution\u00e4re Gesundheit mit Paleo","publisher":{"@id":"https:\/\/superhumanoid.info\/superblog\/#organization"},"potentialAction":[{"@type":"SearchAction","target":{"@type":"EntryPoint","urlTemplate":"https:\/\/superhumanoid.info\/superblog\/?s={search_term_string}"},"query-input":{"@type":"PropertyValueSpecification","valueRequired":true,"valueName":"search_term_string"}}],"inLanguage":"de"},{"@type":"Organization","@id":"https:\/\/superhumanoid.info\/superblog\/#organization","name":"superhumanoid.info blog","url":"https:\/\/superhumanoid.info\/superblog\/","logo":{"@type":"ImageObject","inLanguage":"de","@id":"https:\/\/superhumanoid.info\/superblog\/#\/schema\/logo\/image\/","url":"https:\/\/i0.wp.com\/superhumanoid.info\/superblog\/wp-content\/uploads\/cropped-superhumanoid-info-logo-small.png?fit=260%2C60&ssl=1","contentUrl":"https:\/\/i0.wp.com\/superhumanoid.info\/superblog\/wp-content\/uploads\/cropped-superhumanoid-info-logo-small.png?fit=260%2C60&ssl=1","width":260,"height":60,"caption":"superhumanoid.info blog"},"image":{"@id":"https:\/\/superhumanoid.info\/superblog\/#\/schema\/logo\/image\/"},"sameAs":["https:\/\/www.facebook.com\/superhumanoid.info","https:\/\/x.com\/super_humanoid","http:\/\/www.instagram.com\/superhumanoid.info","http:\/\/pinterest.com\/super_humanoid","http:\/\/www.youtube.com\/SuperhumanoidInfo"]}]}},"jetpack_shortlink":"https:\/\/wp.me\/P4PQdV-Jt","jetpack_sharing_enabled":true,"_links":{"self":[{"href":"https:\/\/superhumanoid.info\/superblog\/wp-json\/wp\/v2\/pages\/2819","targetHints":{"allow":["GET"]}}],"collection":[{"href":"https:\/\/superhumanoid.info\/superblog\/wp-json\/wp\/v2\/pages"}],"about":[{"href":"https:\/\/superhumanoid.info\/superblog\/wp-json\/wp\/v2\/types\/page"}],"author":[{"embeddable":true,"href":"https:\/\/superhumanoid.info\/superblog\/wp-json\/wp\/v2\/users\/1"}],"replies":[{"embeddable":true,"href":"https:\/\/superhumanoid.info\/superblog\/wp-json\/wp\/v2\/comments?post=2819"}],"version-history":[{"count":0,"href":"https:\/\/superhumanoid.info\/superblog\/wp-json\/wp\/v2\/pages\/2819\/revisions"}],"wp:featuredmedia":[{"embeddable":true,"href":"https:\/\/superhumanoid.info\/superblog\/wp-json\/wp\/v2\/media\/2802"}],"wp:attachment":[{"href":"https:\/\/superhumanoid.info\/superblog\/wp-json\/wp\/v2\/media?parent=2819"}],"curies":[{"name":"wp","href":"https:\/\/api.w.org\/{rel}","templated":true}]}}