{"id":352,"date":"2014-08-26T19:38:39","date_gmt":"2014-08-26T17:38:39","guid":{"rendered":"http:\/\/www.superhumanoid.info\/superblog\/?page_id=352"},"modified":"2017-11-16T19:32:32","modified_gmt":"2017-11-16T18:32:32","slug":"pawels-brain-hack-gehirn-fitness-iq-paleo-keto-fitness","status":"publish","type":"page","link":"https:\/\/superhumanoid.info\/superblog\/pawels-paleo-fitness-uebungen-hiit\/pawels-brain-hack-gehirn-fitness-iq-paleo-keto-fitness\/","title":{"rendered":"Paleo Gehirn-Pflege und Fitness"},"content":{"rendered":"<figure id=\"attachment_939\" aria-describedby=\"caption-attachment-939\" style=\"width: 130px\" class=\"wp-caption alignleft\"><a href=\"www.superhumanoid.info\/superblog\/gravity-landing\/paleo-gehirn-pflege-guide-2-0-paleo-brain-power-for-everyone-pragmatiker-edition-das-buch\/\"><img data-recalc-dims=\"1\" loading=\"lazy\" decoding=\"async\" class=\"size-full wp-image-939\" src=\"https:\/\/i0.wp.com\/www.superhumanoid.info\/superblog\/wp-content\/uploads\/Gehirn-Pflege-Guide-2.0-Paleo-Brain-Power-For-Everyone-3d-Buch-full-nologo1-e1420008677358.png?resize=130%2C266\" alt=\"Gehirn-Pflege Guide 2.0: Paleo Brain Power For Everyone Pragmatiker Edition\" width=\"130\" height=\"266\" \/><\/a><figcaption id=\"caption-attachment-939\" class=\"wp-caption-text\">Gehirn-Pflege Guide 2.0: Paleo Brain Power For Everyone Pragmatiker Edition<\/figcaption><\/figure>\n<p><strong>Es gibt ein Problem<\/strong><\/p>\n<p>Das Gehirn der meisten Menschen heutzutage l\u00e4uft auf Sparflamme.<\/p>\n<p>Zivilisationskrankheiten wie Alzheimer (Typ-3 Diabetes), Autismus, Demenz, Depressionen und ADHD nehmen rasant zu. Der Druck durch die hohen Leistungsanforderungen in der Schule, beim Studium und im Beruf ist enorm. Kinder haben Konzentrationsschw\u00e4chen und der Pisa-Schock ist noch in allen K\u00f6pfen verankert.<\/p>\n<p>Was ist die Antwort des etablierten medizinischen Systems?<\/p>\n<p>Wie bei den meisten chronischen Erkrankungen ist die L\u00f6sung leider nur ein entsprechendes Arzneimittel. Symptombek\u00e4mpfung anstatt das Problem an der Wurzel anzupacken.<\/p>\n<figure id=\"attachment_1236\" aria-describedby=\"caption-attachment-1236\" style=\"width: 130px\" class=\"wp-caption alignright\"><a href=\"http:\/\/www.superhumanoid.info\/superblog\/gravity-landing\/paleo-gehirn-pflege-guide-2-0-paleo-brain-power-for-everyone-pragmatiker-edition-das-buch\/\"><img data-recalc-dims=\"1\" loading=\"lazy\" decoding=\"async\" class=\"size-full wp-image-1236\" src=\"https:\/\/i0.wp.com\/www.superhumanoid.info\/superblog\/wp-content\/uploads\/Gehirn-Pflege-Paleo-Rezepte-Kochbuch-2.0-Paleo-Brainfood-Power-For-Everyone-3d-buch_small-e1431753040970.jpg?resize=130%2C214\" alt=\"Gehirn-Pflege Paleo Rezepte Kochbuch 2.0: Paleo Brainfood Power For Everyone. Schlank und Schlau Edition mit mehr als 50 Rezepten aus der Steinzeitern\u00e4hrung. 100% glutenfrei und laktosefrei.\" width=\"130\" height=\"214\" \/><\/a><figcaption id=\"caption-attachment-1236\" class=\"wp-caption-text\">Gehirn-Pflege Paleo Rezepte Kochbuch 2.0: Paleo Brainfood Power For Everyone. Schlank und Schlau Edition mit mehr als 50 Rezepten aus der Steinzeitern\u00e4hrung. 100% glutenfrei und laktosefrei.<\/figcaption><\/figure>\n<p><strong>L\u00f6sung<\/strong><\/p>\n<p>Ich biete Dir mit tollen Tipps zur Gehirn Fitness die M\u00f6glichkeit nach neuesten Erkenntnissen in den <strong>Bereichen Ern\u00e4hrung, Sport, Supplementierung, Gehirntraining Deine kognitiven F\u00e4higkeiten zu verbessern, Deine Gehirnleistung optimal auszunutzen und Deinen IQ zu steigern.<\/strong><\/p>\n<p>Wie komme ich dazu \u00fcber <strong>nat\u00fcrliches Brainhacking bzw. Gehirnfitness und der nat\u00fcrlichen Steigerung des IQs<\/strong> (Intelligenz Quotient) zu schreiben und was macht mich zum Experten?<\/p>\n<p>Da ich in den letzten Jahren ein <strong>bekennender Selbst-Optimierer<\/strong> geworden bin und gemerkt habe was man mit einem <strong>gesunden Lebensstil, Paleo und der ketogenen Ern\u00e4hrung<\/strong> erreichen kann, habe ich den Weg zur nat\u00fcrlichen Optimierung meiner Gehirnleistung beschritten.<\/p>\n<p>Nachdem ich am eigenen K\u00f6rper gesp\u00fcrt habe, dass es viele nat\u00fcrliche M\u00f6glichkeiten gibt um die Gehirnleistung zu verbessern habe ich unaufh\u00f6rlich internationale Literatur dar\u00fcber gelesen und sehr viel im Internet recherchiert.<\/p>\n<p><strong>Jede neue und interessante M\u00f6glichkeit die kognitiven F\u00e4higkeiten zu verbessern habe ich an mir selbst ausprobiert und in mein Leben integriert<\/strong> und getestet. <strong>Meine Erfahrungen und dieses Wissen haben nun den Weg in dieses Blog gefunden, damit auch Du davon profitieren kannst.<\/strong><\/p>\n<p><strong>Wunderpille?<\/strong><br \/>\nEs w\u00e4re f\u00fcr den Menschen nat\u00fcrlich toll, wenn er nur eine Pille einnehmen k\u00f6nnte um seine Gehirnleistung schnell und schmerzlos zu erh\u00f6hen. Pl\u00f6tzlich wird er immer aufmerksamer, vergisst nie einen Namen und rechnet alle Mathematikaufgaben einfach im Kopf durch. <strong>Doch diese eine Pille gibt es nicht. Dennoch gibt es eine gro\u00dfe Menge an gesunden und nat\u00fcrlichen M\u00f6glichkeiten, die Leistung des Gehirns enorm zu steigern und eine noch nie vorher da gewesene Gehirnfitness zu erreichen.<\/strong> Zus\u00e4tzlich h\u00e4lt man sein Gehirn dabei gesund und beugt Zivilisationskrankheiten vor.<\/p>\n<h4>Unfairer Vorteil: Deinen IQ steigern? Das kannst Du auch\u2026<\/h4>\n<ul>\n<li>Lerne Dein Gehirn besser kennen<\/li>\n<li>Erschaffe eine st\u00e4rkere Version von Dir selbst<\/li>\n<li>Gestalte Deinen Alltag effizienter<\/li>\n<li>Arbeite konzentrierter<\/li>\n<li>Entspann auch dabei<\/li>\n<\/ul>\n<h4>Weiterer unfairer Vorteil: Kochen als Brainbooster? Das kannst\u00a0Du\u00a0ebenfalls\u2026<\/h4>\n<ul>\n<li>Lerne\u00a0kennen, welche Lebensmittel Dich\u00a0dabei unterst\u00fctzen k\u00f6nnen<\/li>\n<li>Probiere mehr als 50 leckere Rezepte aus<\/li>\n<li>Erschaffe Sie eine st\u00e4rkere Version von Dir\u00a0selbst<\/li>\n<\/ul>\n<p><strong>WICHTIG!<\/strong> <strong><a href=\"http:\/\/eepurl.com\/Yo8Pb\" target=\"_blank\" rel=\"nofollow\">Bevor es losgeht, jetzt f\u00fcr meinen kostenlosen Newsletter registrieren.<\/a><\/strong><\/p>\n<h2>Gehirn-Pflege mit Paleo in 4 Schritten<\/h2>\n<h3>Schritt 1: Grundlagen<\/h3>\n<p>Die richtige Ern\u00e4hrung ist die Grundlage. Lies Dir meine <a title=\"Pawel\u2019s Paleo Grundlagen 2.0\" href=\"http:\/\/www.superhumanoid.info\/superblog\/pawels-paleo-grundlagen\/\">Pawel\u2019s Paleo Grundlagen 2.0<\/a> durch und ebenfalls zu Beginn den Artikel <a title=\"\u201cGehirn-Di\u00e4t\u201d:  Iss Dich schlau\u2026 Smartes Essen f\u00fcr Dein smartes Gehirn\u2026\" href=\"http:\/\/www.superhumanoid.info\/superblog\/2014\/10\/11\/paleo-gehirn-diaet-ernaehrung-smart-essen-gehirnleistung-und-iq-steigern\/\" target=\"_blank\">&#8222;Gehirn-Di\u00e4t&#8220;: Iss Dich schlau&#8230; Smartes Essen f\u00fcr Dein smartes Gehirn&#8230;<\/a> durch. Kennst Du eigentlich schon den\u00a0SOLIDMIND FOCUS Konzentrations Booster?<\/p>\n<figure id=\"attachment_1304\" aria-describedby=\"caption-attachment-1304\" style=\"width: 300px\" class=\"wp-caption aligncenter\"><a href=\"https:\/\/bitly.com\/solidmindnutrition\" target=\"_blank\" rel=\"nofollow\"><img data-recalc-dims=\"1\" loading=\"lazy\" decoding=\"async\" class=\"wp-image-1304 size-medium\" src=\"https:\/\/i0.wp.com\/www.superhumanoid.info\/superblog\/wp-content\/uploads\/RZ-SOLIDMIND-Nutrition-1CBlack-300x65.png?resize=300%2C65\" alt=\"SOLIDMIND Nutrition\" width=\"300\" height=\"65\" srcset=\"https:\/\/i0.wp.com\/superhumanoid.info\/superblog\/wp-content\/uploads\/RZ-SOLIDMIND-Nutrition-1CBlack.png?resize=300%2C65&amp;ssl=1 300w, https:\/\/i0.wp.com\/superhumanoid.info\/superblog\/wp-content\/uploads\/RZ-SOLIDMIND-Nutrition-1CBlack.png?resize=2048%2C442&amp;ssl=1 2048w, https:\/\/i0.wp.com\/superhumanoid.info\/superblog\/wp-content\/uploads\/RZ-SOLIDMIND-Nutrition-1CBlack.png?resize=50%2C11&amp;ssl=1 50w, https:\/\/i0.wp.com\/superhumanoid.info\/superblog\/wp-content\/uploads\/RZ-SOLIDMIND-Nutrition-1CBlack.png?w=3000&amp;ssl=1 3000w\" sizes=\"auto, (max-width: 300px) 100vw, 300px\" \/><\/a><figcaption id=\"caption-attachment-1304\" class=\"wp-caption-text\">SOLIDMIND Nutrition<\/figcaption><\/figure>\n<h3>Schritt 2: Bewegung<\/h3>\n<p>Die richtige Art von Bewegung erg\u00e4nzt Deine Gehirn-Fitness bis ins hohe Alter. Lies Dir also den Artikel <a title=\"Wie der richtige Sport Deine Gehirnfitness und kognitive Leistung steigert\" href=\"http:\/\/www.superhumanoid.info\/superblog\/2014\/09\/27\/wie-der-richtige-sport-deine-gehirnfitness-und-kognitive-leistung-steigert\/\">\u00fcber den richtigen Sport<\/a> durch. Zum sehr empfehlenswerten <a href=\"http:\/\/www.superhumanoid.info\/superblog\/2014\/12\/08\/1-jahr-als-freeletics-free-athlete-noch-diesen-winter-zum-beach-body\/\">Freeletics Artikel geht es hier<\/a>.<\/p>\n<figure id=\"attachment_1252\" aria-describedby=\"caption-attachment-1252\" style=\"width: 468px\" class=\"wp-caption aligncenter\"><a href=\"http:\/\/ad.zanox.com\/ppc\/?29780069C1005407422T&amp;zpar0=[[PKC]]\" target=\"_blank\"><img data-recalc-dims=\"1\" loading=\"lazy\" decoding=\"async\" class=\"size-full wp-image-1252\" src=\"https:\/\/i0.wp.com\/www.superhumanoid.info\/superblog\/wp-content\/uploads\/mit-freeletics-starten.jpg?resize=468%2C60\" alt=\"Jetzt mit Freeletics starten und 15 durchziehen!\" width=\"468\" height=\"60\" srcset=\"https:\/\/i0.wp.com\/superhumanoid.info\/superblog\/wp-content\/uploads\/mit-freeletics-starten.jpg?w=468&amp;ssl=1 468w, https:\/\/i0.wp.com\/superhumanoid.info\/superblog\/wp-content\/uploads\/mit-freeletics-starten.jpg?resize=300%2C38&amp;ssl=1 300w, https:\/\/i0.wp.com\/superhumanoid.info\/superblog\/wp-content\/uploads\/mit-freeletics-starten.jpg?resize=50%2C6&amp;ssl=1 50w\" sizes=\"auto, (max-width: 468px) 100vw, 468px\" \/><\/a><figcaption id=\"caption-attachment-1252\" class=\"wp-caption-text\">Jetzt mit Freeletics starten und Wochen 15 durchziehen!<\/figcaption><\/figure>\n<h3>Schritt 3: Regeneration<\/h3>\n<p>Regeneration ist ein enorm wichtiger Faktor zu mehr Gehirn-Fitness und kognitiver Gesundheit. <a title=\"Was Du \u00fcber Deinen Schlaf eventuell noch nicht wusstest\" href=\"http:\/\/www.superhumanoid.info\/superblog\/2014\/09\/08\/paleo-und-dein-schlaf-und-das-gedaechtnis\/\">Der richtige Schlaf<\/a> ist essenziell.<\/p>\n<h3>Schritt 4: Meine B\u00fccher lesen<\/h3>\n<p>\u00dcberzeugt? Dann lies \u00fcber weitere und detaillierter ausgef\u00fchrte Themen in <a title=\"http:\/\/amzn.to\/19o3WDL\" href=\"http:\/\/amzn.to\/19o3WDL\" target=\"_blank\" rel=\"nofollow nofollow nofollow\">diesem Buch<\/a>. Werde Fan der <a title=\"https:\/\/www.facebook.com\/paleo.gehirn.pflege.buch\" href=\"https:\/\/www.facebook.com\/paleo.gehirn.pflege.buch\" target=\"_blank\" rel=\"nofollow\">Facebook-Seite zum Buch<\/a> und tausch Dich dort aus mit vielen anderen zusammen.<\/p>\n<p>Alles, was ich in diesem Buch beschreibe, habe ich selbst ausprobiert. Ich habe es f\u00fcr wirkungsvoll befunden, deswegen empfehle ich es in diesem Buch weiter und setze es auch selber t\u00e4glich in der Praxis um.<\/p>\n<p><b><a href=\"http:\/\/amzn.to\/1B3sqfc\" rel=\"nofollow\">Gehirn-Pflege Guide 2.0 (Kindle) &#8211; Jetzt Kaufen!<\/a><br \/>\n<a href=\"http:\/\/amzn.to\/19o3WDL\" rel=\"nofollow nofollow nofollow\">Gehirn-Pflege Guide 2.0 (Taschenbuch) &#8211; Jetzt Kaufen!<\/a><\/b><\/p>\n<p><b><a href=\"http:\/\/amzn.to\/1HmgaLS\" rel=\"nofollow\">Gehirn-Pflege Kochbuch &#8211; Jetzt kaufen!<\/a><\/b><\/p>\n<p><strong>Leseproben gibt es auf <a title=\"http:\/\/www.amazon.de\/Pawel-M.-Konefal\/e\/B00RF9K3VK\/ref=sr_ntt_srch_lnk_1?qid=1425189597&amp;sr=8-1\" href=\"http:\/\/www.amazon.de\/Pawel-M.-Konefal\/e\/B00RF9K3VK\/ref=sr_ntt_srch_lnk_1?qid=1425189597&amp;sr=8-1\" target=\"_blank\">Amazon<\/a>.<\/strong><\/p>\n<p>Au\u00dferdem gibt es auch jede Menge erprobte Strategien, die Du verwenden kannst um Dir Dinge besser merken zu k\u00f6nnen. Lies Dir dazu <a title=\"Wie Du die Vergesslichkeit besiegst? Mit diesen schnellen und einfachen Methoden\u2026\" href=\"http:\/\/www.superhumanoid.info\/superblog\/2015\/01\/17\/vergesslichkeit-besiegen-menmonics-mnemotechnik-gedaechtnis-hilfe\/\" target=\"_blank\">diesen Artikel zum Thema durch<\/a>. Damit besiegst Du Deine Vergesslichkeit.<\/p>\n<p><strong>Jetzt hei\u00dft es, STARTEN!<\/strong><\/p>\n<p><b>PS: Verheimliche es Deinen Freunden nicht! Nicht vergessen diesen Artikel mit Deinen Freunden zu teilen!<\/b><\/p>\n","protected":false},"excerpt":{"rendered":"<p>Es gibt ein Problem Das Gehirn der meisten Menschen heutzutage l\u00e4uft auf Sparflamme. Zivilisationskrankheiten wie Alzheimer (Typ-3 Diabetes), Autismus, Demenz, Depressionen und ADHD nehmen rasant zu. Der Druck durch die&#8230;<\/p>\n","protected":false},"author":1,"featured_media":1304,"parent":304,"menu_order":0,"comment_status":"open","ping_status":"open","template":"","meta":{"jetpack_post_was_ever_published":false,"footnotes":"","_links_to":"","_links_to_target":""},"class_list":["post-352","page","type-page","status-publish","has-post-thumbnail","hentry","entry"],"yoast_head":"<!-- This site is optimized with the Yoast SEO plugin v27.3 - https:\/\/yoast.com\/product\/yoast-seo-wordpress\/ -->\n<title>Paleo Gehirn-Pflege und Fitness - superhumanoid.info blog<\/title>\n<meta name=\"description\" content=\"Mit Ern\u00e4hrung, Sport, Supplementierung, Gehirntraining Deine Gehirn Fitness verbessern, Gehirnleistung optimal ausnutzen und Deinen IQ steigern. Brain Hack.\" \/>\n<meta name=\"robots\" content=\"index, follow, max-snippet:-1, max-image-preview:large, max-video-preview:-1\" \/>\n<link rel=\"canonical\" href=\"https:\/\/superhumanoid.info\/superblog\/pawels-paleo-fitness-uebungen-hiit\/pawels-brain-hack-gehirn-fitness-iq-paleo-keto-fitness\/\" \/>\n<meta property=\"og:locale\" content=\"de_DE\" \/>\n<meta property=\"og:type\" content=\"article\" \/>\n<meta property=\"og:title\" content=\"Paleo Gehirn-Pflege und Fitness - superhumanoid.info blog\" \/>\n<meta property=\"og:description\" content=\"Mit Ern\u00e4hrung, Sport, Supplementierung, Gehirntraining Deine Gehirn Fitness verbessern, Gehirnleistung optimal ausnutzen und Deinen IQ steigern. Brain Hack.\" \/>\n<meta property=\"og:url\" content=\"https:\/\/superhumanoid.info\/superblog\/pawels-paleo-fitness-uebungen-hiit\/pawels-brain-hack-gehirn-fitness-iq-paleo-keto-fitness\/\" \/>\n<meta property=\"og:site_name\" content=\"superhumanoid.info blog\" \/>\n<meta property=\"article:publisher\" content=\"https:\/\/www.facebook.com\/superhumanoid.info\" \/>\n<meta property=\"article:modified_time\" content=\"2017-11-16T18:32:32+00:00\" \/>\n<meta property=\"og:image\" content=\"https:\/\/i1.wp.com\/superhumanoid.info\/superblog\/wp-content\/uploads\/RZ-SOLIDMIND-Nutrition-1CBlack.png?fit=3000%2C647&ssl=1\" \/>\n\t<meta property=\"og:image:width\" content=\"3000\" \/>\n\t<meta property=\"og:image:height\" content=\"647\" \/>\n\t<meta property=\"og:image:type\" content=\"image\/png\" \/>\n<meta name=\"twitter:label1\" content=\"Gesch\u00e4tzte Lesezeit\" \/>\n\t<meta name=\"twitter:data1\" content=\"4\u00a0Minuten\" \/>\n<script type=\"application\/ld+json\" class=\"yoast-schema-graph\">{\"@context\":\"https:\\\/\\\/schema.org\",\"@graph\":[{\"@type\":\"WebPage\",\"@id\":\"https:\\\/\\\/superhumanoid.info\\\/superblog\\\/pawels-paleo-fitness-uebungen-hiit\\\/pawels-brain-hack-gehirn-fitness-iq-paleo-keto-fitness\\\/\",\"url\":\"https:\\\/\\\/superhumanoid.info\\\/superblog\\\/pawels-paleo-fitness-uebungen-hiit\\\/pawels-brain-hack-gehirn-fitness-iq-paleo-keto-fitness\\\/\",\"name\":\"Paleo Gehirn-Pflege und Fitness - superhumanoid.info blog\",\"isPartOf\":{\"@id\":\"https:\\\/\\\/superhumanoid.info\\\/superblog\\\/#website\"},\"primaryImageOfPage\":{\"@id\":\"https:\\\/\\\/superhumanoid.info\\\/superblog\\\/pawels-paleo-fitness-uebungen-hiit\\\/pawels-brain-hack-gehirn-fitness-iq-paleo-keto-fitness\\\/#primaryimage\"},\"image\":{\"@id\":\"https:\\\/\\\/superhumanoid.info\\\/superblog\\\/pawels-paleo-fitness-uebungen-hiit\\\/pawels-brain-hack-gehirn-fitness-iq-paleo-keto-fitness\\\/#primaryimage\"},\"thumbnailUrl\":\"https:\\\/\\\/i0.wp.com\\\/superhumanoid.info\\\/superblog\\\/wp-content\\\/uploads\\\/RZ-SOLIDMIND-Nutrition-1CBlack.png?fit=3000%2C647&ssl=1\",\"datePublished\":\"2014-08-26T17:38:39+00:00\",\"dateModified\":\"2017-11-16T18:32:32+00:00\",\"description\":\"Mit Ern\u00e4hrung, Sport, Supplementierung, Gehirntraining Deine Gehirn Fitness verbessern, Gehirnleistung optimal ausnutzen und Deinen IQ steigern. Brain Hack.\",\"breadcrumb\":{\"@id\":\"https:\\\/\\\/superhumanoid.info\\\/superblog\\\/pawels-paleo-fitness-uebungen-hiit\\\/pawels-brain-hack-gehirn-fitness-iq-paleo-keto-fitness\\\/#breadcrumb\"},\"inLanguage\":\"de\",\"potentialAction\":[{\"@type\":\"ReadAction\",\"target\":[\"https:\\\/\\\/superhumanoid.info\\\/superblog\\\/pawels-paleo-fitness-uebungen-hiit\\\/pawels-brain-hack-gehirn-fitness-iq-paleo-keto-fitness\\\/\"]}]},{\"@type\":\"ImageObject\",\"inLanguage\":\"de\",\"@id\":\"https:\\\/\\\/superhumanoid.info\\\/superblog\\\/pawels-paleo-fitness-uebungen-hiit\\\/pawels-brain-hack-gehirn-fitness-iq-paleo-keto-fitness\\\/#primaryimage\",\"url\":\"https:\\\/\\\/i0.wp.com\\\/superhumanoid.info\\\/superblog\\\/wp-content\\\/uploads\\\/RZ-SOLIDMIND-Nutrition-1CBlack.png?fit=3000%2C647&ssl=1\",\"contentUrl\":\"https:\\\/\\\/i0.wp.com\\\/superhumanoid.info\\\/superblog\\\/wp-content\\\/uploads\\\/RZ-SOLIDMIND-Nutrition-1CBlack.png?fit=3000%2C647&ssl=1\",\"width\":3000,\"height\":647,\"caption\":\"SOLIDMIND Nutrition\"},{\"@type\":\"BreadcrumbList\",\"@id\":\"https:\\\/\\\/superhumanoid.info\\\/superblog\\\/pawels-paleo-fitness-uebungen-hiit\\\/pawels-brain-hack-gehirn-fitness-iq-paleo-keto-fitness\\\/#breadcrumb\",\"itemListElement\":[{\"@type\":\"ListItem\",\"position\":1,\"name\":\"Startseite\",\"item\":\"https:\\\/\\\/superhumanoid.info\\\/superblog\\\/\"},{\"@type\":\"ListItem\",\"position\":2,\"name\":\"Pawel&#8217;s Paleo Fitness\",\"item\":\"https:\\\/\\\/superhumanoid.info\\\/superblog\\\/pawels-paleo-fitness-uebungen-hiit\\\/\"},{\"@type\":\"ListItem\",\"position\":3,\"name\":\"Paleo Gehirn-Pflege und Fitness\"}]},{\"@type\":\"WebSite\",\"@id\":\"https:\\\/\\\/superhumanoid.info\\\/superblog\\\/#website\",\"url\":\"https:\\\/\\\/superhumanoid.info\\\/superblog\\\/\",\"name\":\"superhumanoid.info blog\",\"description\":\"Evolution\u00e4re Gesundheit mit Paleo\",\"publisher\":{\"@id\":\"https:\\\/\\\/superhumanoid.info\\\/superblog\\\/#organization\"},\"potentialAction\":[{\"@type\":\"SearchAction\",\"target\":{\"@type\":\"EntryPoint\",\"urlTemplate\":\"https:\\\/\\\/superhumanoid.info\\\/superblog\\\/?s={search_term_string}\"},\"query-input\":{\"@type\":\"PropertyValueSpecification\",\"valueRequired\":true,\"valueName\":\"search_term_string\"}}],\"inLanguage\":\"de\"},{\"@type\":\"Organization\",\"@id\":\"https:\\\/\\\/superhumanoid.info\\\/superblog\\\/#organization\",\"name\":\"superhumanoid.info blog\",\"url\":\"https:\\\/\\\/superhumanoid.info\\\/superblog\\\/\",\"logo\":{\"@type\":\"ImageObject\",\"inLanguage\":\"de\",\"@id\":\"https:\\\/\\\/superhumanoid.info\\\/superblog\\\/#\\\/schema\\\/logo\\\/image\\\/\",\"url\":\"https:\\\/\\\/i0.wp.com\\\/superhumanoid.info\\\/superblog\\\/wp-content\\\/uploads\\\/cropped-superhumanoid-info-logo-small.png?fit=260%2C60&ssl=1\",\"contentUrl\":\"https:\\\/\\\/i0.wp.com\\\/superhumanoid.info\\\/superblog\\\/wp-content\\\/uploads\\\/cropped-superhumanoid-info-logo-small.png?fit=260%2C60&ssl=1\",\"width\":260,\"height\":60,\"caption\":\"superhumanoid.info blog\"},\"image\":{\"@id\":\"https:\\\/\\\/superhumanoid.info\\\/superblog\\\/#\\\/schema\\\/logo\\\/image\\\/\"},\"sameAs\":[\"https:\\\/\\\/www.facebook.com\\\/superhumanoid.info\",\"https:\\\/\\\/x.com\\\/super_humanoid\",\"http:\\\/\\\/www.instagram.com\\\/superhumanoid.info\",\"http:\\\/\\\/pinterest.com\\\/super_humanoid\",\"http:\\\/\\\/www.youtube.com\\\/SuperhumanoidInfo\"]}]}<\/script>\n<!-- \/ Yoast SEO plugin. -->","yoast_head_json":{"title":"Paleo Gehirn-Pflege und Fitness - superhumanoid.info blog","description":"Mit Ern\u00e4hrung, Sport, Supplementierung, Gehirntraining Deine Gehirn Fitness verbessern, Gehirnleistung optimal ausnutzen und Deinen IQ steigern. Brain Hack.","robots":{"index":"index","follow":"follow","max-snippet":"max-snippet:-1","max-image-preview":"max-image-preview:large","max-video-preview":"max-video-preview:-1"},"canonical":"https:\/\/superhumanoid.info\/superblog\/pawels-paleo-fitness-uebungen-hiit\/pawels-brain-hack-gehirn-fitness-iq-paleo-keto-fitness\/","og_locale":"de_DE","og_type":"article","og_title":"Paleo Gehirn-Pflege und Fitness - superhumanoid.info blog","og_description":"Mit Ern\u00e4hrung, Sport, Supplementierung, Gehirntraining Deine Gehirn Fitness verbessern, Gehirnleistung optimal ausnutzen und Deinen IQ steigern. Brain Hack.","og_url":"https:\/\/superhumanoid.info\/superblog\/pawels-paleo-fitness-uebungen-hiit\/pawels-brain-hack-gehirn-fitness-iq-paleo-keto-fitness\/","og_site_name":"superhumanoid.info blog","article_publisher":"https:\/\/www.facebook.com\/superhumanoid.info","article_modified_time":"2017-11-16T18:32:32+00:00","og_image":[{"width":3000,"height":647,"url":"https:\/\/i1.wp.com\/superhumanoid.info\/superblog\/wp-content\/uploads\/RZ-SOLIDMIND-Nutrition-1CBlack.png?fit=3000%2C647&ssl=1","type":"image\/png"}],"twitter_misc":{"Gesch\u00e4tzte Lesezeit":"4\u00a0Minuten"},"schema":{"@context":"https:\/\/schema.org","@graph":[{"@type":"WebPage","@id":"https:\/\/superhumanoid.info\/superblog\/pawels-paleo-fitness-uebungen-hiit\/pawels-brain-hack-gehirn-fitness-iq-paleo-keto-fitness\/","url":"https:\/\/superhumanoid.info\/superblog\/pawels-paleo-fitness-uebungen-hiit\/pawels-brain-hack-gehirn-fitness-iq-paleo-keto-fitness\/","name":"Paleo Gehirn-Pflege und Fitness - superhumanoid.info blog","isPartOf":{"@id":"https:\/\/superhumanoid.info\/superblog\/#website"},"primaryImageOfPage":{"@id":"https:\/\/superhumanoid.info\/superblog\/pawels-paleo-fitness-uebungen-hiit\/pawels-brain-hack-gehirn-fitness-iq-paleo-keto-fitness\/#primaryimage"},"image":{"@id":"https:\/\/superhumanoid.info\/superblog\/pawels-paleo-fitness-uebungen-hiit\/pawels-brain-hack-gehirn-fitness-iq-paleo-keto-fitness\/#primaryimage"},"thumbnailUrl":"https:\/\/i0.wp.com\/superhumanoid.info\/superblog\/wp-content\/uploads\/RZ-SOLIDMIND-Nutrition-1CBlack.png?fit=3000%2C647&ssl=1","datePublished":"2014-08-26T17:38:39+00:00","dateModified":"2017-11-16T18:32:32+00:00","description":"Mit Ern\u00e4hrung, Sport, Supplementierung, Gehirntraining Deine Gehirn Fitness verbessern, Gehirnleistung optimal ausnutzen und Deinen IQ steigern. Brain Hack.","breadcrumb":{"@id":"https:\/\/superhumanoid.info\/superblog\/pawels-paleo-fitness-uebungen-hiit\/pawels-brain-hack-gehirn-fitness-iq-paleo-keto-fitness\/#breadcrumb"},"inLanguage":"de","potentialAction":[{"@type":"ReadAction","target":["https:\/\/superhumanoid.info\/superblog\/pawels-paleo-fitness-uebungen-hiit\/pawels-brain-hack-gehirn-fitness-iq-paleo-keto-fitness\/"]}]},{"@type":"ImageObject","inLanguage":"de","@id":"https:\/\/superhumanoid.info\/superblog\/pawels-paleo-fitness-uebungen-hiit\/pawels-brain-hack-gehirn-fitness-iq-paleo-keto-fitness\/#primaryimage","url":"https:\/\/i0.wp.com\/superhumanoid.info\/superblog\/wp-content\/uploads\/RZ-SOLIDMIND-Nutrition-1CBlack.png?fit=3000%2C647&ssl=1","contentUrl":"https:\/\/i0.wp.com\/superhumanoid.info\/superblog\/wp-content\/uploads\/RZ-SOLIDMIND-Nutrition-1CBlack.png?fit=3000%2C647&ssl=1","width":3000,"height":647,"caption":"SOLIDMIND Nutrition"},{"@type":"BreadcrumbList","@id":"https:\/\/superhumanoid.info\/superblog\/pawels-paleo-fitness-uebungen-hiit\/pawels-brain-hack-gehirn-fitness-iq-paleo-keto-fitness\/#breadcrumb","itemListElement":[{"@type":"ListItem","position":1,"name":"Startseite","item":"https:\/\/superhumanoid.info\/superblog\/"},{"@type":"ListItem","position":2,"name":"Pawel&#8217;s Paleo Fitness","item":"https:\/\/superhumanoid.info\/superblog\/pawels-paleo-fitness-uebungen-hiit\/"},{"@type":"ListItem","position":3,"name":"Paleo Gehirn-Pflege und Fitness"}]},{"@type":"WebSite","@id":"https:\/\/superhumanoid.info\/superblog\/#website","url":"https:\/\/superhumanoid.info\/superblog\/","name":"superhumanoid.info blog","description":"Evolution\u00e4re Gesundheit mit Paleo","publisher":{"@id":"https:\/\/superhumanoid.info\/superblog\/#organization"},"potentialAction":[{"@type":"SearchAction","target":{"@type":"EntryPoint","urlTemplate":"https:\/\/superhumanoid.info\/superblog\/?s={search_term_string}"},"query-input":{"@type":"PropertyValueSpecification","valueRequired":true,"valueName":"search_term_string"}}],"inLanguage":"de"},{"@type":"Organization","@id":"https:\/\/superhumanoid.info\/superblog\/#organization","name":"superhumanoid.info blog","url":"https:\/\/superhumanoid.info\/superblog\/","logo":{"@type":"ImageObject","inLanguage":"de","@id":"https:\/\/superhumanoid.info\/superblog\/#\/schema\/logo\/image\/","url":"https:\/\/i0.wp.com\/superhumanoid.info\/superblog\/wp-content\/uploads\/cropped-superhumanoid-info-logo-small.png?fit=260%2C60&ssl=1","contentUrl":"https:\/\/i0.wp.com\/superhumanoid.info\/superblog\/wp-content\/uploads\/cropped-superhumanoid-info-logo-small.png?fit=260%2C60&ssl=1","width":260,"height":60,"caption":"superhumanoid.info blog"},"image":{"@id":"https:\/\/superhumanoid.info\/superblog\/#\/schema\/logo\/image\/"},"sameAs":["https:\/\/www.facebook.com\/superhumanoid.info","https:\/\/x.com\/super_humanoid","http:\/\/www.instagram.com\/superhumanoid.info","http:\/\/pinterest.com\/super_humanoid","http:\/\/www.youtube.com\/SuperhumanoidInfo"]}]}},"jetpack_shortlink":"https:\/\/wp.me\/P4PQdV-5G","jetpack_sharing_enabled":true,"_links":{"self":[{"href":"https:\/\/superhumanoid.info\/superblog\/wp-json\/wp\/v2\/pages\/352","targetHints":{"allow":["GET"]}}],"collection":[{"href":"https:\/\/superhumanoid.info\/superblog\/wp-json\/wp\/v2\/pages"}],"about":[{"href":"https:\/\/superhumanoid.info\/superblog\/wp-json\/wp\/v2\/types\/page"}],"author":[{"embeddable":true,"href":"https:\/\/superhumanoid.info\/superblog\/wp-json\/wp\/v2\/users\/1"}],"replies":[{"embeddable":true,"href":"https:\/\/superhumanoid.info\/superblog\/wp-json\/wp\/v2\/comments?post=352"}],"version-history":[{"count":0,"href":"https:\/\/superhumanoid.info\/superblog\/wp-json\/wp\/v2\/pages\/352\/revisions"}],"up":[{"embeddable":true,"href":"https:\/\/superhumanoid.info\/superblog\/wp-json\/wp\/v2\/pages\/304"}],"wp:featuredmedia":[{"embeddable":true,"href":"https:\/\/superhumanoid.info\/superblog\/wp-json\/wp\/v2\/media\/1304"}],"wp:attachment":[{"href":"https:\/\/superhumanoid.info\/superblog\/wp-json\/wp\/v2\/media?parent=352"}],"curies":[{"name":"wp","href":"https:\/\/api.w.org\/{rel}","templated":true}]}}