{"id":3554,"date":"2016-08-23T06:40:13","date_gmt":"2016-08-23T04:40:13","guid":{"rendered":"http:\/\/www.superhumanoid.info\/superblog\/?page_id=3554"},"modified":"2018-09-25T14:54:44","modified_gmt":"2018-09-25T12:54:44","slug":"individuelle-blutanalyse-von-vimeda-erstellen-lassen","status":"publish","type":"page","link":"https:\/\/superhumanoid.info\/superblog\/individuelle-blutanalyse-von-vimeda-erstellen-lassen\/","title":{"rendered":"Individuelle Blutanalyse von Cerascreen erstellen lassen"},"content":{"rendered":"<p>Bevor Du loslegst und w\u00e4hrend Du dabei bist Deine Ziele zu erreichen ist es wichtig regelm\u00e4\u00dfig Deine Ist-Situation zu bestimmen und regelm\u00e4\u00dfig zu messen. Je mehr Du\u00a0beobachtest, Informationen sammelst, mit Deinem individuellen K\u00f6rper experimentierst und lernst, um so besser kannst Du\u00a0Verantwortung f\u00fcr Dein Handeln und die eigene Gesundheit \u00fcbernehmen und wissen wo Du gerade stehst und ob Du noch auf dem &#8222;richtigen&#8220; Weg bist.<br \/>\n<!-- ENDE des zanox-affiliate HTML-Code --><\/p>\n<p><a href=\"http:\/\/bit.ly\/blutanalyse_cerascreen\">Cerascreen<\/a> kann Dir dabei helfen: Mit diesem Dienst kann jeder seine eigenen Blutwerte regelm\u00e4\u00dfig selber testen und vergleichen. Wie geht das? Anbei das Video.<\/p>\n<div style=\"width: 640px;\" class=\"wp-video\"><video class=\"wp-video-shortcode\" id=\"video-3554-1\" width=\"640\" height=\"360\" preload=\"metadata\" controls=\"controls\"><source type=\"video\/mp4\" src=\"https:\/\/cdn.shopify.com\/s\/files\/1\/1705\/8705\/files\/Die_cerascreen_Tests_-_wie_funktionierts.mp4?_=1\" \/><a href=\"https:\/\/cdn.shopify.com\/s\/files\/1\/1705\/8705\/files\/Die_cerascreen_Tests_-_wie_funktionierts.mp4\">https:\/\/cdn.shopify.com\/s\/files\/1\/1705\/8705\/files\/Die_cerascreen_Tests_-_wie_funktionierts.mp4<\/a><\/video><\/div>\n<p>Du kannst Dir beispielsweise ein <a href=\"http:\/\/bit.ly\/blutanalyse_cerascreen\">Blutanalyse Kombi-Paket bestellen<\/a>, weil dort neben Omega-3, Vitamin-D3 und einigen Aminos\u00e4uren die meisten Mineralien sowie spezielle Marker wie Testosteron, hs-CRP etc. abgedeckt sind.<\/p>\n<p>Auch der <a href=\"http:\/\/bit.ly\/blutanalyse_cerascreen\">Lebensmittel-Reaktionstest<\/a> ist hervorragend um herauszufinden, wie Dein K\u00f6rper auf gewisse Lebensmittel reagiert.<\/p>\n<div style=\"width: 640px;\" class=\"wp-video\"><video class=\"wp-video-shortcode\" id=\"video-3554-2\" width=\"640\" height=\"360\" preload=\"metadata\" controls=\"controls\"><source type=\"video\/mp4\" src=\"https:\/\/cdn.shopify.com\/s\/files\/1\/1705\/8705\/files\/RTL_VIDEO_KOMPRIMIERT.mp4?_=2\" \/><a href=\"https:\/\/cdn.shopify.com\/s\/files\/1\/1705\/8705\/files\/RTL_VIDEO_KOMPRIMIERT.mp4\">https:\/\/cdn.shopify.com\/s\/files\/1\/1705\/8705\/files\/RTL_VIDEO_KOMPRIMIERT.mp4<\/a><\/video><\/div>\n<p>Viel Erfolg!<\/p>\n","protected":false},"excerpt":{"rendered":"<p>Bevor Du loslegst und w\u00e4hrend Du dabei bist Deine Ziele zu erreichen ist es wichtig regelm\u00e4\u00dfig Deine Ist-Situation zu bestimmen und regelm\u00e4\u00dfig zu messen. Je mehr Du\u00a0beobachtest, Informationen sammelst, mit&#8230;<\/p>\n","protected":false},"author":1,"featured_media":0,"parent":0,"menu_order":0,"comment_status":"closed","ping_status":"closed","template":"","meta":{"jetpack_post_was_ever_published":false,"footnotes":"","_links_to":"","_links_to_target":""},"class_list":["post-3554","page","type-page","status-publish","hentry","entry"],"yoast_head":"<!-- This site is optimized with the Yoast SEO plugin v27.3 - https:\/\/yoast.com\/product\/yoast-seo-wordpress\/ -->\n<title>Individuelle Blutanalyse von Cerascreen erstellen lassen - superhumanoid.info blog<\/title>\n<meta name=\"robots\" content=\"index, follow, max-snippet:-1, max-image-preview:large, max-video-preview:-1\" \/>\n<link rel=\"canonical\" href=\"https:\/\/superhumanoid.info\/superblog\/individuelle-blutanalyse-von-vimeda-erstellen-lassen\/\" \/>\n<meta property=\"og:locale\" content=\"de_DE\" \/>\n<meta property=\"og:type\" content=\"article\" \/>\n<meta property=\"og:title\" content=\"Individuelle Blutanalyse von Vimeda erstellen lassen\" \/>\n<meta property=\"og:description\" content=\"Bevor Du loslegst und w\u00e4hrend Du dabei bist Deine Ziele zu erreichen ist es wichtig regelm\u00e4\u00dfig Deine Ist-Situation zu bestimmen und regelm\u00e4\u00dfig zu messen.\" \/>\n<meta property=\"og:url\" content=\"https:\/\/superhumanoid.info\/superblog\/individuelle-blutanalyse-von-vimeda-erstellen-lassen\/\" \/>\n<meta property=\"og:site_name\" content=\"superhumanoid.info blog\" \/>\n<meta property=\"article:publisher\" content=\"https:\/\/www.facebook.com\/superhumanoid.info\" \/>\n<meta property=\"article:modified_time\" content=\"2018-09-25T12:54:44+00:00\" \/>\n<meta name=\"twitter:label1\" content=\"Gesch\u00e4tzte Lesezeit\" \/>\n\t<meta name=\"twitter:data1\" content=\"1\u00a0Minute\" \/>\n<script type=\"application\/ld+json\" class=\"yoast-schema-graph\">{\"@context\":\"https:\\\/\\\/schema.org\",\"@graph\":[{\"@type\":\"WebPage\",\"@id\":\"https:\\\/\\\/superhumanoid.info\\\/superblog\\\/individuelle-blutanalyse-von-vimeda-erstellen-lassen\\\/\",\"url\":\"https:\\\/\\\/superhumanoid.info\\\/superblog\\\/individuelle-blutanalyse-von-vimeda-erstellen-lassen\\\/\",\"name\":\"Individuelle Blutanalyse von Cerascreen erstellen lassen - superhumanoid.info blog\",\"isPartOf\":{\"@id\":\"https:\\\/\\\/superhumanoid.info\\\/superblog\\\/#website\"},\"datePublished\":\"2016-08-23T04:40:13+00:00\",\"dateModified\":\"2018-09-25T12:54:44+00:00\",\"breadcrumb\":{\"@id\":\"https:\\\/\\\/superhumanoid.info\\\/superblog\\\/individuelle-blutanalyse-von-vimeda-erstellen-lassen\\\/#breadcrumb\"},\"inLanguage\":\"de\",\"potentialAction\":[{\"@type\":\"ReadAction\",\"target\":[\"https:\\\/\\\/superhumanoid.info\\\/superblog\\\/individuelle-blutanalyse-von-vimeda-erstellen-lassen\\\/\"]}]},{\"@type\":\"BreadcrumbList\",\"@id\":\"https:\\\/\\\/superhumanoid.info\\\/superblog\\\/individuelle-blutanalyse-von-vimeda-erstellen-lassen\\\/#breadcrumb\",\"itemListElement\":[{\"@type\":\"ListItem\",\"position\":1,\"name\":\"Startseite\",\"item\":\"https:\\\/\\\/superhumanoid.info\\\/superblog\\\/\"},{\"@type\":\"ListItem\",\"position\":2,\"name\":\"Individuelle Blutanalyse von Cerascreen erstellen lassen\"}]},{\"@type\":\"WebSite\",\"@id\":\"https:\\\/\\\/superhumanoid.info\\\/superblog\\\/#website\",\"url\":\"https:\\\/\\\/superhumanoid.info\\\/superblog\\\/\",\"name\":\"superhumanoid.info blog\",\"description\":\"Evolution\u00e4re Gesundheit mit Paleo\",\"publisher\":{\"@id\":\"https:\\\/\\\/superhumanoid.info\\\/superblog\\\/#organization\"},\"potentialAction\":[{\"@type\":\"SearchAction\",\"target\":{\"@type\":\"EntryPoint\",\"urlTemplate\":\"https:\\\/\\\/superhumanoid.info\\\/superblog\\\/?s={search_term_string}\"},\"query-input\":{\"@type\":\"PropertyValueSpecification\",\"valueRequired\":true,\"valueName\":\"search_term_string\"}}],\"inLanguage\":\"de\"},{\"@type\":\"Organization\",\"@id\":\"https:\\\/\\\/superhumanoid.info\\\/superblog\\\/#organization\",\"name\":\"superhumanoid.info blog\",\"url\":\"https:\\\/\\\/superhumanoid.info\\\/superblog\\\/\",\"logo\":{\"@type\":\"ImageObject\",\"inLanguage\":\"de\",\"@id\":\"https:\\\/\\\/superhumanoid.info\\\/superblog\\\/#\\\/schema\\\/logo\\\/image\\\/\",\"url\":\"https:\\\/\\\/i0.wp.com\\\/superhumanoid.info\\\/superblog\\\/wp-content\\\/uploads\\\/cropped-superhumanoid-info-logo-small.png?fit=260%2C60&ssl=1\",\"contentUrl\":\"https:\\\/\\\/i0.wp.com\\\/superhumanoid.info\\\/superblog\\\/wp-content\\\/uploads\\\/cropped-superhumanoid-info-logo-small.png?fit=260%2C60&ssl=1\",\"width\":260,\"height\":60,\"caption\":\"superhumanoid.info blog\"},\"image\":{\"@id\":\"https:\\\/\\\/superhumanoid.info\\\/superblog\\\/#\\\/schema\\\/logo\\\/image\\\/\"},\"sameAs\":[\"https:\\\/\\\/www.facebook.com\\\/superhumanoid.info\",\"https:\\\/\\\/x.com\\\/super_humanoid\",\"http:\\\/\\\/www.instagram.com\\\/superhumanoid.info\",\"http:\\\/\\\/pinterest.com\\\/super_humanoid\",\"http:\\\/\\\/www.youtube.com\\\/SuperhumanoidInfo\"]}]}<\/script>\n<!-- \/ Yoast SEO plugin. -->","yoast_head_json":{"title":"Individuelle Blutanalyse von Cerascreen erstellen lassen - superhumanoid.info blog","robots":{"index":"index","follow":"follow","max-snippet":"max-snippet:-1","max-image-preview":"max-image-preview:large","max-video-preview":"max-video-preview:-1"},"canonical":"https:\/\/superhumanoid.info\/superblog\/individuelle-blutanalyse-von-vimeda-erstellen-lassen\/","og_locale":"de_DE","og_type":"article","og_title":"Individuelle Blutanalyse von Vimeda erstellen lassen","og_description":"Bevor Du loslegst und w\u00e4hrend Du dabei bist Deine Ziele zu erreichen ist es wichtig regelm\u00e4\u00dfig Deine Ist-Situation zu bestimmen und regelm\u00e4\u00dfig zu messen.","og_url":"https:\/\/superhumanoid.info\/superblog\/individuelle-blutanalyse-von-vimeda-erstellen-lassen\/","og_site_name":"superhumanoid.info blog","article_publisher":"https:\/\/www.facebook.com\/superhumanoid.info","article_modified_time":"2018-09-25T12:54:44+00:00","twitter_misc":{"Gesch\u00e4tzte Lesezeit":"1\u00a0Minute"},"schema":{"@context":"https:\/\/schema.org","@graph":[{"@type":"WebPage","@id":"https:\/\/superhumanoid.info\/superblog\/individuelle-blutanalyse-von-vimeda-erstellen-lassen\/","url":"https:\/\/superhumanoid.info\/superblog\/individuelle-blutanalyse-von-vimeda-erstellen-lassen\/","name":"Individuelle Blutanalyse von Cerascreen erstellen lassen - superhumanoid.info blog","isPartOf":{"@id":"https:\/\/superhumanoid.info\/superblog\/#website"},"datePublished":"2016-08-23T04:40:13+00:00","dateModified":"2018-09-25T12:54:44+00:00","breadcrumb":{"@id":"https:\/\/superhumanoid.info\/superblog\/individuelle-blutanalyse-von-vimeda-erstellen-lassen\/#breadcrumb"},"inLanguage":"de","potentialAction":[{"@type":"ReadAction","target":["https:\/\/superhumanoid.info\/superblog\/individuelle-blutanalyse-von-vimeda-erstellen-lassen\/"]}]},{"@type":"BreadcrumbList","@id":"https:\/\/superhumanoid.info\/superblog\/individuelle-blutanalyse-von-vimeda-erstellen-lassen\/#breadcrumb","itemListElement":[{"@type":"ListItem","position":1,"name":"Startseite","item":"https:\/\/superhumanoid.info\/superblog\/"},{"@type":"ListItem","position":2,"name":"Individuelle Blutanalyse von Cerascreen erstellen lassen"}]},{"@type":"WebSite","@id":"https:\/\/superhumanoid.info\/superblog\/#website","url":"https:\/\/superhumanoid.info\/superblog\/","name":"superhumanoid.info blog","description":"Evolution\u00e4re Gesundheit mit Paleo","publisher":{"@id":"https:\/\/superhumanoid.info\/superblog\/#organization"},"potentialAction":[{"@type":"SearchAction","target":{"@type":"EntryPoint","urlTemplate":"https:\/\/superhumanoid.info\/superblog\/?s={search_term_string}"},"query-input":{"@type":"PropertyValueSpecification","valueRequired":true,"valueName":"search_term_string"}}],"inLanguage":"de"},{"@type":"Organization","@id":"https:\/\/superhumanoid.info\/superblog\/#organization","name":"superhumanoid.info blog","url":"https:\/\/superhumanoid.info\/superblog\/","logo":{"@type":"ImageObject","inLanguage":"de","@id":"https:\/\/superhumanoid.info\/superblog\/#\/schema\/logo\/image\/","url":"https:\/\/i0.wp.com\/superhumanoid.info\/superblog\/wp-content\/uploads\/cropped-superhumanoid-info-logo-small.png?fit=260%2C60&ssl=1","contentUrl":"https:\/\/i0.wp.com\/superhumanoid.info\/superblog\/wp-content\/uploads\/cropped-superhumanoid-info-logo-small.png?fit=260%2C60&ssl=1","width":260,"height":60,"caption":"superhumanoid.info blog"},"image":{"@id":"https:\/\/superhumanoid.info\/superblog\/#\/schema\/logo\/image\/"},"sameAs":["https:\/\/www.facebook.com\/superhumanoid.info","https:\/\/x.com\/super_humanoid","http:\/\/www.instagram.com\/superhumanoid.info","http:\/\/pinterest.com\/super_humanoid","http:\/\/www.youtube.com\/SuperhumanoidInfo"]}]}},"jetpack_shortlink":"https:\/\/wp.me\/P4PQdV-Vk","jetpack_sharing_enabled":true,"_links":{"self":[{"href":"https:\/\/superhumanoid.info\/superblog\/wp-json\/wp\/v2\/pages\/3554","targetHints":{"allow":["GET"]}}],"collection":[{"href":"https:\/\/superhumanoid.info\/superblog\/wp-json\/wp\/v2\/pages"}],"about":[{"href":"https:\/\/superhumanoid.info\/superblog\/wp-json\/wp\/v2\/types\/page"}],"author":[{"embeddable":true,"href":"https:\/\/superhumanoid.info\/superblog\/wp-json\/wp\/v2\/users\/1"}],"replies":[{"embeddable":true,"href":"https:\/\/superhumanoid.info\/superblog\/wp-json\/wp\/v2\/comments?post=3554"}],"version-history":[{"count":0,"href":"https:\/\/superhumanoid.info\/superblog\/wp-json\/wp\/v2\/pages\/3554\/revisions"}],"wp:attachment":[{"href":"https:\/\/superhumanoid.info\/superblog\/wp-json\/wp\/v2\/media?parent=3554"}],"curies":[{"name":"wp","href":"https:\/\/api.w.org\/{rel}","templated":true}]}}