{"id":370,"date":"2014-08-31T08:38:39","date_gmt":"2014-08-31T06:38:39","guid":{"rendered":"http:\/\/www.superhumanoid.info\/superblog\/?page_id=370"},"modified":"2017-02-26T18:34:08","modified_gmt":"2017-02-26T17:34:08","slug":"pawels-paleo-grundlagen","status":"publish","type":"page","link":"https:\/\/superhumanoid.info\/superblog\/pawels-paleo-grundlagen\/","title":{"rendered":"Pawel&#8217;s Paleo Grundlagen 2.0"},"content":{"rendered":"<figure id=\"attachment_371\" aria-describedby=\"caption-attachment-371\" style=\"width: 300px\" class=\"wp-caption alignright\"><a href=\"https:\/\/i0.wp.com\/www.superhumanoid.info\/superblog\/wp-content\/uploads\/pawels-paleo-grundlagen.jpg\"><img data-recalc-dims=\"1\" loading=\"lazy\" decoding=\"async\" class=\"size-medium wp-image-371\" src=\"https:\/\/i0.wp.com\/www.superhumanoid.info\/superblog\/wp-content\/uploads\/pawels-paleo-grundlagen-300x225.jpg?resize=300%2C225\" alt=\"Pawel's Paleo Grundlagen\" width=\"300\" height=\"225\" srcset=\"https:\/\/i0.wp.com\/superhumanoid.info\/superblog\/wp-content\/uploads\/pawels-paleo-grundlagen.jpg?resize=300%2C225&amp;ssl=1 300w, https:\/\/i0.wp.com\/superhumanoid.info\/superblog\/wp-content\/uploads\/pawels-paleo-grundlagen.jpg?w=2048&amp;ssl=1 2048w\" sizes=\"auto, (max-width: 300px) 100vw, 300px\" \/><\/a><figcaption id=\"caption-attachment-371\" class=\"wp-caption-text\">Pawel&#8217;s Paleo Grundlagen<\/figcaption><\/figure>\n<p>Auf dieser Seite &#8222;Pawel&#8217;s Paleo Grundlagen 2.0&#8220; bringe ich Dir die Grundlagen und Hintergr\u00fcnde zu meiner Ern\u00e4hrungsweise nahe und teile zus\u00e4tzlich meine pers\u00f6nlichen Erfahrungen mit Dir. Diese haben mir erm\u00f6glicht, 80 kg abzunehmen und mein K\u00f6rpergewicht zu halbieren.<\/p>\n<p><strong>Eines Vorweg:<\/strong><br \/>\n<a title=\"Pawel\u2019s Paleo Rezepte\" href=\"http:\/\/www.superhumanoid.info\/superblog\/category\/rezept\/\" target=\"_blank\">Rezepte<\/a> mit einer passenden <a title=\"Pawel\u2019s Paleo Einkaufsliste\" href=\"http:\/\/www.superhumanoid.info\/superblog\/pawels-paleo-einkaufsliste\/\" target=\"_blank\">Einkaufsliste<\/a> (oder auf <a title=\"http:\/\/paleo-einkaufsliste.de\" href=\"http:\/\/paleo-einkaufsliste.de\" target=\"_blank\">paleo-einkaufsliste.de<\/a>) erha\u0308ltst Du ebenfalls auf meiner Seite.<\/p>\n<p>Au\u00dferdem erleichtere ich Dir die Suche enorm indem ich meine <a title=\"Pawel\u2019s Paleo B\u00fccher Tipps\" href=\"http:\/\/www.superhumanoid.info\/superblog\/pawels-paleo-einkaufsliste\/pawels-paleo-buecher-literatur-tipps\/\" target=\"_blank\">Literatur- bzw. B\u00fccherfavoriten<\/a> mit Dir teile.<\/p>\n<p>Wenn du Inspiration fu\u0308r noch mehr Rezepte, Tipps und Unterstu\u0308tzung beim Einkauf suchst <a title=\"http:\/\/eepurl.com\/Yo8Pb\" href=\"http:\/\/eepurl.com\/Yo8Pb\" target=\"_blank\" rel=\"nofollow\">registrier Dich jetzt f\u00fcr meinen kostenlosen Newsletter<\/a>.<\/p>\n<h3>Was ist Paleo? Aus unserer Vergangenheit lernen<\/h3>\n<p>Die Paleo (anglisierte Version) bzw. die Pal\u00e4o (deutsche Version) Ern\u00e4hrung wird h\u00e4ufig auch Steinzeitern\u00e4hrung oder artgerechte Ern\u00e4hrung f\u00fcr den Menschen genannt und steht als Abk\u00fcrzung f\u00fcr den Zeitraum des \u201cPal\u00e4olithikiums\u201d bzw. der Altsteinzeit. Diese Vokabel stammt aus dem Griechischen und bedeutet soviel wie Alt oder Ursprung.<\/p>\n<p>Diese Ern\u00e4hrungsweise ist meiner Meinung nach kein neuer Mode- bzw. Di\u00e4ttrend, denn diese Ern\u00e4hrungsweise orientiert sich daran, was wir glauben das der Mensch vor 2,5 Millionen Jahren als J\u00e4ger und Sammler gegessen hat, n\u00e4mlich echte Nahrungsmittel. Was unsere Vorfahren wirklich a\u00dfen, die vor 5 bis 7 Millionen Jahren lebten, kann man nicht pauschal beantworten.<\/p>\n<p>Der Mensch ern\u00e4hrte sich \u00fcber 2,5 Millionen Jahre als J\u00e4ger, Fischer und Sammler. Der Organismus hat sich in dieser Zeit angepasst, die verschiedenen Stoffe aus der Nahrung zu verdauen und zu verwerten und mit allen m\u00f6glichen biologisch aktiven Stoffen umzugehen. Es standen dem Menschen in dieser Zeit ausschliesslich nat\u00fcrliche Nahrungsmittel zur Verf\u00fcgung. Unser heute m\u00e4chtiges Gehirn hat sich mit diesen Treibstoffen aus der Natur pr\u00e4chtig entwickelt.<\/p>\n<p>Mit der Verbreitung der Landwirtschaft und der Viehzucht wurde der Mensch sesshaft und mit bis dahin unbekannten N\u00e4hrstoffen konfrontiert, welche er nicht vollst\u00e4ndig verdauen und viele biologisch aktive Stoffe nicht neutralisieren konnte. Mit dem Ackerbau vor rund 15.000 Jahren tauchten die ersten Zivilisationskrankheiten auf, wie Karies und Knochendeformierungen und die Lebenserwartung sank rapide.<\/p>\n<p>Der menschliche Verdauungsapparat hatte sich \u00fcber Millionen Jahre von Pflanzenkost auf karnivore Nahrung umgestellt und sollte nun schwerverdaulichen und n\u00e4hrstoffarmen K\u00f6rnerbrei essen. Der machte zwar satt, aber auch krank. Die wachsenden Population zwang den Menschen zu diesen Ma\u00dfnahmen und hatte den Tierbestand drastisch reduziert. Die biologische Anpassung ist aber ein langwieriger Prozess und hat sich nicht an die neuen Nahrungsmittel anpassen k\u00f6nnen. Das menschliche Genom \u00e4ndert sich seit 40.000 Jahren kaum. Bis heute ist das der Fall.<\/p>\n<p>\u00dcberm\u00e4\u00dfig Kohlenhydrate (Zucker und St\u00e4rke) essen wir erst seit etwa 10.000 Jahren und in n\u00f6rdlichen Regionen erst seit ca. 1000 Jahren. Es steht jedenfalls fest, Kohlenhydrate spielten in den vergangenen Jahrmillionen keine besondere Rolle und auch keine industriell verarbeiteten Lebensmittel. Kohlenhydrate zum Bsp. aus Beeren waren in der Saison zumindest wichtig um K\u00f6rperfett Reserven f\u00fcr den Winter aufzubauen.<\/p>\n<p>Raffinierter Zucker in gro\u00dfen Mengen und verarbeitete Industrielebensmittel existieren erst seit ca. 100 Jahren. Das ist viel zu kurz um unseren Organismus darauf einzustellen. Unser Organismus vertr\u00e4gt Zucker am besten, wenn dieser in nat\u00fcrlicher Form mit dem ganzen Lebensmittel gegessen wird.<\/p>\n<p>Wenn wir von Getreide, Pasta und Zucker zunehmen, Kuhmilch zu Allergien und Ekzemen f\u00fchrt, liegt es auf der Hand, dass unser K\u00f6rper auf diese Ern\u00e4hrungsweise basierend auf Zucker, Fructose, Lactose und simplen Kohlenhydraten nicht ausgelegt ist. Das betrifft sehr viele Menschen die an Krankheiten wie Adipositas, Stoffwechselst\u00f6rungen, Allergien, Krebs, Alzheimer und Demenz, Diabetes, Herz-Kreislauf-Erkrankungen, Karies, Osteoporose etc. leiden. Selbst Krebszellen beziehen ihre Energie aus Glukose, also aus dem einfachen Zucker.<\/p>\n<p>In den letzten 2 Jahrzehnten kommen auch noch Antibiotika und Hormone \u00fcber das Fleich aus der Massentierhaltung in unseren Organismus und genetisch ver\u00e4nderte Nahrungsmittel erreichen die Superm\u00e4rkte und Tierf\u00fctterung.<\/p>\n<h4>Ist das gut f\u00fcr die Gesundheit?<\/h4>\n<p>Der Mensch war zumeist gesund und hatte wenige Krankheiten wie wir sie heute kennen. Meistens starben Menschen fr\u00fch durch Infektionen, Jagdunf\u00e4lle oder K\u00e4mpfe. Krankenh\u00e4user gab es nicht und eine medizinische Versorgung wie wir sie heute haben ausgeschlossen. Die Kindersterblichkeit war sehr hoch. Wenn unsere Vorfahren nicht an den vorher genannten Faktoren starben, wurden sie bei bester Gesundheit alt und &#8222;kannten&#8220; die heutigen Zivilisationskrankheiten nicht.<\/p>\n<h3>Was kannst Du leckeres essen?<\/h3>\n<p>Die Paleo Ern\u00e4hrung orientiert sich an unseren Vorfahren ist aber keine klassische Low Carb Ern\u00e4hrung, kann allerdings damit gekoppelt werden. Die gro\u00dfe St\u00e4rke der Paleo Ern\u00e4hrung besteht daraus, dass naturbelassen und n\u00e4hrstoffreich gegessen wird.<\/p>\n<p>Die Natur hat dem Menschen eine gro\u00dfe Palette zur Verf\u00fcgung gestellt, bevorzugt saisonale, unbelastete und frische Nahrungsmittel aus der Region wie beispielsweise: (<a title=\"Pawel\u2019s Paleo Einkaufsliste\" href=\"http:\/\/www.superhumanoid.info\/superblog\/pawels-paleo-einkaufsliste\/\" target=\"_blank\">meine Einkaufsliste f\u00fcr Dich<\/a> oder auf <a title=\"http:\/\/paleo-einkaufsliste.de\" href=\"http:\/\/paleo-einkaufsliste.de\" target=\"_blank\">paleo-einkaufsliste.de<\/a>)<\/p>\n<ul>\n<li>Fisch und Meeresfr\u00fcchte<\/li>\n<li>Fleisch<\/li>\n<li>Innereien<\/li>\n<li>Eier<\/li>\n<li>Gem\u00fcse<\/li>\n<li>Obst<\/li>\n<li>Pilze<\/li>\n<li>Kerne<\/li>\n<li>Samen<\/li>\n<li>N\u00fcsse<\/li>\n<li>Gesunde \u00d6le und Fette<\/li>\n<li>Gew\u00fcrze und Kr\u00e4uter<\/li>\n<li>Getr\u00e4nke ohne Zusatzstoffe und ohne Zucker wie Wasser und Tee<\/li>\n<li>Honig<\/li>\n<li>uvm.<\/li>\n<\/ul>\n<h4>Was solltest Du vermeiden?<\/h4>\n<p>Eine weitere St\u00e4rke der Paleo Ern\u00e4hrung ist es vor allem ungesunde, genmanipulierte und raffinierte Industrielebensmittel zu vermeiden. Ebenfalls werden Nahrungsmittel vermieden, die einen negativen Einfluss auf den menschlichen K\u00f6rper haben (einige Pflanzen wehren sich mit Toxinen gegen Fressfeinde wie den Menschen).<\/p>\n<p>Diese sind beispielsweise:<\/p>\n<ul>\n<li>Getreide<\/li>\n<li>H\u00fclsenfr\u00fcchte<\/li>\n<li>Industriell hergestellte Milch- und Milchprodukte<\/li>\n<li>Raffinierter Zucker<\/li>\n<li>S\u00fc\u00dfstoffe<\/li>\n<li>Kartoffeln (ausnahmsweise auch mal m\u00f6glich)<\/li>\n<li>Halbfertig- bzw. Fertigprodukte<\/li>\n<li>Konserven<\/li>\n<li>Chemikalien wie Plastik etc.<\/li>\n<li>chemische Zus\u00e4tze<\/li>\n<li>Farbstoffe<\/li>\n<li>k\u00fcnstliche Konservierungsstoffe und sonstige Zugaben<\/li>\n<li>Transfette<\/li>\n<li>uvm.<\/li>\n<\/ul>\n<p>Weitere Informationen gibt es auch <a title=\"http:\/\/amzn.to\/1nP4UfW\" href=\"http:\/\/amzn.to\/1nP4UfW\" target=\"_blank\" rel=\"nofollow\">in diesem Buch<\/a>.<\/p>\n<h4>Vorteile f\u00fcr Dich<\/h4>\n<ul>\n<li>Verbesserung Deines Wohlbefindens<\/li>\n<li>mehr ko\u0308rperliche und geistige Energie<\/li>\n<li>bessere Konzentrationsfa\u0308higkeit<\/li>\n<li>besserer Muskelaufbau und k\u00f6rperliche Fitness<\/li>\n<li>nachhaltiger Gewichtsverlust<\/li>\n<li>verbesserter Schlaf<\/li>\n<li>weniger bis gar kein Sodbrennen<\/li>\n<li>bessere Verdauung<\/li>\n<li>niedrigerer Blutdruck<\/li>\n<li>reinere Haut und gesu\u0308nderes Haar<\/li>\n<li>Hormonelle Balance im Einklang zum Bsp. weniger depressiv<\/li>\n<li>verbesserte Blutzuckerwerte<\/li>\n<li>verbesserte Allergiesymptome<\/li>\n<li>weniger Entzu\u0308ndungen<\/li>\n<li>stabileres Immunsystem<\/li>\n<\/ul>\n<h4>Du kannst Paleo individuell f\u00fcr Dich anpassen<\/h4>\n<p>Grunds\u00e4tzlich ist es jedem Menschen allerdings selbst \u00fcberlassen, zu welchem Grad er gewisse Lebensmittel vermeidet. Jeder Organismus ist individuell und vertr\u00e4gt gewisse Lebensmittel besser oder schlechter und vorhandene Allergien m\u00fcssen ber\u00fccksichtigt werden.<\/p>\n<h3>Meine Erfahrungen<\/h3>\n<blockquote><p>Ich habe mit Paleo insgesamt 80 kg in 2 Jahren abgenommen. Das hat fu\u0308r mich funktioniert, weil ich keine Kalorien za\u0308hlen musste und keine Hei\u00dfhungerattacken mehr hatte. Ich habe natu\u0308rliche Lebensmittel schon immer gerne gegessen und konnte mit ihnen meine Gesundheit positiv beeinflussen. Da die Paleo Erna\u0308hrung schlechte Lebensmittel wie z.B. Getreide und Hu\u0308lsenfru\u0308chte ausschlie\u00dft, konnte ich dadurch einfacher abnehmen und mein Ko\u0308rper mehr gesunde Na\u0308hrstoffe aufnehmen. Ich habe mit Paleo meinen Hormonhaushalt endlich wieder in Einklang gebracht und meine ketogene Lebensweise unterstu\u0308tzt. Paleo hilft mir den stressigen Alltag einfacher zu bewa\u0308ltigen und immer fokussiert zu bleiben. &#8211; von Pawel<\/p><\/blockquote>\n<p><iframe loading=\"lazy\" style=\"border: none; overflow: hidden;\" src=\"https:\/\/www.facebook.com\/plugins\/post.php?href=https%3A%2F%2Fwww.facebook.com%2Fsuperhumanoid.info%2Fposts%2F1265586240200751&amp;width=500\" width=\"500\" height=\"619\" frameborder=\"0\" scrolling=\"no\"><\/iframe><\/p>\n<p><em>Weitere Informationen gibt es in meinem Buch f\u00fcr Dich.<\/em><\/p>\n<p><b>Paleo Lifestyle Power For Everyone Pragmatiker Edition Mit Erfahrungsgarantie [Kindle Edition &amp; Taschenbuch]<\/b><br \/>\n<b><a href=\"http:\/\/amzn.to\/1Fhlg7I\" rel=\"nofollow\">Abnehmen mit Paleo (Kindle) &#8211; Jetzt Kaufen!<\/a><br \/>\n<a href=\"http:\/\/amzn.to\/1zihmar\" rel=\"nofollow\">Abnehmen mit Paleo (Taschenbuch) &#8211; Jetzt Kaufen!<\/a><\/b><\/p>\n<h5>Leseproben gibt es auf <a title=\"http:\/\/www.amazon.de\/Pawel-M.-Konefal\/e\/B00RF9K3VK\/ref=sr_ntt_srch_lnk_1?qid=1425189597&amp;sr=8-1\" href=\"http:\/\/www.amazon.de\/Pawel-M.-Konefal\/e\/B00RF9K3VK\/ref=sr_ntt_srch_lnk_1?qid=1425189597&amp;sr=8-1\" target=\"_blank\" rel=\"nofollow\">Amazon<\/a><\/h5>\n<p>Meine B\u00fccher f\u00fcr Dich (F\u00fcr Kindle &amp; als Taschenbuch erh\u00e4ltlich)<\/p>\n<p>PS: <strong>WICHTIG!<\/strong> <strong><a href=\"http:\/\/eepurl.com\/Yo8Pb\" target=\"_blank\" rel=\"nofollow\">Registriere Dich jetzt f\u00fcr meinen kostenlosen Newsletter.<\/a><\/strong><\/p>\n<p><em>Verheimliche es Deinen Freunden nicht! Nicht vergessen diesen Artikel mit Deinen Freunden zu teilen!<\/em><\/p>\n","protected":false},"excerpt":{"rendered":"<p>Auf dieser Seite &#8222;Pawel&#8217;s Paleo Grundlagen 2.0&#8220; bringe ich Dir die Grundlagen und Hintergr\u00fcnde zu meiner Ern\u00e4hrungsweise nahe und teile zus\u00e4tzlich meine pers\u00f6nlichen Erfahrungen mit Dir. Diese haben mir erm\u00f6glicht,&#8230;<\/p>\n","protected":false},"author":1,"featured_media":371,"parent":0,"menu_order":0,"comment_status":"open","ping_status":"open","template":"","meta":{"jetpack_post_was_ever_published":false,"footnotes":"","_links_to":"","_links_to_target":""},"class_list":["post-370","page","type-page","status-publish","has-post-thumbnail","hentry","entry"],"yoast_head":"<!-- This site is optimized with the Yoast SEO plugin v27.3 - https:\/\/yoast.com\/product\/yoast-seo-wordpress\/ -->\n<title>Pawel&#039;s Paleo Grundlagen 2.0 - superhumanoid.info blog<\/title>\n<meta name=\"description\" content=\"Auf dieser Seite &quot;Pawel&#039;s Paleo Grundlagen 2.0&quot; bringe ich Dir die Grundlagen zu meiner Ern\u00e4hrungsweise nahe und teile meine Erfahrungen mit Dir.\" \/>\n<meta name=\"robots\" content=\"index, follow, max-snippet:-1, max-image-preview:large, max-video-preview:-1\" \/>\n<link rel=\"canonical\" href=\"https:\/\/superhumanoid.info\/superblog\/pawels-paleo-grundlagen\/\" \/>\n<meta property=\"og:locale\" content=\"de_DE\" \/>\n<meta property=\"og:type\" content=\"article\" \/>\n<meta property=\"og:title\" content=\"Pawel&#039;s Paleo Grundlagen 2.0 - superhumanoid.info blog\" \/>\n<meta property=\"og:description\" content=\"Auf dieser Seite &quot;Pawel&#039;s Paleo Grundlagen 2.0&quot; bringe ich Dir die Grundlagen zu meiner Ern\u00e4hrungsweise nahe und teile meine Erfahrungen mit Dir.\" \/>\n<meta property=\"og:url\" content=\"https:\/\/superhumanoid.info\/superblog\/pawels-paleo-grundlagen\/\" \/>\n<meta property=\"og:site_name\" content=\"superhumanoid.info blog\" \/>\n<meta property=\"article:publisher\" content=\"https:\/\/www.facebook.com\/superhumanoid.info\" \/>\n<meta property=\"article:modified_time\" content=\"2017-02-26T17:34:08+00:00\" \/>\n<meta property=\"og:image\" content=\"https:\/\/i1.wp.com\/superhumanoid.info\/superblog\/wp-content\/uploads\/pawels-paleo-grundlagen.jpg?fit=2048%2C1536&ssl=1\" \/>\n\t<meta property=\"og:image:width\" content=\"2048\" \/>\n\t<meta property=\"og:image:height\" content=\"1536\" \/>\n\t<meta property=\"og:image:type\" content=\"image\/jpeg\" \/>\n<meta name=\"twitter:label1\" content=\"Gesch\u00e4tzte Lesezeit\" \/>\n\t<meta name=\"twitter:data1\" content=\"6\u00a0Minuten\" \/>\n<script type=\"application\/ld+json\" class=\"yoast-schema-graph\">{\"@context\":\"https:\\\/\\\/schema.org\",\"@graph\":[{\"@type\":\"WebPage\",\"@id\":\"https:\\\/\\\/superhumanoid.info\\\/superblog\\\/pawels-paleo-grundlagen\\\/\",\"url\":\"https:\\\/\\\/superhumanoid.info\\\/superblog\\\/pawels-paleo-grundlagen\\\/\",\"name\":\"Pawel's Paleo Grundlagen 2.0 - superhumanoid.info blog\",\"isPartOf\":{\"@id\":\"https:\\\/\\\/superhumanoid.info\\\/superblog\\\/#website\"},\"primaryImageOfPage\":{\"@id\":\"https:\\\/\\\/superhumanoid.info\\\/superblog\\\/pawels-paleo-grundlagen\\\/#primaryimage\"},\"image\":{\"@id\":\"https:\\\/\\\/superhumanoid.info\\\/superblog\\\/pawels-paleo-grundlagen\\\/#primaryimage\"},\"thumbnailUrl\":\"https:\\\/\\\/i0.wp.com\\\/superhumanoid.info\\\/superblog\\\/wp-content\\\/uploads\\\/pawels-paleo-grundlagen.jpg?fit=2048%2C1536&ssl=1\",\"datePublished\":\"2014-08-31T06:38:39+00:00\",\"dateModified\":\"2017-02-26T17:34:08+00:00\",\"description\":\"Auf dieser Seite \\\"Pawel's Paleo Grundlagen 2.0\\\" bringe ich Dir die Grundlagen zu meiner Ern\u00e4hrungsweise nahe und teile meine Erfahrungen mit Dir.\",\"breadcrumb\":{\"@id\":\"https:\\\/\\\/superhumanoid.info\\\/superblog\\\/pawels-paleo-grundlagen\\\/#breadcrumb\"},\"inLanguage\":\"de\",\"potentialAction\":[{\"@type\":\"ReadAction\",\"target\":[\"https:\\\/\\\/superhumanoid.info\\\/superblog\\\/pawels-paleo-grundlagen\\\/\"]}]},{\"@type\":\"ImageObject\",\"inLanguage\":\"de\",\"@id\":\"https:\\\/\\\/superhumanoid.info\\\/superblog\\\/pawels-paleo-grundlagen\\\/#primaryimage\",\"url\":\"https:\\\/\\\/i0.wp.com\\\/superhumanoid.info\\\/superblog\\\/wp-content\\\/uploads\\\/pawels-paleo-grundlagen.jpg?fit=2048%2C1536&ssl=1\",\"contentUrl\":\"https:\\\/\\\/i0.wp.com\\\/superhumanoid.info\\\/superblog\\\/wp-content\\\/uploads\\\/pawels-paleo-grundlagen.jpg?fit=2048%2C1536&ssl=1\",\"width\":2048,\"height\":1536,\"caption\":\"Pawel's Paleo Grundlagen\"},{\"@type\":\"BreadcrumbList\",\"@id\":\"https:\\\/\\\/superhumanoid.info\\\/superblog\\\/pawels-paleo-grundlagen\\\/#breadcrumb\",\"itemListElement\":[{\"@type\":\"ListItem\",\"position\":1,\"name\":\"Startseite\",\"item\":\"https:\\\/\\\/superhumanoid.info\\\/superblog\\\/\"},{\"@type\":\"ListItem\",\"position\":2,\"name\":\"Pawel&#8217;s Paleo Grundlagen 2.0\"}]},{\"@type\":\"WebSite\",\"@id\":\"https:\\\/\\\/superhumanoid.info\\\/superblog\\\/#website\",\"url\":\"https:\\\/\\\/superhumanoid.info\\\/superblog\\\/\",\"name\":\"superhumanoid.info blog\",\"description\":\"Evolution\u00e4re Gesundheit mit Paleo\",\"publisher\":{\"@id\":\"https:\\\/\\\/superhumanoid.info\\\/superblog\\\/#organization\"},\"potentialAction\":[{\"@type\":\"SearchAction\",\"target\":{\"@type\":\"EntryPoint\",\"urlTemplate\":\"https:\\\/\\\/superhumanoid.info\\\/superblog\\\/?s={search_term_string}\"},\"query-input\":{\"@type\":\"PropertyValueSpecification\",\"valueRequired\":true,\"valueName\":\"search_term_string\"}}],\"inLanguage\":\"de\"},{\"@type\":\"Organization\",\"@id\":\"https:\\\/\\\/superhumanoid.info\\\/superblog\\\/#organization\",\"name\":\"superhumanoid.info blog\",\"url\":\"https:\\\/\\\/superhumanoid.info\\\/superblog\\\/\",\"logo\":{\"@type\":\"ImageObject\",\"inLanguage\":\"de\",\"@id\":\"https:\\\/\\\/superhumanoid.info\\\/superblog\\\/#\\\/schema\\\/logo\\\/image\\\/\",\"url\":\"https:\\\/\\\/i0.wp.com\\\/superhumanoid.info\\\/superblog\\\/wp-content\\\/uploads\\\/cropped-superhumanoid-info-logo-small.png?fit=260%2C60&ssl=1\",\"contentUrl\":\"https:\\\/\\\/i0.wp.com\\\/superhumanoid.info\\\/superblog\\\/wp-content\\\/uploads\\\/cropped-superhumanoid-info-logo-small.png?fit=260%2C60&ssl=1\",\"width\":260,\"height\":60,\"caption\":\"superhumanoid.info blog\"},\"image\":{\"@id\":\"https:\\\/\\\/superhumanoid.info\\\/superblog\\\/#\\\/schema\\\/logo\\\/image\\\/\"},\"sameAs\":[\"https:\\\/\\\/www.facebook.com\\\/superhumanoid.info\",\"https:\\\/\\\/x.com\\\/super_humanoid\",\"http:\\\/\\\/www.instagram.com\\\/superhumanoid.info\",\"http:\\\/\\\/pinterest.com\\\/super_humanoid\",\"http:\\\/\\\/www.youtube.com\\\/SuperhumanoidInfo\"]}]}<\/script>\n<!-- \/ Yoast SEO plugin. -->","yoast_head_json":{"title":"Pawel's Paleo Grundlagen 2.0 - superhumanoid.info blog","description":"Auf dieser Seite \"Pawel's Paleo Grundlagen 2.0\" bringe ich Dir die Grundlagen zu meiner Ern\u00e4hrungsweise nahe und teile meine Erfahrungen mit Dir.","robots":{"index":"index","follow":"follow","max-snippet":"max-snippet:-1","max-image-preview":"max-image-preview:large","max-video-preview":"max-video-preview:-1"},"canonical":"https:\/\/superhumanoid.info\/superblog\/pawels-paleo-grundlagen\/","og_locale":"de_DE","og_type":"article","og_title":"Pawel's Paleo Grundlagen 2.0 - superhumanoid.info blog","og_description":"Auf dieser Seite \"Pawel's Paleo Grundlagen 2.0\" bringe ich Dir die Grundlagen zu meiner Ern\u00e4hrungsweise nahe und teile meine Erfahrungen mit Dir.","og_url":"https:\/\/superhumanoid.info\/superblog\/pawels-paleo-grundlagen\/","og_site_name":"superhumanoid.info blog","article_publisher":"https:\/\/www.facebook.com\/superhumanoid.info","article_modified_time":"2017-02-26T17:34:08+00:00","og_image":[{"width":2048,"height":1536,"url":"https:\/\/i1.wp.com\/superhumanoid.info\/superblog\/wp-content\/uploads\/pawels-paleo-grundlagen.jpg?fit=2048%2C1536&ssl=1","type":"image\/jpeg"}],"twitter_misc":{"Gesch\u00e4tzte Lesezeit":"6\u00a0Minuten"},"schema":{"@context":"https:\/\/schema.org","@graph":[{"@type":"WebPage","@id":"https:\/\/superhumanoid.info\/superblog\/pawels-paleo-grundlagen\/","url":"https:\/\/superhumanoid.info\/superblog\/pawels-paleo-grundlagen\/","name":"Pawel's Paleo Grundlagen 2.0 - superhumanoid.info blog","isPartOf":{"@id":"https:\/\/superhumanoid.info\/superblog\/#website"},"primaryImageOfPage":{"@id":"https:\/\/superhumanoid.info\/superblog\/pawels-paleo-grundlagen\/#primaryimage"},"image":{"@id":"https:\/\/superhumanoid.info\/superblog\/pawels-paleo-grundlagen\/#primaryimage"},"thumbnailUrl":"https:\/\/i0.wp.com\/superhumanoid.info\/superblog\/wp-content\/uploads\/pawels-paleo-grundlagen.jpg?fit=2048%2C1536&ssl=1","datePublished":"2014-08-31T06:38:39+00:00","dateModified":"2017-02-26T17:34:08+00:00","description":"Auf dieser Seite \"Pawel's Paleo Grundlagen 2.0\" bringe ich Dir die Grundlagen zu meiner Ern\u00e4hrungsweise nahe und teile meine Erfahrungen mit Dir.","breadcrumb":{"@id":"https:\/\/superhumanoid.info\/superblog\/pawels-paleo-grundlagen\/#breadcrumb"},"inLanguage":"de","potentialAction":[{"@type":"ReadAction","target":["https:\/\/superhumanoid.info\/superblog\/pawels-paleo-grundlagen\/"]}]},{"@type":"ImageObject","inLanguage":"de","@id":"https:\/\/superhumanoid.info\/superblog\/pawels-paleo-grundlagen\/#primaryimage","url":"https:\/\/i0.wp.com\/superhumanoid.info\/superblog\/wp-content\/uploads\/pawels-paleo-grundlagen.jpg?fit=2048%2C1536&ssl=1","contentUrl":"https:\/\/i0.wp.com\/superhumanoid.info\/superblog\/wp-content\/uploads\/pawels-paleo-grundlagen.jpg?fit=2048%2C1536&ssl=1","width":2048,"height":1536,"caption":"Pawel's Paleo Grundlagen"},{"@type":"BreadcrumbList","@id":"https:\/\/superhumanoid.info\/superblog\/pawels-paleo-grundlagen\/#breadcrumb","itemListElement":[{"@type":"ListItem","position":1,"name":"Startseite","item":"https:\/\/superhumanoid.info\/superblog\/"},{"@type":"ListItem","position":2,"name":"Pawel&#8217;s Paleo Grundlagen 2.0"}]},{"@type":"WebSite","@id":"https:\/\/superhumanoid.info\/superblog\/#website","url":"https:\/\/superhumanoid.info\/superblog\/","name":"superhumanoid.info blog","description":"Evolution\u00e4re Gesundheit mit Paleo","publisher":{"@id":"https:\/\/superhumanoid.info\/superblog\/#organization"},"potentialAction":[{"@type":"SearchAction","target":{"@type":"EntryPoint","urlTemplate":"https:\/\/superhumanoid.info\/superblog\/?s={search_term_string}"},"query-input":{"@type":"PropertyValueSpecification","valueRequired":true,"valueName":"search_term_string"}}],"inLanguage":"de"},{"@type":"Organization","@id":"https:\/\/superhumanoid.info\/superblog\/#organization","name":"superhumanoid.info blog","url":"https:\/\/superhumanoid.info\/superblog\/","logo":{"@type":"ImageObject","inLanguage":"de","@id":"https:\/\/superhumanoid.info\/superblog\/#\/schema\/logo\/image\/","url":"https:\/\/i0.wp.com\/superhumanoid.info\/superblog\/wp-content\/uploads\/cropped-superhumanoid-info-logo-small.png?fit=260%2C60&ssl=1","contentUrl":"https:\/\/i0.wp.com\/superhumanoid.info\/superblog\/wp-content\/uploads\/cropped-superhumanoid-info-logo-small.png?fit=260%2C60&ssl=1","width":260,"height":60,"caption":"superhumanoid.info blog"},"image":{"@id":"https:\/\/superhumanoid.info\/superblog\/#\/schema\/logo\/image\/"},"sameAs":["https:\/\/www.facebook.com\/superhumanoid.info","https:\/\/x.com\/super_humanoid","http:\/\/www.instagram.com\/superhumanoid.info","http:\/\/pinterest.com\/super_humanoid","http:\/\/www.youtube.com\/SuperhumanoidInfo"]}]}},"jetpack_shortlink":"https:\/\/wp.me\/P4PQdV-5Y","jetpack_sharing_enabled":true,"_links":{"self":[{"href":"https:\/\/superhumanoid.info\/superblog\/wp-json\/wp\/v2\/pages\/370","targetHints":{"allow":["GET"]}}],"collection":[{"href":"https:\/\/superhumanoid.info\/superblog\/wp-json\/wp\/v2\/pages"}],"about":[{"href":"https:\/\/superhumanoid.info\/superblog\/wp-json\/wp\/v2\/types\/page"}],"author":[{"embeddable":true,"href":"https:\/\/superhumanoid.info\/superblog\/wp-json\/wp\/v2\/users\/1"}],"replies":[{"embeddable":true,"href":"https:\/\/superhumanoid.info\/superblog\/wp-json\/wp\/v2\/comments?post=370"}],"version-history":[{"count":0,"href":"https:\/\/superhumanoid.info\/superblog\/wp-json\/wp\/v2\/pages\/370\/revisions"}],"wp:featuredmedia":[{"embeddable":true,"href":"https:\/\/superhumanoid.info\/superblog\/wp-json\/wp\/v2\/media\/371"}],"wp:attachment":[{"href":"https:\/\/superhumanoid.info\/superblog\/wp-json\/wp\/v2\/media?parent=370"}],"curies":[{"name":"wp","href":"https:\/\/api.w.org\/{rel}","templated":true}]}}