{"id":461,"date":"2014-09-21T08:04:46","date_gmt":"2014-09-21T06:04:46","guid":{"rendered":"http:\/\/www.superhumanoid.info\/superblog\/?page_id=461"},"modified":"2015-09-20T06:48:15","modified_gmt":"2015-09-20T04:48:15","slug":"abnehmen-mit-der-paleo-diaet-steinzeit-diaet","status":"publish","type":"page","link":"https:\/\/superhumanoid.info\/superblog\/abnehmen-mit-der-paleo-diaet-steinzeit-diaet\/","title":{"rendered":"Abnehmen mit Paleo"},"content":{"rendered":"<figure id=\"attachment_939\" aria-describedby=\"caption-attachment-939\" style=\"width: 130px\" class=\"wp-caption alignleft\"><a href=\"www.superhumanoid.info\/superblog\/gravity-landing\/abnehmen-mit-paleo-lifestyle-power-for-everyone-pragmatiker-edition-mit-erfahrungsgarantie\/\"><img data-recalc-dims=\"1\" loading=\"lazy\" decoding=\"async\" class=\"size-full wp-image-939\" src=\"https:\/\/i0.wp.com\/www.superhumanoid.info\/superblog\/wp-content\/uploads\/abnehmen-mit-paleo-paleo-lifestyle-power-for-everyone-pragmatiker-edition-mit-erfahrungsgarantie-3d-buch.png?resize=130%2C266\" alt=\"Abnehmen mit Paleo - Paleo Lifestyle Power For Everyone Pragmatiker Edition Mit Erfahrungsgarantie\" width=\"130\" height=\"266\" \/><\/a><figcaption id=\"caption-attachment-939\" class=\"wp-caption-text\">Abnehmen mit Paleo &#8211; Paleo Lifestyle Power For Everyone Pragmatiker Edition Mit Erfahrungsgarantie<\/figcaption><\/figure>\n<p>Auf dieser Seite geht es um das <strong>erfolgreiche Abnehmen mit der sogenannten Paleo Di\u00e4t<\/strong> \/ Steinzeit Di\u00e4t bzw. Steinzeitern\u00e4hrung. Ich habe etwa <strong>80 kg K\u00f6rpergewicht in 2 Jahren mit Paleo abgenommen!<\/strong><\/p>\n<p><strong>Ich wei\u00df wie es ist stark \u00fcbergewichtig zu sein<\/strong> und bin kein Fitness-Trainer, der sein ganzes Leben schlank und sportlich gelebt hat. <strong>Ich unterst\u00fctze Menschen<\/strong> (besonders schwer \u00fcbergewichtige Menschen) dabei eine st\u00e4rkere Version von sich selbst zu werden. <strong>Dieses Blog dient dazu Dich zu unterst\u00fctzen!<\/strong><\/p>\n<p><strong>Ich schreibe f\u00fcr Dich von echter Erfahrung und erz\u00e4hle keinen Hokuspokus.<\/strong> Ich bin authentisch. Ich bin intelligent. <strong>Ich lebe Paleo!<\/strong><\/p>\n<p>Meine Ern\u00e4hrung ist gem\u00e4\u00df Paleo und ich <strong>unterst\u00fctze eine gesunde Lebensweise<\/strong> und arbeite leidenschaftlich an den <strong>Themen Evolution\u00e4rer Gesundheit, Ern\u00e4hrung, Bewegung und effektiver Selbstverbesserung<\/strong>. Au\u00dferdem liebe ich <a title=\"Einfache und effektive \u00dcbung zum Abnehmen f\u00fcr stark \u00dcbergewichtige\" href=\"http:\/\/www.superhumanoid.info\/superblog\/2014\/08\/16\/einfache-uebung-zum-abnehmen-squat-hiit\/\" target=\"_blank\">HIIT<\/a>, <a title=\"1 Jahr als Freeletics Free Athlete \u2013 Noch diesen Winter zum Beach-Body?\" href=\"http:\/\/www.superhumanoid.info\/superblog\/2014\/12\/08\/1-jahr-als-freeletics-free-athlete-noch-diesen-winter-zum-beach-body\/\" target=\"_blank\">Freeletics<\/a> und <a title=\"Street Reading \u2013 Wie ich es schaffe mehr als 100 B\u00fccher im Jahr zu lesen trotz Beruf und Familie?\" href=\"http:\/\/www.superhumanoid.info\/superblog\/2015\/01\/28\/street-reading-speed-reading-smart-reading-schelles-buecher-lesen-technik\/\" target=\"_blank\">Lesen<\/a>.<\/p>\n<h3>Kommt Dir folgendes bekannt vor?<\/h3>\n<p><em>Du kennst das sicher! St\u00e4ndig kommt irgendein neuer Experte daher und will Dir erz\u00e4hlen, wie man nachhaltig schlank und gesund sein kann? Viele dieser Experten sprechen nicht wirklich aus Erfahrung, da sie selbst nie stark \u00fcbergewichtig waren und sich den Herausforderungen selbst nicht stellen mussten. Sie erz\u00e4hlen oft \u00fcber die Dinge, die sie irgendwo gelesen oder gelernt haben, aber nicht von ihren eigenen Erfahrungen. Oftmals wird pauschal gesagt, dass Du weniger essen und sich mehr bewegen sollst.<\/em><\/p>\n<p><em>Tja, das ist ja nichts Neues, und jetzt? Warum ist im Jahr 2015 dann mehr als jeder zweite in Deutschland \u00fcbergewichtig?<\/em><\/p>\n<p>Wer abnehmen m\u00f6chte, der steht heutzutage leider einer un\u00fcberschaubaren Zahl von Experten, neuen Di\u00e4ten und Wunderpillen gegen\u00fcber. Die meisten sind Trends, nicht praktikabel, wirkungslos oder sogar kontraproduktiv. Die Tipps der \u00c4rzte sind leider nicht sehr hilfreich.<\/p>\n<p><em>Viele Ratgeber und Workshops sind sehr einseitig und wollen Ihnen nur teure Produkte verkaufen. <\/em><\/p>\n<p><b>Dieses Blog und mein Buch sind anders!<\/b><\/p>\n<h3>Mehr als nur essen<\/h3>\n<p>Das ganzheitliche Konzept besteht grunds\u00e4tzlich aus mehreren S\u00e4ulen, die jeweils ein separates Kapitel auf dem Weg darstellen. Denn der evolution\u00e4re Ansatz ist keine Di\u00e4t, es ist ein nachhaltiges Konzept. Zumindest habe ich es so gelebt und damit sichtbare Erfolge erzielt. Deswegen gebe ich es auch genau so an Sie weiter.<\/p>\n<p>Diese S\u00e4ulen sind:<\/p>\n<ul>\n<li>S\u00e4ule des Basiswissens<\/li>\n<li>S\u00e4ule der Ern\u00e4hrung<\/li>\n<li>S\u00e4ule der Einstellung<\/li>\n<li>S\u00e4ule der Bewegung<\/li>\n<li>S\u00e4ule des allgemeinen Wohlbefindens<\/li>\n<li>S\u00e4ule des Soziallebens<\/li>\n<\/ul>\n<p><strong>Genug der Vorrede, los geht&#8217;s!<\/strong><\/p>\n<p><strong>WICHTIG!<\/strong> <a href=\"http:\/\/eepurl.com\/Yo8Pb\" target=\"_blank\" rel=\"nofollow\">Registriere Dich jetzt f\u00fcr meinen kostenlosen Newsletter um zuk\u00fcnftig weitere exklusive Informationen zu erhalten.<\/a><\/p>\n<h3>Abnehmen mit Paleo in 4 Schritten<\/h3>\n<h4>Schritt 1: Grundlagen<\/h4>\n<p>Lies Dir meine <a title=\"Pawel\u2019s Paleo Grundlagen 2.0\" href=\"http:\/\/www.superhumanoid.info\/superblog\/pawels-paleo-grundlagen\/\">Pawel\u2019s Paleo Grundlagen 2.0<\/a> durch.<\/p>\n<p><em>Auf dieser Seite bringe ich Dir die Grundlagen und Hintergr\u00fcnde zu meiner Ern\u00e4hrungsweise nahe und teile zus\u00e4tzlich meine pers\u00f6nlichen Erfahrungen mit Dir.<\/em><\/p>\n<h4>Schritt 2: Quick-Start Guide<\/h4>\n<p>Lies Dir meinen <a title=\"Pawel\u2019s Quick-Start Paleo Guide\" href=\"http:\/\/www.superhumanoid.info\/superblog\/pawels-paleo-guide-quick-start\/\">Quick-Start Paleo Guide<\/a> durch.<\/p>\n<p><em>Dieser Paleo Guide f\u00fcr den schnellen Start gibt einen groben und schnellen \u00dcberblick um mit einem gesunden Lebensstil zu beginnen. Paleo ist mehr als &#8222;nur&#8220; essen!<\/em><\/p>\n<h4>Schritt 3: Artikel lesen und Podcasts h\u00f6ren bzw. Videos ansehen<\/h4>\n<h5>Artikel<\/h5>\n<p>Lies Dir regelm\u00e4\u00dfig meine <a title=\"http:\/\/www.superhumanoid.info\/superblog\/?s=Abnehmen+mit+Paleo+und+Pawel\" href=\"http:\/\/www.superhumanoid.info\/superblog\/?s=Abnehmen+mit+Paleo+und+Pawel\" target=\"_blank\">Power-Tipps zum Thema &#8222;Abnehmen mit Paleo und Pawel&#8220;<\/a> durch. Schau Dir meine Videos zum Thema Abnehmen mit Paleo an, in denen ich meine Erfahrungen weitergebe.<\/p>\n<p>In dieser Artikelserie schreibe ich regelm\u00e4\u00dfig \u00fcber meine damaligen Erfahrungen beim Abnehmen mit Paleo schreiben und ver\u00f6ffentliche meine pers\u00f6nlichen Power Tipps. Diese Tipps haben es mir erm\u00f6glicht knapp 80 kg in 2 Jahren abzunehmen und eine st\u00e4rkere Version von mir selbst zu werden. Hoffentlich helfen sie Dir ebenfalls dabei.<\/p>\n<p><strong><a title=\"Abnehmen mit Paleo und Pawel \u2013 Power Tip #1\" href=\"http:\/\/www.superhumanoid.info\/superblog\/2014\/07\/22\/abnehmen-mit-paleo-power-tip-1\/\" target=\"_blank\">Fang einfach mit dem &#8222;Abnehmen mit Paleo und Pawel \u2013 Power Tip #1&#8220; an<\/a> und lies dies St\u00fcck f\u00fcr St\u00fcck durch alle Power Tipps durch.<\/strong><\/p>\n<p><strong>Zum sehr empfehlenswerten <a href=\"http:\/\/www.superhumanoid.info\/superblog\/2014\/12\/08\/1-jahr-als-freeletics-free-athlete-noch-diesen-winter-zum-beach-body\/\">Freeletics Artikel geht es hier<\/a>.<\/strong><\/p>\n<figure id=\"attachment_1252\" aria-describedby=\"caption-attachment-1252\" style=\"width: 468px\" class=\"wp-caption aligncenter\"><a href=\"http:\/\/ad.zanox.com\/ppc\/?29780069C1005407422T&amp;zpar0=[[PKC]]\" target=\"_blank\"><img data-recalc-dims=\"1\" loading=\"lazy\" decoding=\"async\" class=\"size-full wp-image-1252\" src=\"https:\/\/i0.wp.com\/www.superhumanoid.info\/superblog\/wp-content\/uploads\/mit-freeletics-starten.jpg?resize=468%2C60\" alt=\"Jetzt mit Freeletics starten und 15 Wochen durchziehen!\" width=\"468\" height=\"60\" srcset=\"https:\/\/i0.wp.com\/superhumanoid.info\/superblog\/wp-content\/uploads\/mit-freeletics-starten.jpg?w=468&amp;ssl=1 468w, https:\/\/i0.wp.com\/superhumanoid.info\/superblog\/wp-content\/uploads\/mit-freeletics-starten.jpg?resize=300%2C38&amp;ssl=1 300w, https:\/\/i0.wp.com\/superhumanoid.info\/superblog\/wp-content\/uploads\/mit-freeletics-starten.jpg?resize=50%2C6&amp;ssl=1 50w\" sizes=\"auto, (max-width: 468px) 100vw, 468px\" \/><\/a><figcaption id=\"caption-attachment-1252\" class=\"wp-caption-text\">Jetzt mit Freeletics starten und 15 Wochen durchziehen!<\/figcaption><\/figure>\n<h5>Videos<\/h5>\n<p><strong><a href=\"http:\/\/www.superhumanoid.info\/superblog\/2015\/05\/20\/evolution-radio-show-folge-007-pawels-persoenliche-geschichte-und-wie-er-80-kg-abgenommen-hat\/\">Hier<\/a>\u00a0gebe ich in der Evolution Radio Show meine Erfahrungen an Dich weiter oder hier mein Vortrag auf <a href=\"https:\/\/www.youtube.com\/playlist?list=PLfVXbG5zlT1bq61REuGj536_0MsLNMIWb\" target=\"_blank\" rel=\"nofollow\">Youtube<\/a> oder <a href=\"https:\/\/vimeo.com\/album\/3227475\" target=\"_blank\" rel=\"nofollow\">Vimeo<\/a>.<\/strong><\/p>\n<h4>Schritt 4: Mein Buch lesen<\/h4>\n<p>\u00dcberzeugt? Dann absolviere den <a title=\"http:\/\/amzn.to\/1JXAnsY\" href=\"http:\/\/amzn.to\/1JXAnsY\" target=\"_blank\" rel=\"nofollow\">42 Tage Plan f\u00fcr einen Quick-Start aus dem Buch<\/a>. Werde Fan der <a title=\"https:\/\/www.facebook.com\/abnehmen.mit.paleo\" href=\"https:\/\/www.facebook.com\/abnehmen.mit.paleo\" target=\"_blank\" rel=\"nofollow\">Facebook-Seite zum Buch<\/a> und absolviere dort die <a title=\"https:\/\/www.facebook.com\/events\/780966185292701\" href=\"https:\/\/www.facebook.com\/events\/780966185292701\" target=\"_blank\" rel=\"nofollow\">Challenge<\/a> mit vielen anderen zusammen.<\/p>\n<p><b><a href=\"http:\/\/amzn.to\/1Fhlg7I\" rel=\"nofollow\">Abnehmen mit Paleo (Kindle) &#8211; Jetzt Kaufen!<\/a><br \/>\n<a href=\"http:\/\/amzn.to\/1zihmar\" rel=\"nofollow\">Abnehmen mit Paleo (Taschenbuch) &#8211; Jetzt Kaufen!<\/a><\/b><\/p>\n<p><strong>Leseproben gibt es auf <a title=\"http:\/\/www.amazon.de\/Pawel-M.-Konefal\/e\/B00RF9K3VK\/ref=sr_ntt_srch_lnk_1?qid=1425189597&amp;sr=8-1\" href=\"http:\/\/www.amazon.de\/Pawel-M.-Konefal\/e\/B00RF9K3VK\/ref=sr_ntt_srch_lnk_1?qid=1425189597&amp;sr=8-1\" target=\"_blank\">Amazon<\/a><\/strong><\/p>\n<p><b>In der Challenge werden die wichtigsten Aspekte aus allen S\u00e4ulen schrittweise umgesetzt.<\/b><\/p>\n<p><u>M\u00f6glich Ziele sind:<\/u><\/p>\n<ul>\n<li>Abbau von Ko\u0308rperfett<\/li>\n<li>Mehr Energie<\/li>\n<li>Weniger Mu\u0308digkeit<\/li>\n<li>Ho\u0308here Leistungsfa\u0308higkeit<\/li>\n<li>Keine Hei\u00dfhungerattacken<\/li>\n<li>Reduktion von Allergien<\/li>\n<li>Reduktion von Entzu\u0308ndungen<\/li>\n<li>Sta\u0308rkung des Immunsystems<\/li>\n<li>Reduktion von Depressionen<\/li>\n<li>Verbesserung des Stoffwechsels<\/li>\n<li>Erho\u0308hung der Insulinsensitivita\u0308t bis hin zur Verbesserung von Diabetes Typ-2<\/li>\n<\/ul>\n<p><em>Stelle Dich der Herausforderung und teile mir Deine Erfolge mit.<\/em><\/p>\n<p><strong>Jetzt hei\u00dft es STARTEN! Viel Erfolg!<\/strong><\/p>\n<p><em>Zur Motivation zeige ich Dir meine Erfolgsgeschichte in diesem Bild:<\/em><\/p>\n<figure id=\"attachment_196\" aria-describedby=\"caption-attachment-196\" style=\"width: 300px\" class=\"wp-caption aligncenter\"><a href=\"https:\/\/i0.wp.com\/www.superhumanoid.info\/superblog\/wp-content\/uploads\/pawel_konefal_info_transformation.jpg\"><img data-recalc-dims=\"1\" loading=\"lazy\" decoding=\"async\" class=\"size-medium wp-image-196\" src=\"https:\/\/i0.wp.com\/www.superhumanoid.info\/superblog\/wp-content\/uploads\/pawel_konefal_info_transformation-300x168.jpg?resize=300%2C168\" alt=\"Pawel Konefal Transformation Paleo\" width=\"300\" height=\"168\" srcset=\"https:\/\/i0.wp.com\/superhumanoid.info\/superblog\/wp-content\/uploads\/pawel_konefal_info_transformation.jpg?resize=300%2C168&amp;ssl=1 300w, https:\/\/i0.wp.com\/superhumanoid.info\/superblog\/wp-content\/uploads\/pawel_konefal_info_transformation.jpg?w=700&amp;ssl=1 700w\" sizes=\"auto, (max-width: 300px) 100vw, 300px\" \/><\/a><figcaption id=\"caption-attachment-196\" class=\"wp-caption-text\">Pawel Konefal Transformation mit Paleo<\/figcaption><\/figure>\n","protected":false},"excerpt":{"rendered":"<p>Auf dieser Seite geht es um das erfolgreiche Abnehmen mit der sogenannten Paleo Di\u00e4t \/ Steinzeit Di\u00e4t bzw. Steinzeitern\u00e4hrung. Ich habe etwa 80 kg K\u00f6rpergewicht in 2 Jahren mit Paleo&#8230;<\/p>\n","protected":false},"author":1,"featured_media":1008,"parent":0,"menu_order":0,"comment_status":"open","ping_status":"open","template":"","meta":{"jetpack_post_was_ever_published":false,"footnotes":"","_links_to":"","_links_to_target":""},"class_list":["post-461","page","type-page","status-publish","has-post-thumbnail","hentry","entry"],"yoast_head":"<!-- This site is optimized with the Yoast SEO plugin v27.3 - https:\/\/yoast.com\/product\/yoast-seo-wordpress\/ -->\n<title>Abnehmen mit Paleo - superhumanoid.info blog<\/title>\n<meta name=\"description\" content=\"Abnehmen mit der Paleo Di\u00e4t \/ Steinzeit Di\u00e4t ist gesund und nachhaltig. Ich zeige Dir wie Du erfolgreich abnehmen kannst, ich habe es vorgemacht. 80 kg!\" \/>\n<meta name=\"robots\" content=\"index, follow, max-snippet:-1, max-image-preview:large, max-video-preview:-1\" \/>\n<link rel=\"canonical\" href=\"https:\/\/superhumanoid.info\/superblog\/abnehmen-mit-der-paleo-diaet-steinzeit-diaet\/\" \/>\n<meta property=\"og:locale\" content=\"de_DE\" \/>\n<meta property=\"og:type\" content=\"article\" \/>\n<meta property=\"og:title\" content=\"Abnehmen mit Paleo - superhumanoid.info blog\" \/>\n<meta property=\"og:description\" content=\"Abnehmen mit der Paleo Di\u00e4t \/ Steinzeit Di\u00e4t ist gesund und nachhaltig. Ich zeige Dir wie Du erfolgreich abnehmen kannst, ich habe es vorgemacht. 80 kg!\" \/>\n<meta property=\"og:url\" content=\"https:\/\/superhumanoid.info\/superblog\/abnehmen-mit-der-paleo-diaet-steinzeit-diaet\/\" \/>\n<meta property=\"og:site_name\" content=\"superhumanoid.info blog\" \/>\n<meta property=\"article:publisher\" content=\"https:\/\/www.facebook.com\/superhumanoid.info\" \/>\n<meta property=\"article:modified_time\" content=\"2015-09-20T04:48:15+00:00\" \/>\n<meta property=\"og:image\" content=\"https:\/\/i0.wp.com\/superhumanoid.info\/superblog\/wp-content\/uploads\/abnehmen-mit-paleo-paleo-lifestyle-power-for-everyone-pragmatiker-edition-mit-erfahrungsgarantie-3d-buch.png?fit=130%2C266&ssl=1\" \/>\n\t<meta property=\"og:image:width\" content=\"130\" \/>\n\t<meta property=\"og:image:height\" content=\"266\" \/>\n\t<meta property=\"og:image:type\" content=\"image\/png\" \/>\n<meta name=\"twitter:label1\" content=\"Gesch\u00e4tzte Lesezeit\" \/>\n\t<meta name=\"twitter:data1\" content=\"4\u00a0Minuten\" \/>\n<script type=\"application\/ld+json\" class=\"yoast-schema-graph\">{\"@context\":\"https:\\\/\\\/schema.org\",\"@graph\":[{\"@type\":\"WebPage\",\"@id\":\"https:\\\/\\\/superhumanoid.info\\\/superblog\\\/abnehmen-mit-der-paleo-diaet-steinzeit-diaet\\\/\",\"url\":\"https:\\\/\\\/superhumanoid.info\\\/superblog\\\/abnehmen-mit-der-paleo-diaet-steinzeit-diaet\\\/\",\"name\":\"Abnehmen mit Paleo - superhumanoid.info blog\",\"isPartOf\":{\"@id\":\"https:\\\/\\\/superhumanoid.info\\\/superblog\\\/#website\"},\"primaryImageOfPage\":{\"@id\":\"https:\\\/\\\/superhumanoid.info\\\/superblog\\\/abnehmen-mit-der-paleo-diaet-steinzeit-diaet\\\/#primaryimage\"},\"image\":{\"@id\":\"https:\\\/\\\/superhumanoid.info\\\/superblog\\\/abnehmen-mit-der-paleo-diaet-steinzeit-diaet\\\/#primaryimage\"},\"thumbnailUrl\":\"https:\\\/\\\/i0.wp.com\\\/superhumanoid.info\\\/superblog\\\/wp-content\\\/uploads\\\/abnehmen-mit-paleo-paleo-lifestyle-power-for-everyone-pragmatiker-edition-mit-erfahrungsgarantie-3d-buch.png?fit=130%2C266&ssl=1\",\"datePublished\":\"2014-09-21T06:04:46+00:00\",\"dateModified\":\"2015-09-20T04:48:15+00:00\",\"description\":\"Abnehmen mit der Paleo Di\u00e4t \\\/ Steinzeit Di\u00e4t ist gesund und nachhaltig. Ich zeige Dir wie Du erfolgreich abnehmen kannst, ich habe es vorgemacht. 80 kg!\",\"breadcrumb\":{\"@id\":\"https:\\\/\\\/superhumanoid.info\\\/superblog\\\/abnehmen-mit-der-paleo-diaet-steinzeit-diaet\\\/#breadcrumb\"},\"inLanguage\":\"de\",\"potentialAction\":[{\"@type\":\"ReadAction\",\"target\":[\"https:\\\/\\\/superhumanoid.info\\\/superblog\\\/abnehmen-mit-der-paleo-diaet-steinzeit-diaet\\\/\"]}]},{\"@type\":\"ImageObject\",\"inLanguage\":\"de\",\"@id\":\"https:\\\/\\\/superhumanoid.info\\\/superblog\\\/abnehmen-mit-der-paleo-diaet-steinzeit-diaet\\\/#primaryimage\",\"url\":\"https:\\\/\\\/i0.wp.com\\\/superhumanoid.info\\\/superblog\\\/wp-content\\\/uploads\\\/abnehmen-mit-paleo-paleo-lifestyle-power-for-everyone-pragmatiker-edition-mit-erfahrungsgarantie-3d-buch.png?fit=130%2C266&ssl=1\",\"contentUrl\":\"https:\\\/\\\/i0.wp.com\\\/superhumanoid.info\\\/superblog\\\/wp-content\\\/uploads\\\/abnehmen-mit-paleo-paleo-lifestyle-power-for-everyone-pragmatiker-edition-mit-erfahrungsgarantie-3d-buch.png?fit=130%2C266&ssl=1\",\"width\":130,\"height\":266,\"caption\":\"Abnehmen mit Paleo - Paleo Lifestyle Power For Everyone Pragmatiker Edition Mit Erfahrungsgarantie\"},{\"@type\":\"BreadcrumbList\",\"@id\":\"https:\\\/\\\/superhumanoid.info\\\/superblog\\\/abnehmen-mit-der-paleo-diaet-steinzeit-diaet\\\/#breadcrumb\",\"itemListElement\":[{\"@type\":\"ListItem\",\"position\":1,\"name\":\"Startseite\",\"item\":\"https:\\\/\\\/superhumanoid.info\\\/superblog\\\/\"},{\"@type\":\"ListItem\",\"position\":2,\"name\":\"Abnehmen mit Paleo\"}]},{\"@type\":\"WebSite\",\"@id\":\"https:\\\/\\\/superhumanoid.info\\\/superblog\\\/#website\",\"url\":\"https:\\\/\\\/superhumanoid.info\\\/superblog\\\/\",\"name\":\"superhumanoid.info blog\",\"description\":\"Evolution\u00e4re Gesundheit mit Paleo\",\"publisher\":{\"@id\":\"https:\\\/\\\/superhumanoid.info\\\/superblog\\\/#organization\"},\"potentialAction\":[{\"@type\":\"SearchAction\",\"target\":{\"@type\":\"EntryPoint\",\"urlTemplate\":\"https:\\\/\\\/superhumanoid.info\\\/superblog\\\/?s={search_term_string}\"},\"query-input\":{\"@type\":\"PropertyValueSpecification\",\"valueRequired\":true,\"valueName\":\"search_term_string\"}}],\"inLanguage\":\"de\"},{\"@type\":\"Organization\",\"@id\":\"https:\\\/\\\/superhumanoid.info\\\/superblog\\\/#organization\",\"name\":\"superhumanoid.info blog\",\"url\":\"https:\\\/\\\/superhumanoid.info\\\/superblog\\\/\",\"logo\":{\"@type\":\"ImageObject\",\"inLanguage\":\"de\",\"@id\":\"https:\\\/\\\/superhumanoid.info\\\/superblog\\\/#\\\/schema\\\/logo\\\/image\\\/\",\"url\":\"https:\\\/\\\/i0.wp.com\\\/superhumanoid.info\\\/superblog\\\/wp-content\\\/uploads\\\/cropped-superhumanoid-info-logo-small.png?fit=260%2C60&ssl=1\",\"contentUrl\":\"https:\\\/\\\/i0.wp.com\\\/superhumanoid.info\\\/superblog\\\/wp-content\\\/uploads\\\/cropped-superhumanoid-info-logo-small.png?fit=260%2C60&ssl=1\",\"width\":260,\"height\":60,\"caption\":\"superhumanoid.info blog\"},\"image\":{\"@id\":\"https:\\\/\\\/superhumanoid.info\\\/superblog\\\/#\\\/schema\\\/logo\\\/image\\\/\"},\"sameAs\":[\"https:\\\/\\\/www.facebook.com\\\/superhumanoid.info\",\"https:\\\/\\\/x.com\\\/super_humanoid\",\"http:\\\/\\\/www.instagram.com\\\/superhumanoid.info\",\"http:\\\/\\\/pinterest.com\\\/super_humanoid\",\"http:\\\/\\\/www.youtube.com\\\/SuperhumanoidInfo\"]}]}<\/script>\n<!-- \/ Yoast SEO plugin. -->","yoast_head_json":{"title":"Abnehmen mit Paleo - superhumanoid.info blog","description":"Abnehmen mit der Paleo Di\u00e4t \/ Steinzeit Di\u00e4t ist gesund und nachhaltig. Ich zeige Dir wie Du erfolgreich abnehmen kannst, ich habe es vorgemacht. 80 kg!","robots":{"index":"index","follow":"follow","max-snippet":"max-snippet:-1","max-image-preview":"max-image-preview:large","max-video-preview":"max-video-preview:-1"},"canonical":"https:\/\/superhumanoid.info\/superblog\/abnehmen-mit-der-paleo-diaet-steinzeit-diaet\/","og_locale":"de_DE","og_type":"article","og_title":"Abnehmen mit Paleo - superhumanoid.info blog","og_description":"Abnehmen mit der Paleo Di\u00e4t \/ Steinzeit Di\u00e4t ist gesund und nachhaltig. Ich zeige Dir wie Du erfolgreich abnehmen kannst, ich habe es vorgemacht. 80 kg!","og_url":"https:\/\/superhumanoid.info\/superblog\/abnehmen-mit-der-paleo-diaet-steinzeit-diaet\/","og_site_name":"superhumanoid.info blog","article_publisher":"https:\/\/www.facebook.com\/superhumanoid.info","article_modified_time":"2015-09-20T04:48:15+00:00","og_image":[{"width":130,"height":266,"url":"https:\/\/i0.wp.com\/superhumanoid.info\/superblog\/wp-content\/uploads\/abnehmen-mit-paleo-paleo-lifestyle-power-for-everyone-pragmatiker-edition-mit-erfahrungsgarantie-3d-buch.png?fit=130%2C266&ssl=1","type":"image\/png"}],"twitter_misc":{"Gesch\u00e4tzte Lesezeit":"4\u00a0Minuten"},"schema":{"@context":"https:\/\/schema.org","@graph":[{"@type":"WebPage","@id":"https:\/\/superhumanoid.info\/superblog\/abnehmen-mit-der-paleo-diaet-steinzeit-diaet\/","url":"https:\/\/superhumanoid.info\/superblog\/abnehmen-mit-der-paleo-diaet-steinzeit-diaet\/","name":"Abnehmen mit Paleo - superhumanoid.info blog","isPartOf":{"@id":"https:\/\/superhumanoid.info\/superblog\/#website"},"primaryImageOfPage":{"@id":"https:\/\/superhumanoid.info\/superblog\/abnehmen-mit-der-paleo-diaet-steinzeit-diaet\/#primaryimage"},"image":{"@id":"https:\/\/superhumanoid.info\/superblog\/abnehmen-mit-der-paleo-diaet-steinzeit-diaet\/#primaryimage"},"thumbnailUrl":"https:\/\/i0.wp.com\/superhumanoid.info\/superblog\/wp-content\/uploads\/abnehmen-mit-paleo-paleo-lifestyle-power-for-everyone-pragmatiker-edition-mit-erfahrungsgarantie-3d-buch.png?fit=130%2C266&ssl=1","datePublished":"2014-09-21T06:04:46+00:00","dateModified":"2015-09-20T04:48:15+00:00","description":"Abnehmen mit der Paleo Di\u00e4t \/ Steinzeit Di\u00e4t ist gesund und nachhaltig. Ich zeige Dir wie Du erfolgreich abnehmen kannst, ich habe es vorgemacht. 80 kg!","breadcrumb":{"@id":"https:\/\/superhumanoid.info\/superblog\/abnehmen-mit-der-paleo-diaet-steinzeit-diaet\/#breadcrumb"},"inLanguage":"de","potentialAction":[{"@type":"ReadAction","target":["https:\/\/superhumanoid.info\/superblog\/abnehmen-mit-der-paleo-diaet-steinzeit-diaet\/"]}]},{"@type":"ImageObject","inLanguage":"de","@id":"https:\/\/superhumanoid.info\/superblog\/abnehmen-mit-der-paleo-diaet-steinzeit-diaet\/#primaryimage","url":"https:\/\/i0.wp.com\/superhumanoid.info\/superblog\/wp-content\/uploads\/abnehmen-mit-paleo-paleo-lifestyle-power-for-everyone-pragmatiker-edition-mit-erfahrungsgarantie-3d-buch.png?fit=130%2C266&ssl=1","contentUrl":"https:\/\/i0.wp.com\/superhumanoid.info\/superblog\/wp-content\/uploads\/abnehmen-mit-paleo-paleo-lifestyle-power-for-everyone-pragmatiker-edition-mit-erfahrungsgarantie-3d-buch.png?fit=130%2C266&ssl=1","width":130,"height":266,"caption":"Abnehmen mit Paleo - Paleo Lifestyle Power For Everyone Pragmatiker Edition Mit Erfahrungsgarantie"},{"@type":"BreadcrumbList","@id":"https:\/\/superhumanoid.info\/superblog\/abnehmen-mit-der-paleo-diaet-steinzeit-diaet\/#breadcrumb","itemListElement":[{"@type":"ListItem","position":1,"name":"Startseite","item":"https:\/\/superhumanoid.info\/superblog\/"},{"@type":"ListItem","position":2,"name":"Abnehmen mit Paleo"}]},{"@type":"WebSite","@id":"https:\/\/superhumanoid.info\/superblog\/#website","url":"https:\/\/superhumanoid.info\/superblog\/","name":"superhumanoid.info blog","description":"Evolution\u00e4re Gesundheit mit Paleo","publisher":{"@id":"https:\/\/superhumanoid.info\/superblog\/#organization"},"potentialAction":[{"@type":"SearchAction","target":{"@type":"EntryPoint","urlTemplate":"https:\/\/superhumanoid.info\/superblog\/?s={search_term_string}"},"query-input":{"@type":"PropertyValueSpecification","valueRequired":true,"valueName":"search_term_string"}}],"inLanguage":"de"},{"@type":"Organization","@id":"https:\/\/superhumanoid.info\/superblog\/#organization","name":"superhumanoid.info blog","url":"https:\/\/superhumanoid.info\/superblog\/","logo":{"@type":"ImageObject","inLanguage":"de","@id":"https:\/\/superhumanoid.info\/superblog\/#\/schema\/logo\/image\/","url":"https:\/\/i0.wp.com\/superhumanoid.info\/superblog\/wp-content\/uploads\/cropped-superhumanoid-info-logo-small.png?fit=260%2C60&ssl=1","contentUrl":"https:\/\/i0.wp.com\/superhumanoid.info\/superblog\/wp-content\/uploads\/cropped-superhumanoid-info-logo-small.png?fit=260%2C60&ssl=1","width":260,"height":60,"caption":"superhumanoid.info blog"},"image":{"@id":"https:\/\/superhumanoid.info\/superblog\/#\/schema\/logo\/image\/"},"sameAs":["https:\/\/www.facebook.com\/superhumanoid.info","https:\/\/x.com\/super_humanoid","http:\/\/www.instagram.com\/superhumanoid.info","http:\/\/pinterest.com\/super_humanoid","http:\/\/www.youtube.com\/SuperhumanoidInfo"]}]}},"jetpack_shortlink":"https:\/\/wp.me\/P4PQdV-7r","jetpack_sharing_enabled":true,"_links":{"self":[{"href":"https:\/\/superhumanoid.info\/superblog\/wp-json\/wp\/v2\/pages\/461","targetHints":{"allow":["GET"]}}],"collection":[{"href":"https:\/\/superhumanoid.info\/superblog\/wp-json\/wp\/v2\/pages"}],"about":[{"href":"https:\/\/superhumanoid.info\/superblog\/wp-json\/wp\/v2\/types\/page"}],"author":[{"embeddable":true,"href":"https:\/\/superhumanoid.info\/superblog\/wp-json\/wp\/v2\/users\/1"}],"replies":[{"embeddable":true,"href":"https:\/\/superhumanoid.info\/superblog\/wp-json\/wp\/v2\/comments?post=461"}],"version-history":[{"count":0,"href":"https:\/\/superhumanoid.info\/superblog\/wp-json\/wp\/v2\/pages\/461\/revisions"}],"wp:featuredmedia":[{"embeddable":true,"href":"https:\/\/superhumanoid.info\/superblog\/wp-json\/wp\/v2\/media\/1008"}],"wp:attachment":[{"href":"https:\/\/superhumanoid.info\/superblog\/wp-json\/wp\/v2\/media?parent=461"}],"curies":[{"name":"wp","href":"https:\/\/api.w.org\/{rel}","templated":true}]}}