{"id":915,"date":"2014-12-23T11:51:02","date_gmt":"2014-12-23T10:51:02","guid":{"rendered":"http:\/\/www.superhumanoid.info\/superblog\/?page_id=915"},"modified":"2020-07-27T09:40:45","modified_gmt":"2020-07-27T07:40:45","slug":"impressum","status":"publish","type":"page","link":"https:\/\/superhumanoid.info\/superblog\/impressum\/","title":{"rendered":"Impressum"},"content":{"rendered":"<p>Angaben gem\u00e4\u00df \u00a7 5 TMG:<\/p>\n<p><img data-recalc-dims=\"1\" loading=\"lazy\" decoding=\"async\" class=\" wp-image-1582\" src=\"https:\/\/i0.wp.com\/www.superhumanoid.info\/superblog\/wp-content\/uploads\/triccess_logo-200x200.png?resize=139%2C139\" alt=\"Triccess GbR Logo\" width=\"139\" height=\"139\" srcset=\"https:\/\/i0.wp.com\/superhumanoid.info\/superblog\/wp-content\/uploads\/triccess_logo.png?resize=200%2C200&amp;ssl=1 200w, https:\/\/i0.wp.com\/superhumanoid.info\/superblog\/wp-content\/uploads\/triccess_logo.png?resize=300%2C300&amp;ssl=1 300w, https:\/\/i0.wp.com\/superhumanoid.info\/superblog\/wp-content\/uploads\/triccess_logo.png?resize=50%2C50&amp;ssl=1 50w, https:\/\/i0.wp.com\/superhumanoid.info\/superblog\/wp-content\/uploads\/triccess_logo.png?w=1000&amp;ssl=1 1000w\" sizes=\"auto, (max-width: 139px) 100vw, 139px\" \/><\/p>\n<p>GbR Pawel M. Konefal\/Birgit Konefal &#8211; Triccess GbR<\/p>\n<p>Oskar-Maria-Graf-Str. 32<\/p>\n<p>85716 Unterschlei\u00dfheim<\/p>\n<p>Gesellschafter: Pawel Marian und Birgit Konefal<\/p>\n<p>Umsatzsteuer-Identifikationsnummer gem. \u00a7 27a UStG:\u00a0DE307369644<\/p>\n<h2>Kontakt:<\/h2>\n<table>\n<tbody>\n<tr>\n<td>Telefon:<\/td>\n<td>+49 173 510 66 43<\/td>\n<\/tr>\n<tr>\n<td>Telefax:<\/td>\n<td><\/td>\n<\/tr>\n<tr>\n<td>E-Mail:<\/td>\n<td>pawel.konefal@googlemail.com<\/td>\n<\/tr>\n<\/tbody>\n<\/table>\n<h2>Verantwortlich f\u00fcr den Inhalt nach \u00a7 55 Abs. 2 RStV:<\/h2>\n<p>Pawel Konefal<\/p>\n<p>Birgit Konefal<\/p>\n<p>Oskar-Maria-Graf-Str. 32<\/p>\n<p>85716 Unterschlei\u00dfheim<\/p>\n<p>Quelle: <i><a href=\"http:\/\/www.e-recht24.de\/impressum-generator.html\" rel=\"nofollow\">http:\/\/www.e-recht24.de<\/a><\/i><\/p>\n<h2>Haftungsausschluss:<\/h2>\n<p><strong>Haftung f\u00fcr Inhalte<\/strong><\/p>\n<p>Als Diensteanbieter sind wir gem\u00e4\u00df \u00a7 7 Abs.1 TMG f\u00fcr eigene Inhalte auf diesen Seiten nach den allgemeinen Gesetzen verantwortlich. Nach \u00a7\u00a7 8 bis 10 TMG sind wir als Diensteanbieter jedoch nicht verpflichtet, \u00fcbermittelte oder gespeicherte fremde Informationen zu \u00fcberwachen oder nach Umst\u00e4nden zu forschen, die auf eine rechtswidrige T\u00e4tigkeit hinweisen. Verpflichtungen zur Entfernung oder Sperrung der Nutzung von Informationen nach den allgemeinen Gesetzen bleiben hiervon unber\u00fchrt. Eine diesbez\u00fcgliche Haftung ist jedoch erst ab dem Zeitpunkt der Kenntnis einer konkreten Rechtsverletzung m\u00f6glich. Bei Bekanntwerden von entsprechenden Rechtsverletzungen werden wir diese Inhalte umgehend entfernen.<\/p>\n<p><strong>Haftung f\u00fcr Links<\/strong><\/p>\n<p>Unser Angebot enth\u00e4lt Links zu externen Webseiten Dritter, auf deren Inhalte wir keinen Einfluss haben. Deshalb k\u00f6nnen wir f\u00fcr diese fremden Inhalte auch keine Gew\u00e4hr \u00fcbernehmen. F\u00fcr die Inhalte der verlinkten Seiten ist stets der jeweilige Anbieter oder Betreiber der Seiten verantwortlich. Die verlinkten Seiten wurden zum Zeitpunkt der Verlinkung auf m\u00f6gliche Rechtsverst\u00f6\u00dfe \u00fcberpr\u00fcft. Rechtswidrige Inhalte waren zum Zeitpunkt der Verlinkung nicht erkennbar. Eine permanente inhaltliche Kontrolle der verlinkten Seiten ist jedoch ohne konkrete Anhaltspunkte einer Rechtsverletzung nicht zumutbar. Bei Bekanntwerden von Rechtsverletzungen werden wir derartige Links umgehend entfernen.<\/p>\n<p><strong>Urheberrecht<\/strong><\/p>\n<p>Die durch die Seitenbetreiber erstellten Inhalte und Werke auf diesen Seiten unterliegen dem deutschen Urheberrecht. Die Vervielf\u00e4ltigung, Bearbeitung, Verbreitung und jede Art der Verwertung au\u00dferhalb der Grenzen des Urheberrechtes bed\u00fcrfen der schriftlichen Zustimmung des jeweiligen Autors bzw. Erstellers. Downloads und Kopien dieser Seite sind nur f\u00fcr den privaten, nicht kommerziellen Gebrauch gestattet. Soweit die Inhalte auf dieser Seite nicht vom Betreiber erstellt wurden, werden die Urheberrechte Dritter beachtet. Insbesondere werden Inhalte Dritter als solche gekennzeichnet. Sollten Sie trotzdem auf eine Urheberrechtsverletzung aufmerksam werden, bitten wir um einen entsprechenden Hinweis. Bei Bekanntwerden von Rechtsverletzungen werden wir derartige Inhalte umgehend entfernen.<\/p>\n<p><i>Quellverweis: <a href=\"http:\/\/www.e-recht24.de\/muster-disclaimer.htm\" target=\"_blank\" rel=\"nofollow noopener noreferrer\">eRecht24 Disclaimer<\/a><\/i><\/p>\n<h3>Bilder-Urheberangaben<\/h3>\n<p>@ pixabay.com<br \/>\n@ amazon.de<br \/>\n@ amazon.com<br \/>\n@ thestartuplegitimizer.com<br \/>\n@ pixabay.com<br \/>\n@ thestocks.im<br \/>\n@ allthefreestock.com<br \/>\n@\u00a0canva.com<br \/>\n@\u00a0pablo.buffer.com<\/p>\n<h3 id=\"geltung\">Das Impressum gilt auch f\u00fcr folgende Onlinepr\u00e4senzen:<\/h3>\n<p>https:\/\/www.facebook.com\/superhumanoid.info<br \/>\nhttps:\/\/www.facebook.com\/abnehmen.mit.paleo<br \/>\nhttps:\/\/www.facebook.com\/paleo.gehirn.pflege.buch<br \/>\nhttps:\/\/plus.google.com\/+SuperhumanoidInfo<br \/>\n<a class=\"twitter-timeline\" data-width=\"500\" data-height=\"750\" data-dnt=\"true\" href=\"https:\/\/twitter.com\/super_humanoid?ref_src=twsrc%5Etfw\">Tweets by super_humanoid<\/a><script async src=\"https:\/\/platform.twitter.com\/widgets.js\" charset=\"utf-8\"><\/script><br \/>\nhttps:\/\/www.instagram.com\/superhumanoid.info<br \/>\n<a data-pin-do=\"embedUser\" href=\"https:\/\/de.pinterest.com\/super_humanoid\"><\/a><br \/>\nhttps:\/\/www.youtube.com\/user\/SuperhumanoidInfo<br \/>\nhttps:\/\/vimeo.com\/user36692207<br \/>\nhttp:\/\/www.dailymotion.com\/superhumanoid-info-paleo<br \/>\nhttp:\/\/abnehmen-paleo.de<br \/>\nhttp:\/\/paleo-gehirn-pflege-guide.de<br \/>\nhttp:\/\/rezeptebuch.abnehmen-paleo.de<br \/>\nhttp:\/\/gratisrezepte.abnehmen-paleo.de<br \/>\nhttp:\/\/highperformerkurs.superhumanoid.de<\/p>\n","protected":false},"excerpt":{"rendered":"<p>Angaben gem\u00e4\u00df \u00a7 5 TMG: GbR Pawel M. Konefal\/Birgit Konefal &#8211; Triccess GbR Oskar-Maria-Graf-Str. 32 85716 Unterschlei\u00dfheim Gesellschafter: Pawel Marian und Birgit Konefal Umsatzsteuer-Identifikationsnummer gem. \u00a7 27a UStG:\u00a0DE307369644 Kontakt: Telefon:&#8230;<\/p>\n","protected":false},"author":1,"featured_media":0,"parent":0,"menu_order":0,"comment_status":"open","ping_status":"open","template":"","meta":{"jetpack_post_was_ever_published":false,"footnotes":"","_links_to":"","_links_to_target":""},"class_list":["post-915","page","type-page","status-publish","hentry","entry"],"yoast_head":"<!-- This site is optimized with the Yoast SEO plugin v27.3 - https:\/\/yoast.com\/product\/yoast-seo-wordpress\/ -->\n<title>Impressum - superhumanoid.info blog<\/title>\n<meta name=\"robots\" content=\"index, follow, max-snippet:-1, max-image-preview:large, max-video-preview:-1\" \/>\n<link rel=\"canonical\" href=\"https:\/\/superhumanoid.info\/superblog\/impressum\/\" \/>\n<meta property=\"og:locale\" content=\"de_DE\" \/>\n<meta property=\"og:type\" content=\"article\" \/>\n<meta property=\"og:title\" content=\"Impressum - superhumanoid.info blog\" \/>\n<meta property=\"og:description\" content=\"Angaben gem\u00e4\u00df \u00a7 5 TMG: GbR Pawel M. Konefal\/Birgit Konefal &#8211; Triccess GbR Oskar-Maria-Graf-Str. 32 85716 Unterschlei\u00dfheim Gesellschafter: Pawel Marian und Birgit Konefal Umsatzsteuer-Identifikationsnummer gem. \u00a7 27a UStG:\u00a0DE307369644 Kontakt: Telefon:&#8230;\" \/>\n<meta property=\"og:url\" content=\"https:\/\/superhumanoid.info\/superblog\/impressum\/\" \/>\n<meta property=\"og:site_name\" content=\"superhumanoid.info blog\" \/>\n<meta property=\"article:publisher\" content=\"https:\/\/www.facebook.com\/superhumanoid.info\" \/>\n<meta property=\"article:modified_time\" content=\"2020-07-27T07:40:45+00:00\" \/>\n<meta property=\"og:image\" content=\"http:\/\/www.superhumanoid.info\/superblog\/wp-content\/uploads\/triccess_logo-200x200.png\" \/>\n<meta name=\"twitter:label1\" content=\"Gesch\u00e4tzte Lesezeit\" \/>\n\t<meta name=\"twitter:data1\" content=\"2\u00a0Minuten\" \/>\n<script type=\"application\/ld+json\" class=\"yoast-schema-graph\">{\"@context\":\"https:\\\/\\\/schema.org\",\"@graph\":[{\"@type\":\"WebPage\",\"@id\":\"https:\\\/\\\/superhumanoid.info\\\/superblog\\\/impressum\\\/\",\"url\":\"https:\\\/\\\/superhumanoid.info\\\/superblog\\\/impressum\\\/\",\"name\":\"Impressum - superhumanoid.info blog\",\"isPartOf\":{\"@id\":\"https:\\\/\\\/superhumanoid.info\\\/superblog\\\/#website\"},\"primaryImageOfPage\":{\"@id\":\"https:\\\/\\\/superhumanoid.info\\\/superblog\\\/impressum\\\/#primaryimage\"},\"image\":{\"@id\":\"https:\\\/\\\/superhumanoid.info\\\/superblog\\\/impressum\\\/#primaryimage\"},\"thumbnailUrl\":\"http:\\\/\\\/www.superhumanoid.info\\\/superblog\\\/wp-content\\\/uploads\\\/triccess_logo-200x200.png\",\"datePublished\":\"2014-12-23T10:51:02+00:00\",\"dateModified\":\"2020-07-27T07:40:45+00:00\",\"breadcrumb\":{\"@id\":\"https:\\\/\\\/superhumanoid.info\\\/superblog\\\/impressum\\\/#breadcrumb\"},\"inLanguage\":\"de\",\"potentialAction\":[{\"@type\":\"ReadAction\",\"target\":[\"https:\\\/\\\/superhumanoid.info\\\/superblog\\\/impressum\\\/\"]}]},{\"@type\":\"ImageObject\",\"inLanguage\":\"de\",\"@id\":\"https:\\\/\\\/superhumanoid.info\\\/superblog\\\/impressum\\\/#primaryimage\",\"url\":\"http:\\\/\\\/www.superhumanoid.info\\\/superblog\\\/wp-content\\\/uploads\\\/triccess_logo-200x200.png\",\"contentUrl\":\"http:\\\/\\\/www.superhumanoid.info\\\/superblog\\\/wp-content\\\/uploads\\\/triccess_logo-200x200.png\"},{\"@type\":\"BreadcrumbList\",\"@id\":\"https:\\\/\\\/superhumanoid.info\\\/superblog\\\/impressum\\\/#breadcrumb\",\"itemListElement\":[{\"@type\":\"ListItem\",\"position\":1,\"name\":\"Startseite\",\"item\":\"https:\\\/\\\/superhumanoid.info\\\/superblog\\\/\"},{\"@type\":\"ListItem\",\"position\":2,\"name\":\"Impressum\"}]},{\"@type\":\"WebSite\",\"@id\":\"https:\\\/\\\/superhumanoid.info\\\/superblog\\\/#website\",\"url\":\"https:\\\/\\\/superhumanoid.info\\\/superblog\\\/\",\"name\":\"superhumanoid.info blog\",\"description\":\"Evolution\u00e4re Gesundheit mit Paleo\",\"publisher\":{\"@id\":\"https:\\\/\\\/superhumanoid.info\\\/superblog\\\/#organization\"},\"potentialAction\":[{\"@type\":\"SearchAction\",\"target\":{\"@type\":\"EntryPoint\",\"urlTemplate\":\"https:\\\/\\\/superhumanoid.info\\\/superblog\\\/?s={search_term_string}\"},\"query-input\":{\"@type\":\"PropertyValueSpecification\",\"valueRequired\":true,\"valueName\":\"search_term_string\"}}],\"inLanguage\":\"de\"},{\"@type\":\"Organization\",\"@id\":\"https:\\\/\\\/superhumanoid.info\\\/superblog\\\/#organization\",\"name\":\"superhumanoid.info blog\",\"url\":\"https:\\\/\\\/superhumanoid.info\\\/superblog\\\/\",\"logo\":{\"@type\":\"ImageObject\",\"inLanguage\":\"de\",\"@id\":\"https:\\\/\\\/superhumanoid.info\\\/superblog\\\/#\\\/schema\\\/logo\\\/image\\\/\",\"url\":\"https:\\\/\\\/i0.wp.com\\\/superhumanoid.info\\\/superblog\\\/wp-content\\\/uploads\\\/cropped-superhumanoid-info-logo-small.png?fit=260%2C60&ssl=1\",\"contentUrl\":\"https:\\\/\\\/i0.wp.com\\\/superhumanoid.info\\\/superblog\\\/wp-content\\\/uploads\\\/cropped-superhumanoid-info-logo-small.png?fit=260%2C60&ssl=1\",\"width\":260,\"height\":60,\"caption\":\"superhumanoid.info blog\"},\"image\":{\"@id\":\"https:\\\/\\\/superhumanoid.info\\\/superblog\\\/#\\\/schema\\\/logo\\\/image\\\/\"},\"sameAs\":[\"https:\\\/\\\/www.facebook.com\\\/superhumanoid.info\",\"https:\\\/\\\/x.com\\\/super_humanoid\",\"http:\\\/\\\/www.instagram.com\\\/superhumanoid.info\",\"http:\\\/\\\/pinterest.com\\\/super_humanoid\",\"http:\\\/\\\/www.youtube.com\\\/SuperhumanoidInfo\"]}]}<\/script>\n<!-- \/ Yoast SEO plugin. -->","yoast_head_json":{"title":"Impressum - superhumanoid.info blog","robots":{"index":"index","follow":"follow","max-snippet":"max-snippet:-1","max-image-preview":"max-image-preview:large","max-video-preview":"max-video-preview:-1"},"canonical":"https:\/\/superhumanoid.info\/superblog\/impressum\/","og_locale":"de_DE","og_type":"article","og_title":"Impressum - superhumanoid.info blog","og_description":"Angaben gem\u00e4\u00df \u00a7 5 TMG: GbR Pawel M. Konefal\/Birgit Konefal &#8211; Triccess GbR Oskar-Maria-Graf-Str. 32 85716 Unterschlei\u00dfheim Gesellschafter: Pawel Marian und Birgit Konefal Umsatzsteuer-Identifikationsnummer gem. \u00a7 27a UStG:\u00a0DE307369644 Kontakt: Telefon:&#8230;","og_url":"https:\/\/superhumanoid.info\/superblog\/impressum\/","og_site_name":"superhumanoid.info blog","article_publisher":"https:\/\/www.facebook.com\/superhumanoid.info","article_modified_time":"2020-07-27T07:40:45+00:00","og_image":[{"url":"http:\/\/www.superhumanoid.info\/superblog\/wp-content\/uploads\/triccess_logo-200x200.png","type":"","width":"","height":""}],"twitter_misc":{"Gesch\u00e4tzte Lesezeit":"2\u00a0Minuten"},"schema":{"@context":"https:\/\/schema.org","@graph":[{"@type":"WebPage","@id":"https:\/\/superhumanoid.info\/superblog\/impressum\/","url":"https:\/\/superhumanoid.info\/superblog\/impressum\/","name":"Impressum - superhumanoid.info blog","isPartOf":{"@id":"https:\/\/superhumanoid.info\/superblog\/#website"},"primaryImageOfPage":{"@id":"https:\/\/superhumanoid.info\/superblog\/impressum\/#primaryimage"},"image":{"@id":"https:\/\/superhumanoid.info\/superblog\/impressum\/#primaryimage"},"thumbnailUrl":"http:\/\/www.superhumanoid.info\/superblog\/wp-content\/uploads\/triccess_logo-200x200.png","datePublished":"2014-12-23T10:51:02+00:00","dateModified":"2020-07-27T07:40:45+00:00","breadcrumb":{"@id":"https:\/\/superhumanoid.info\/superblog\/impressum\/#breadcrumb"},"inLanguage":"de","potentialAction":[{"@type":"ReadAction","target":["https:\/\/superhumanoid.info\/superblog\/impressum\/"]}]},{"@type":"ImageObject","inLanguage":"de","@id":"https:\/\/superhumanoid.info\/superblog\/impressum\/#primaryimage","url":"http:\/\/www.superhumanoid.info\/superblog\/wp-content\/uploads\/triccess_logo-200x200.png","contentUrl":"http:\/\/www.superhumanoid.info\/superblog\/wp-content\/uploads\/triccess_logo-200x200.png"},{"@type":"BreadcrumbList","@id":"https:\/\/superhumanoid.info\/superblog\/impressum\/#breadcrumb","itemListElement":[{"@type":"ListItem","position":1,"name":"Startseite","item":"https:\/\/superhumanoid.info\/superblog\/"},{"@type":"ListItem","position":2,"name":"Impressum"}]},{"@type":"WebSite","@id":"https:\/\/superhumanoid.info\/superblog\/#website","url":"https:\/\/superhumanoid.info\/superblog\/","name":"superhumanoid.info blog","description":"Evolution\u00e4re Gesundheit mit Paleo","publisher":{"@id":"https:\/\/superhumanoid.info\/superblog\/#organization"},"potentialAction":[{"@type":"SearchAction","target":{"@type":"EntryPoint","urlTemplate":"https:\/\/superhumanoid.info\/superblog\/?s={search_term_string}"},"query-input":{"@type":"PropertyValueSpecification","valueRequired":true,"valueName":"search_term_string"}}],"inLanguage":"de"},{"@type":"Organization","@id":"https:\/\/superhumanoid.info\/superblog\/#organization","name":"superhumanoid.info blog","url":"https:\/\/superhumanoid.info\/superblog\/","logo":{"@type":"ImageObject","inLanguage":"de","@id":"https:\/\/superhumanoid.info\/superblog\/#\/schema\/logo\/image\/","url":"https:\/\/i0.wp.com\/superhumanoid.info\/superblog\/wp-content\/uploads\/cropped-superhumanoid-info-logo-small.png?fit=260%2C60&ssl=1","contentUrl":"https:\/\/i0.wp.com\/superhumanoid.info\/superblog\/wp-content\/uploads\/cropped-superhumanoid-info-logo-small.png?fit=260%2C60&ssl=1","width":260,"height":60,"caption":"superhumanoid.info blog"},"image":{"@id":"https:\/\/superhumanoid.info\/superblog\/#\/schema\/logo\/image\/"},"sameAs":["https:\/\/www.facebook.com\/superhumanoid.info","https:\/\/x.com\/super_humanoid","http:\/\/www.instagram.com\/superhumanoid.info","http:\/\/pinterest.com\/super_humanoid","http:\/\/www.youtube.com\/SuperhumanoidInfo"]}]}},"jetpack_shortlink":"https:\/\/wp.me\/P4PQdV-eL","jetpack_sharing_enabled":true,"_links":{"self":[{"href":"https:\/\/superhumanoid.info\/superblog\/wp-json\/wp\/v2\/pages\/915","targetHints":{"allow":["GET"]}}],"collection":[{"href":"https:\/\/superhumanoid.info\/superblog\/wp-json\/wp\/v2\/pages"}],"about":[{"href":"https:\/\/superhumanoid.info\/superblog\/wp-json\/wp\/v2\/types\/page"}],"author":[{"embeddable":true,"href":"https:\/\/superhumanoid.info\/superblog\/wp-json\/wp\/v2\/users\/1"}],"replies":[{"embeddable":true,"href":"https:\/\/superhumanoid.info\/superblog\/wp-json\/wp\/v2\/comments?post=915"}],"version-history":[{"count":0,"href":"https:\/\/superhumanoid.info\/superblog\/wp-json\/wp\/v2\/pages\/915\/revisions"}],"wp:attachment":[{"href":"https:\/\/superhumanoid.info\/superblog\/wp-json\/wp\/v2\/media?parent=915"}],"curies":[{"name":"wp","href":"https:\/\/api.w.org\/{rel}","templated":true}]}}