{"id":917,"date":"2014-12-23T11:57:53","date_gmt":"2014-12-23T10:57:53","guid":{"rendered":"http:\/\/www.superhumanoid.info\/superblog\/?page_id=917"},"modified":"2014-12-23T11:57:53","modified_gmt":"2014-12-23T10:57:53","slug":"haftungsausschluss","status":"publish","type":"page","link":"https:\/\/superhumanoid.info\/superblog\/impressum\/haftungsausschluss\/","title":{"rendered":"Haftungsausschluss"},"content":{"rendered":"<p>Die auf superhumanoid.info bereitgestellten Informationen sind ausschlie\u00dflich zu Informationszwecken bestimmt und ersetzen in keinem Falle eine pers\u00f6nliche Beratung und Diagnostik von Sportmedizinern, sonstigen Medizinern und Sportwissenschaftlern. Die auf unseren Internetseiten zur Verf\u00fcgung gestellten Inhalte werden nach bestem Wissen und Gewissen nach dem Stand von Wissenschaft und Forschung erstellt. Da der Inhalt der jedoch lediglich der allgemeinen Information dient, ist die Geltendmachung des Ersatzes von Sch\u00e4den oder Unannehmlichkeiten, die durch den Gebrauch oder Missbrauch dieser Informationen, direkt oder indirekt, mittelbar oder unmittelbar, entstehen, ausgeschlossen.<\/p>\n<p>Birgit Konefal und Pawel Konefal \u00fcbernehmen des Weiteren keine Gew\u00e4hrleistung f\u00fcr die Vollst\u00e4ndigkeit, Richtigkeit, Genauigkeit und Aktualit\u00e4t der Inhalte auf diesen Webseiten. Mit dem Einstellen eines Beitrags r\u00e4umt der Verfasser der superhumanoid.info die Nutzungsrechte daran ein. Wir behalten uns vor, Beitr\u00e4ge in Einzelf\u00e4llen zu l\u00f6schen, insbesondere wenn diese gewerbliche Inhalte haben, beleidigend bzw. in der Wortwahl inakzeptabel sind oder allgemein gegen die Menschenw\u00fcrde bzw. geltendes Recht versto\u00dfen. Dies gilt insbesondere f\u00fcr Beitr\u00e4ge, die Gewaltt\u00e4tigkeiten, den sexuellen Missbrauch von Kindern oder sexuelle Handlungen von Menschen mit Tieren zum Gegenstand haben (\u00a7 184 StGB).<\/p>\n<p>Trotz sorgf\u00e4ltiger Kontrolle \u00fcbernehmen wir keine Haftung f\u00fcr die Inhalte externer Links. F\u00fcr die Inhalte externer Links sind ausschlie\u00dflich deren Betreiber verantwortlich. Gleiches gilt f\u00fcr alle Verbindungen, auf die diese Webseite direkt oder indirekt verweist. superhumanoid.info ist f\u00fcr den Inhalt einer Seite, die mit einem solchen Link erreicht wird, nicht verantwortlich. Namentlich gekennzeichnete Beitr\u00e4ge geben die Meinung des Urhebers, nicht aber (unbedingt) die Meinung der Redaktion wieder. superhumanoid.info beh\u00e4lt sich das Recht vor, ohne vorherige Ank\u00fcndigung \u00c4nderungen oder Erg\u00e4nzungen der bereit gestellten Informationen vorzunehmen.<\/p>\n<p>Der Inhalt dieser Webseite ist urheberrechtlich gesch\u00fctzt. Jegliche Vervielf\u00e4ltigung, \u00f6ffentliche Wiedergabe oder sonstige, insbesondere kommerzielle Verwertung ist unzul\u00e4ssig, wenn nicht die Redaktion von superhumanoid.info hierzu zuvor ihre ausdr\u00fcckliche schriftliche Genehmigung erteilt hat.<\/p>\n","protected":false},"excerpt":{"rendered":"<p>Die auf superhumanoid.info bereitgestellten Informationen sind ausschlie\u00dflich zu Informationszwecken bestimmt und ersetzen in keinem Falle eine pers\u00f6nliche Beratung und Diagnostik von Sportmedizinern, sonstigen Medizinern und Sportwissenschaftlern. Die auf unseren Internetseiten&#8230;<\/p>\n","protected":false},"author":1,"featured_media":0,"parent":915,"menu_order":0,"comment_status":"open","ping_status":"open","template":"","meta":{"jetpack_post_was_ever_published":false,"footnotes":"","_links_to":"","_links_to_target":""},"class_list":["post-917","page","type-page","status-publish","hentry","entry"],"yoast_head":"<!-- This site is optimized with the Yoast SEO plugin v27.2 - https:\/\/yoast.com\/product\/yoast-seo-wordpress\/ -->\n<title>Haftungsausschluss - superhumanoid.info blog<\/title>\n<meta name=\"description\" content=\"Haftungsausschluss\" \/>\n<meta name=\"robots\" content=\"index, follow, max-snippet:-1, max-image-preview:large, max-video-preview:-1\" \/>\n<link rel=\"canonical\" href=\"https:\/\/superhumanoid.info\/superblog\/impressum\/haftungsausschluss\/\" \/>\n<meta property=\"og:locale\" content=\"de_DE\" \/>\n<meta property=\"og:type\" content=\"article\" \/>\n<meta property=\"og:title\" content=\"Haftungsausschluss - superhumanoid.info blog\" \/>\n<meta property=\"og:description\" content=\"Haftungsausschluss\" \/>\n<meta property=\"og:url\" content=\"https:\/\/superhumanoid.info\/superblog\/impressum\/haftungsausschluss\/\" \/>\n<meta property=\"og:site_name\" content=\"superhumanoid.info blog\" \/>\n<meta property=\"article:publisher\" content=\"https:\/\/www.facebook.com\/superhumanoid.info\" \/>\n<meta name=\"twitter:label1\" content=\"Gesch\u00e4tzte Lesezeit\" \/>\n\t<meta name=\"twitter:data1\" content=\"2\u00a0Minuten\" \/>\n<script type=\"application\/ld+json\" class=\"yoast-schema-graph\">{\"@context\":\"https:\/\/schema.org\",\"@graph\":[{\"@type\":\"WebPage\",\"@id\":\"https:\/\/superhumanoid.info\/superblog\/impressum\/haftungsausschluss\/\",\"url\":\"https:\/\/superhumanoid.info\/superblog\/impressum\/haftungsausschluss\/\",\"name\":\"Haftungsausschluss - superhumanoid.info blog\",\"isPartOf\":{\"@id\":\"https:\/\/superhumanoid.info\/superblog\/#website\"},\"datePublished\":\"2014-12-23T10:57:53+00:00\",\"description\":\"Haftungsausschluss\",\"breadcrumb\":{\"@id\":\"https:\/\/superhumanoid.info\/superblog\/impressum\/haftungsausschluss\/#breadcrumb\"},\"inLanguage\":\"de\",\"potentialAction\":[{\"@type\":\"ReadAction\",\"target\":[\"https:\/\/superhumanoid.info\/superblog\/impressum\/haftungsausschluss\/\"]}]},{\"@type\":\"BreadcrumbList\",\"@id\":\"https:\/\/superhumanoid.info\/superblog\/impressum\/haftungsausschluss\/#breadcrumb\",\"itemListElement\":[{\"@type\":\"ListItem\",\"position\":1,\"name\":\"Startseite\",\"item\":\"https:\/\/superhumanoid.info\/superblog\/\"},{\"@type\":\"ListItem\",\"position\":2,\"name\":\"Impressum\",\"item\":\"https:\/\/superhumanoid.info\/superblog\/impressum\/\"},{\"@type\":\"ListItem\",\"position\":3,\"name\":\"Haftungsausschluss\"}]},{\"@type\":\"WebSite\",\"@id\":\"https:\/\/superhumanoid.info\/superblog\/#website\",\"url\":\"https:\/\/superhumanoid.info\/superblog\/\",\"name\":\"superhumanoid.info blog\",\"description\":\"Evolution\u00e4re Gesundheit mit Paleo\",\"publisher\":{\"@id\":\"https:\/\/superhumanoid.info\/superblog\/#organization\"},\"potentialAction\":[{\"@type\":\"SearchAction\",\"target\":{\"@type\":\"EntryPoint\",\"urlTemplate\":\"https:\/\/superhumanoid.info\/superblog\/?s={search_term_string}\"},\"query-input\":{\"@type\":\"PropertyValueSpecification\",\"valueRequired\":true,\"valueName\":\"search_term_string\"}}],\"inLanguage\":\"de\"},{\"@type\":\"Organization\",\"@id\":\"https:\/\/superhumanoid.info\/superblog\/#organization\",\"name\":\"superhumanoid.info blog\",\"url\":\"https:\/\/superhumanoid.info\/superblog\/\",\"logo\":{\"@type\":\"ImageObject\",\"inLanguage\":\"de\",\"@id\":\"https:\/\/superhumanoid.info\/superblog\/#\/schema\/logo\/image\/\",\"url\":\"https:\/\/i0.wp.com\/superhumanoid.info\/superblog\/wp-content\/uploads\/cropped-superhumanoid-info-logo-small.png?fit=260%2C60&ssl=1\",\"contentUrl\":\"https:\/\/i0.wp.com\/superhumanoid.info\/superblog\/wp-content\/uploads\/cropped-superhumanoid-info-logo-small.png?fit=260%2C60&ssl=1\",\"width\":260,\"height\":60,\"caption\":\"superhumanoid.info blog\"},\"image\":{\"@id\":\"https:\/\/superhumanoid.info\/superblog\/#\/schema\/logo\/image\/\"},\"sameAs\":[\"https:\/\/www.facebook.com\/superhumanoid.info\",\"https:\/\/x.com\/super_humanoid\",\"http:\/\/www.instagram.com\/superhumanoid.info\",\"http:\/\/pinterest.com\/super_humanoid\",\"http:\/\/www.youtube.com\/SuperhumanoidInfo\"]}]}<\/script>\n<!-- \/ Yoast SEO plugin. -->","yoast_head_json":{"title":"Haftungsausschluss - superhumanoid.info blog","description":"Haftungsausschluss","robots":{"index":"index","follow":"follow","max-snippet":"max-snippet:-1","max-image-preview":"max-image-preview:large","max-video-preview":"max-video-preview:-1"},"canonical":"https:\/\/superhumanoid.info\/superblog\/impressum\/haftungsausschluss\/","og_locale":"de_DE","og_type":"article","og_title":"Haftungsausschluss - superhumanoid.info blog","og_description":"Haftungsausschluss","og_url":"https:\/\/superhumanoid.info\/superblog\/impressum\/haftungsausschluss\/","og_site_name":"superhumanoid.info blog","article_publisher":"https:\/\/www.facebook.com\/superhumanoid.info","twitter_misc":{"Gesch\u00e4tzte Lesezeit":"2\u00a0Minuten"},"schema":{"@context":"https:\/\/schema.org","@graph":[{"@type":"WebPage","@id":"https:\/\/superhumanoid.info\/superblog\/impressum\/haftungsausschluss\/","url":"https:\/\/superhumanoid.info\/superblog\/impressum\/haftungsausschluss\/","name":"Haftungsausschluss - superhumanoid.info blog","isPartOf":{"@id":"https:\/\/superhumanoid.info\/superblog\/#website"},"datePublished":"2014-12-23T10:57:53+00:00","description":"Haftungsausschluss","breadcrumb":{"@id":"https:\/\/superhumanoid.info\/superblog\/impressum\/haftungsausschluss\/#breadcrumb"},"inLanguage":"de","potentialAction":[{"@type":"ReadAction","target":["https:\/\/superhumanoid.info\/superblog\/impressum\/haftungsausschluss\/"]}]},{"@type":"BreadcrumbList","@id":"https:\/\/superhumanoid.info\/superblog\/impressum\/haftungsausschluss\/#breadcrumb","itemListElement":[{"@type":"ListItem","position":1,"name":"Startseite","item":"https:\/\/superhumanoid.info\/superblog\/"},{"@type":"ListItem","position":2,"name":"Impressum","item":"https:\/\/superhumanoid.info\/superblog\/impressum\/"},{"@type":"ListItem","position":3,"name":"Haftungsausschluss"}]},{"@type":"WebSite","@id":"https:\/\/superhumanoid.info\/superblog\/#website","url":"https:\/\/superhumanoid.info\/superblog\/","name":"superhumanoid.info blog","description":"Evolution\u00e4re Gesundheit mit Paleo","publisher":{"@id":"https:\/\/superhumanoid.info\/superblog\/#organization"},"potentialAction":[{"@type":"SearchAction","target":{"@type":"EntryPoint","urlTemplate":"https:\/\/superhumanoid.info\/superblog\/?s={search_term_string}"},"query-input":{"@type":"PropertyValueSpecification","valueRequired":true,"valueName":"search_term_string"}}],"inLanguage":"de"},{"@type":"Organization","@id":"https:\/\/superhumanoid.info\/superblog\/#organization","name":"superhumanoid.info blog","url":"https:\/\/superhumanoid.info\/superblog\/","logo":{"@type":"ImageObject","inLanguage":"de","@id":"https:\/\/superhumanoid.info\/superblog\/#\/schema\/logo\/image\/","url":"https:\/\/i0.wp.com\/superhumanoid.info\/superblog\/wp-content\/uploads\/cropped-superhumanoid-info-logo-small.png?fit=260%2C60&ssl=1","contentUrl":"https:\/\/i0.wp.com\/superhumanoid.info\/superblog\/wp-content\/uploads\/cropped-superhumanoid-info-logo-small.png?fit=260%2C60&ssl=1","width":260,"height":60,"caption":"superhumanoid.info blog"},"image":{"@id":"https:\/\/superhumanoid.info\/superblog\/#\/schema\/logo\/image\/"},"sameAs":["https:\/\/www.facebook.com\/superhumanoid.info","https:\/\/x.com\/super_humanoid","http:\/\/www.instagram.com\/superhumanoid.info","http:\/\/pinterest.com\/super_humanoid","http:\/\/www.youtube.com\/SuperhumanoidInfo"]}]}},"jetpack_shortlink":"https:\/\/wp.me\/P4PQdV-eN","jetpack_sharing_enabled":true,"_links":{"self":[{"href":"https:\/\/superhumanoid.info\/superblog\/wp-json\/wp\/v2\/pages\/917","targetHints":{"allow":["GET"]}}],"collection":[{"href":"https:\/\/superhumanoid.info\/superblog\/wp-json\/wp\/v2\/pages"}],"about":[{"href":"https:\/\/superhumanoid.info\/superblog\/wp-json\/wp\/v2\/types\/page"}],"author":[{"embeddable":true,"href":"https:\/\/superhumanoid.info\/superblog\/wp-json\/wp\/v2\/users\/1"}],"replies":[{"embeddable":true,"href":"https:\/\/superhumanoid.info\/superblog\/wp-json\/wp\/v2\/comments?post=917"}],"version-history":[{"count":0,"href":"https:\/\/superhumanoid.info\/superblog\/wp-json\/wp\/v2\/pages\/917\/revisions"}],"up":[{"embeddable":true,"href":"https:\/\/superhumanoid.info\/superblog\/wp-json\/wp\/v2\/pages\/915"}],"wp:attachment":[{"href":"https:\/\/superhumanoid.info\/superblog\/wp-json\/wp\/v2\/media?parent=917"}],"curies":[{"name":"wp","href":"https:\/\/api.w.org\/{rel}","templated":true}]}}